{"id":51805,"date":"2016-06-04T11:39:33","date_gmt":"2016-06-04T09:39:33","guid":{"rendered":"https:\/\/vit2gostg.wpenginepowered.com\/shop\/the-crusher\/"},"modified":"2025-06-11T12:56:18","modified_gmt":"2025-06-11T10:56:18","slug":"the-crusher","status":"publish","type":"product","link":"https:\/\/vit2go.net\/nl\/shop\/the-crusher\/","title":{"rendered":"The Crusher<span class ='product_nickname'>  1 x Energy 30-pack + 1 x Drink Recovery 10-pack<\/span>"},"content":{"rendered":"<p>Bereik topprestaties met onze <strong>ENERGY<\/strong> en <strong>DRINK RECOVERY<\/strong> duo!<br \/>\n<strong>ENERGY<\/strong> levert een fysieke en mentale boost, terwijl <strong>DRINK RECOVERY<\/strong> elektrolyten aanvult voor optimale rehydratie.<br \/>\nHaal het beste uit jezelf, herstel sneller en ga elke uitdaging aan met deze krachtige combinatie!<\/p>\n<p><em><strong>Let op:<\/strong> Elk zakje bevat de aanbevolen dagelijkse hoeveelheid vitaminen. Gebruik daarom niet meer dan \u00e9\u00e9n zakje per dag van elk product.<\/em><\/p>\n","protected":false},"excerpt":{"rendered":"<p>Bereik topprestaties met onze <strong>ENERGY<\/strong> en <strong>DRINK RECOVERY<\/strong> duo!<br \/>\n<strong>ENERGY<\/strong> levert een fysieke en mentale boost, terwijl <strong>DRINK RECOVERY<\/strong> elektrolyten aanvult voor optimale rehydratie.<br \/>\nHaal het beste uit jezelf, herstel sneller en ga elke uitdaging aan met deze krachtige combinatie!<\/p>\n<p><em><strong>Let op:<\/strong> Elk zakje bevat de aanbevolen dagelijkse hoeveelheid vitaminen. Gebruik daarom niet meer dan \u00e9\u00e9n zakje per dag van elk product.<\/em><\/p>\n<div class=\"ch_list_short\">\n<div class=\"ch_list_short_item\"><span style=\"font-size: 12pt;\"><img decoding=\"async\" class=\"wp-image-29386 alignleft\" src=\"https:\/\/vit2go.net\/wp-content\/uploads\/2016\/07\/yellow-tick.png\" alt=\"\" width=\"14\" height=\"11\" srcset=\"https:\/\/vit2go.net\/wp-content\/uploads\/2016\/07\/yellow-tick.png 54w, https:\/\/vit2go.net\/wp-content\/uploads\/2016\/07\/yellow-tick-42x33.png 42w\" sizes=\"(max-width: 14px) 100vw, 14px\" \/>Krachtige combinatie van actieve ingredi\u00ebnten voor energie en concentratie<\/span><\/div>\n<div class=\"ch_list_short_item\"><span style=\"font-size: 12pt;\"><img decoding=\"async\" class=\"wp-image-29386 alignleft\" src=\"https:\/\/vit2go.net\/wp-content\/uploads\/2016\/07\/yellow-tick.png\" alt=\"\" width=\"14\" height=\"11\" srcset=\"https:\/\/vit2go.net\/wp-content\/uploads\/2016\/07\/yellow-tick.png 54w, https:\/\/vit2go.net\/wp-content\/uploads\/2016\/07\/yellow-tick-42x33.png 42w\" sizes=\"(max-width: 14px) 100vw, 14px\" \/>Helpt vermoeidheid en uitputting te verminderen<\/span><\/div>\n<div class=\"ch_list_short_item\"><span style=\"font-size: 12pt;\"><img decoding=\"async\" class=\"wp-image-29386 alignleft\" src=\"https:\/\/vit2go.net\/wp-content\/uploads\/2016\/07\/yellow-tick.png\" alt=\"\" width=\"14\" height=\"11\" srcset=\"https:\/\/vit2go.net\/wp-content\/uploads\/2016\/07\/yellow-tick.png 54w, https:\/\/vit2go.net\/wp-content\/uploads\/2016\/07\/yellow-tick-42x33.png 42w\" sizes=\"(max-width: 14px) 100vw, 14px\" \/>100% vegan<\/span><\/div>\n<div class=\"ch_list_short_item\"><span style=\"font-size: 12pt;\"><img decoding=\"async\" class=\"wp-image-29386 alignleft\" src=\"https:\/\/vit2go.net\/wp-content\/uploads\/2016\/07\/yellow-tick.png\" alt=\"\" width=\"14\" height=\"11\" srcset=\"https:\/\/vit2go.net\/wp-content\/uploads\/2016\/07\/yellow-tick.png 54w, https:\/\/vit2go.net\/wp-content\/uploads\/2016\/07\/yellow-tick-42x33.png 42w\" sizes=\"(max-width: 14px) 100vw, 14px\" \/>Voor een frisse start na een lange avond<\/span><\/div>\n<div class=\"ch_list_short_item\"><span style=\"font-size: 12pt;\"><img decoding=\"async\" class=\"wp-image-29386 alignleft\" src=\"https:\/\/vit2go.net\/wp-content\/uploads\/2016\/07\/yellow-tick.png\" alt=\"\" width=\"14\" height=\"11\" srcset=\"https:\/\/vit2go.net\/wp-content\/uploads\/2016\/07\/yellow-tick.png 54w, https:\/\/vit2go.net\/wp-content\/uploads\/2016\/07\/yellow-tick-42x33.png 42w\" sizes=\"(max-width: 14px) 100vw, 14px\" \/>Essenti\u00eble elektrolyten voor optimale rehydratie<\/span><\/div>\n<\/div>\n","protected":false},"featured_media":51582,"comment_status":"open","ping_status":"closed","template":"","meta":{"_acf_changed":false},"product_brand":[],"product_cat":[421],"product_tag":[],"woo-feed-brand":[],"class_list":{"0":"post-51805","1":"product","2":"type-product","3":"status-publish","4":"has-post-thumbnail","6":"product_cat-bundles-vit2go","8":"first","9":"instock","10":"sale","11":"taxable","12":"purchasable","13":"product-type-woosb"},"acf":[],"yoast_head":"<!-- This site is optimized with the Yoast SEO plugin v27.3 - https:\/\/yoast.com\/product\/yoast-seo-wordpress\/ -->\n<title>The Crusher 1 x Energy 30-pack + 1 x Drink Recovery 10-pack - Vit2go Online Shop<\/title>\n<meta name=\"robots\" content=\"index, follow, max-snippet:-1, max-image-preview:large, max-video-preview:-1\" \/>\n<link rel=\"canonical\" href=\"https:\/\/vit2go.net\/nl\/shop\/the-crusher\/\" \/>\n<meta property=\"og:locale\" content=\"nl_NL\" \/>\n<meta property=\"og:type\" content=\"article\" \/>\n<meta property=\"og:title\" content=\"The Crusher 1 x Energy 30-pack + 1 x Drink Recovery 10-pack - Vit2go Online Shop\" \/>\n<meta property=\"og:description\" content=\"Bereik topprestaties met onze ENERGY en DRINK RECOVERY duo! ENERGY levert een fysieke en mentale boost, terwijl DRINK RECOVERY elektrolyten aanvult voor optimale rehydratie. Haal het beste uit jezelf, herstel sneller en ga elke uitdaging aan met deze krachtige combinatie! Let op: Elk zakje bevat de aanbevolen dagelijkse hoeveelheid vitaminen. Gebruik daarom niet meer dan \u00e9\u00e9n zakje per dag van elk product.   Krachtige combinatie van actieve ingredi\u00ebnten voor energie en concentratie  Helpt vermoeidheid en uitputting te verminderen  100% vegan  Voor een frisse start na een lange avond  Essenti\u00eble elektrolyten voor optimale rehydratie\" \/>\n<meta property=\"og:url\" content=\"https:\/\/vit2go.net\/nl\/shop\/the-crusher\/\" \/>\n<meta property=\"og:site_name\" content=\"Vit2go Online Shop\" \/>\n<meta property=\"article:modified_time\" content=\"2025-06-11T10:56:18+00:00\" \/>\n<meta property=\"og:image\" content=\"https:\/\/vit2go.net\/wp-content\/uploads\/2024\/02\/1-5.png\" \/>\n\t<meta property=\"og:image:width\" content=\"1080\" \/>\n\t<meta property=\"og:image:height\" content=\"1350\" \/>\n\t<meta property=\"og:image:type\" content=\"image\/png\" \/>\n<meta name=\"twitter:card\" content=\"summary_large_image\" \/>\n<meta name=\"twitter:label1\" content=\"Geschatte leestijd\" \/>\n\t<meta name=\"twitter:data1\" content=\"1 minuut\" \/>\n<script type=\"application\/ld+json\" class=\"yoast-schema-graph\">{\"@context\":\"https:\\\/\\\/schema.org\",\"@graph\":[{\"@type\":\"WebPage\",\"@id\":\"https:\\\/\\\/vit2go.net\\\/nl\\\/shop\\\/the-crusher\\\/\",\"url\":\"https:\\\/\\\/vit2go.net\\\/nl\\\/shop\\\/the-crusher\\\/\",\"name\":\"The Crusher 1 x Energy 30-pack + 1 x Drink Recovery 10-pack - Vit2go Online Shop\",\"isPartOf\":{\"@id\":\"https:\\\/\\\/vit2go.net\\\/nl\\\/#website\"},\"primaryImageOfPage\":{\"@id\":\"https:\\\/\\\/vit2go.net\\\/nl\\\/shop\\\/the-crusher\\\/#primaryimage\"},\"image\":{\"@id\":\"https:\\\/\\\/vit2go.net\\\/nl\\\/shop\\\/the-crusher\\\/#primaryimage\"},\"thumbnailUrl\":\"https:\\\/\\\/vit2go.net\\\/wp-content\\\/uploads\\\/2024\\\/02\\\/1-5.png\",\"datePublished\":\"2016-06-04T09:39:33+00:00\",\"dateModified\":\"2025-06-11T10:56:18+00:00\",\"breadcrumb\":{\"@id\":\"https:\\\/\\\/vit2go.net\\\/nl\\\/shop\\\/the-crusher\\\/#breadcrumb\"},\"inLanguage\":\"nl-NL\",\"potentialAction\":[{\"@type\":\"ReadAction\",\"target\":[\"https:\\\/\\\/vit2go.net\\\/nl\\\/shop\\\/the-crusher\\\/\"]}]},{\"@type\":\"ImageObject\",\"inLanguage\":\"nl-NL\",\"@id\":\"https:\\\/\\\/vit2go.net\\\/nl\\\/shop\\\/the-crusher\\\/#primaryimage\",\"url\":\"https:\\\/\\\/vit2go.net\\\/wp-content\\\/uploads\\\/2024\\\/02\\\/1-5.png\",\"contentUrl\":\"https:\\\/\\\/vit2go.net\\\/wp-content\\\/uploads\\\/2024\\\/02\\\/1-5.png\",\"width\":1080,\"height\":1350,\"caption\":\"The Crusher\"},{\"@type\":\"BreadcrumbList\",\"@id\":\"https:\\\/\\\/vit2go.net\\\/nl\\\/shop\\\/the-crusher\\\/#breadcrumb\",\"itemListElement\":[{\"@type\":\"ListItem\",\"position\":1,\"name\":\"Home\",\"item\":\"https:\\\/\\\/vit2go.net\\\/nl\\\/\"},{\"@type\":\"ListItem\",\"position\":2,\"name\":\"Bundles Vit2go\",\"item\":\"https:\\\/\\\/vit2go.net\\\/bundles-vit2go\\\/\"},{\"@type\":\"ListItem\",\"position\":3,\"name\":\"The Crusher 1 x Energy 30-pack + 1 x Drink Recovery 10-pack\"}]},{\"@type\":\"WebSite\",\"@id\":\"https:\\\/\\\/vit2go.net\\\/nl\\\/#website\",\"url\":\"https:\\\/\\\/vit2go.net\\\/nl\\\/\",\"name\":\"Vit2go Online Shop\",\"description\":\"Unlimited vitality with Vit2go\",\"publisher\":{\"@id\":\"https:\\\/\\\/vit2go.net\\\/nl\\\/#organization\"},\"potentialAction\":[{\"@type\":\"SearchAction\",\"target\":{\"@type\":\"EntryPoint\",\"urlTemplate\":\"https:\\\/\\\/vit2go.net\\\/nl\\\/?s={search_term_string}\"},\"query-input\":{\"@type\":\"PropertyValueSpecification\",\"valueRequired\":true,\"valueName\":\"search_term_string\"}}],\"inLanguage\":\"nl-NL\"},{\"@type\":\"Organization\",\"@id\":\"https:\\\/\\\/vit2go.net\\\/nl\\\/#organization\",\"name\":\"vit2go\",\"url\":\"https:\\\/\\\/vit2go.net\\\/nl\\\/\",\"logo\":{\"@type\":\"ImageObject\",\"inLanguage\":\"nl-NL\",\"@id\":\"https:\\\/\\\/vit2go.net\\\/nl\\\/#\\\/schema\\\/logo\\\/image\\\/\",\"url\":\"https:\\\/\\\/vit2go.net\\\/wp-content\\\/uploads\\\/2017\\\/03\\\/Logo-red_700.jpg\",\"contentUrl\":\"https:\\\/\\\/vit2go.net\\\/wp-content\\\/uploads\\\/2017\\\/03\\\/Logo-red_700.jpg\",\"width\":700,\"height\":292,\"caption\":\"vit2go\"},\"image\":{\"@id\":\"https:\\\/\\\/vit2go.net\\\/nl\\\/#\\\/schema\\\/logo\\\/image\\\/\"}}]}<\/script>\n<!-- \/ Yoast SEO plugin. -->","yoast_head_json":{"title":"The Crusher 1 x Energy 30-pack + 1 x Drink Recovery 10-pack - Vit2go Online Shop","robots":{"index":"index","follow":"follow","max-snippet":"max-snippet:-1","max-image-preview":"max-image-preview:large","max-video-preview":"max-video-preview:-1"},"canonical":"https:\/\/vit2go.net\/nl\/shop\/the-crusher\/","og_locale":"nl_NL","og_type":"article","og_title":"The Crusher 1 x Energy 30-pack + 1 x Drink Recovery 10-pack - Vit2go Online Shop","og_description":"Bereik topprestaties met onze ENERGY en DRINK RECOVERY duo! ENERGY levert een fysieke en mentale boost, terwijl DRINK RECOVERY elektrolyten aanvult voor optimale rehydratie. Haal het beste uit jezelf, herstel sneller en ga elke uitdaging aan met deze krachtige combinatie! Let op: Elk zakje bevat de aanbevolen dagelijkse hoeveelheid vitaminen. Gebruik daarom niet meer dan \u00e9\u00e9n zakje per dag van elk product.   Krachtige combinatie van actieve ingredi\u00ebnten voor energie en concentratie  Helpt vermoeidheid en uitputting te verminderen  100% vegan  Voor een frisse start na een lange avond  Essenti\u00eble elektrolyten voor optimale rehydratie","og_url":"https:\/\/vit2go.net\/nl\/shop\/the-crusher\/","og_site_name":"Vit2go Online Shop","article_modified_time":"2025-06-11T10:56:18+00:00","og_image":[{"width":1080,"height":1350,"url":"https:\/\/vit2go.net\/wp-content\/uploads\/2024\/02\/1-5.png","type":"image\/png"}],"twitter_card":"summary_large_image","twitter_misc":{"Geschatte leestijd":"1 minuut"},"schema":{"@context":"https:\/\/schema.org","@graph":[{"@type":"WebPage","@id":"https:\/\/vit2go.net\/nl\/shop\/the-crusher\/","url":"https:\/\/vit2go.net\/nl\/shop\/the-crusher\/","name":"The Crusher 1 x Energy 30-pack + 1 x Drink Recovery 10-pack - Vit2go Online Shop","isPartOf":{"@id":"https:\/\/vit2go.net\/nl\/#website"},"primaryImageOfPage":{"@id":"https:\/\/vit2go.net\/nl\/shop\/the-crusher\/#primaryimage"},"image":{"@id":"https:\/\/vit2go.net\/nl\/shop\/the-crusher\/#primaryimage"},"thumbnailUrl":"https:\/\/vit2go.net\/wp-content\/uploads\/2024\/02\/1-5.png","datePublished":"2016-06-04T09:39:33+00:00","dateModified":"2025-06-11T10:56:18+00:00","breadcrumb":{"@id":"https:\/\/vit2go.net\/nl\/shop\/the-crusher\/#breadcrumb"},"inLanguage":"nl-NL","potentialAction":[{"@type":"ReadAction","target":["https:\/\/vit2go.net\/nl\/shop\/the-crusher\/"]}]},{"@type":"ImageObject","inLanguage":"nl-NL","@id":"https:\/\/vit2go.net\/nl\/shop\/the-crusher\/#primaryimage","url":"https:\/\/vit2go.net\/wp-content\/uploads\/2024\/02\/1-5.png","contentUrl":"https:\/\/vit2go.net\/wp-content\/uploads\/2024\/02\/1-5.png","width":1080,"height":1350,"caption":"The Crusher"},{"@type":"BreadcrumbList","@id":"https:\/\/vit2go.net\/nl\/shop\/the-crusher\/#breadcrumb","itemListElement":[{"@type":"ListItem","position":1,"name":"Home","item":"https:\/\/vit2go.net\/nl\/"},{"@type":"ListItem","position":2,"name":"Bundles Vit2go","item":"https:\/\/vit2go.net\/bundles-vit2go\/"},{"@type":"ListItem","position":3,"name":"The Crusher 1 x Energy 30-pack + 1 x Drink Recovery 10-pack"}]},{"@type":"WebSite","@id":"https:\/\/vit2go.net\/nl\/#website","url":"https:\/\/vit2go.net\/nl\/","name":"Vit2go Online Shop","description":"Unlimited vitality with Vit2go","publisher":{"@id":"https:\/\/vit2go.net\/nl\/#organization"},"potentialAction":[{"@type":"SearchAction","target":{"@type":"EntryPoint","urlTemplate":"https:\/\/vit2go.net\/nl\/?s={search_term_string}"},"query-input":{"@type":"PropertyValueSpecification","valueRequired":true,"valueName":"search_term_string"}}],"inLanguage":"nl-NL"},{"@type":"Organization","@id":"https:\/\/vit2go.net\/nl\/#organization","name":"vit2go","url":"https:\/\/vit2go.net\/nl\/","logo":{"@type":"ImageObject","inLanguage":"nl-NL","@id":"https:\/\/vit2go.net\/nl\/#\/schema\/logo\/image\/","url":"https:\/\/vit2go.net\/wp-content\/uploads\/2017\/03\/Logo-red_700.jpg","contentUrl":"https:\/\/vit2go.net\/wp-content\/uploads\/2017\/03\/Logo-red_700.jpg","width":700,"height":292,"caption":"vit2go"},"image":{"@id":"https:\/\/vit2go.net\/nl\/#\/schema\/logo\/image\/"}}]}},"_links":{"self":[{"href":"https:\/\/vit2go.net\/nl\/wp-json\/wp\/v2\/product\/51805","targetHints":{"allow":["GET"]}}],"collection":[{"href":"https:\/\/vit2go.net\/nl\/wp-json\/wp\/v2\/product"}],"about":[{"href":"https:\/\/vit2go.net\/nl\/wp-json\/wp\/v2\/types\/product"}],"replies":[{"embeddable":true,"href":"https:\/\/vit2go.net\/nl\/wp-json\/wp\/v2\/comments?post=51805"}],"wp:featuredmedia":[{"embeddable":true,"href":"https:\/\/vit2go.net\/nl\/wp-json\/wp\/v2\/media\/51582"}],"wp:attachment":[{"href":"https:\/\/vit2go.net\/nl\/wp-json\/wp\/v2\/media?parent=51805"}],"wp:term":[{"taxonomy":"product_brand","embeddable":true,"href":"https:\/\/vit2go.net\/nl\/wp-json\/wp\/v2\/product_brand?post=51805"},{"taxonomy":"product_cat","embeddable":true,"href":"https:\/\/vit2go.net\/nl\/wp-json\/wp\/v2\/product_cat?post=51805"},{"taxonomy":"product_tag","embeddable":true,"href":"https:\/\/vit2go.net\/nl\/wp-json\/wp\/v2\/product_tag?post=51805"},{"taxonomy":"woo-feed-brand","embeddable":true,"href":"https:\/\/vit2go.net\/nl\/wp-json\/wp\/v2\/woo-feed-brand?post=51805"}],"curies":[{"name":"wp","href":"https:\/\/api.w.org\/{rel}","templated":true}]}}