{"id":57153,"date":"2024-08-22T10:17:07","date_gmt":"2024-08-22T08:17:07","guid":{"rendered":"https:\/\/vit2gostg.wpenginepowered.com\/natural-energy-booster\/natural-energy-booster-ingredients\/"},"modified":"2025-04-23T16:08:12","modified_gmt":"2025-04-23T14:08:12","slug":"natural-energy-booster-ingredients","status":"publish","type":"page","link":"https:\/\/vit2go.net\/nl\/natural-energy-booster\/ingredients\/","title":{"rendered":"Jouw gezonde energiedrank &#8211; ENERGY"},"content":{"rendered":"<p>Vit2go ENERGY is een energiedrank met natuurlijke cafe\u00efne afkomstig uit guarana, die bekend staat om zijn langdurige stimulerende effect. Het biedt een natuurlijke energieboost zonder de snelle energieafname die vaak geassocieerd wordt met andere cafe\u00efnehoudende dranken.<\/p>\n<p>Naast cafe\u00efne bevat de formule belangrijke vitaminen, elektrolyten, en aminozuren die je kunnen helpen je energie op peil te houden en je lichaam te ondersteunen tijdens inspanning. De combinatie van ingredi\u00ebnten maakt het een ideaal drankje voor het dagelijks gebruik of na fysieke inspanning.<\/p>\n<p>ENERGY is meer dan alleen een energieboost: het bevat ook vitaminen en mineralen die bijdragen aan de normale werking van het lichaam. Het is een praktisch alternatief voor mensen die op zoek zijn naar een natuurlijke en verfrissende manier om hun energie op peil te houden.<\/p>\n<h3>Belangrijke tips voor dranken met een hoog cafe\u00efnegehalte:<\/h3>\n<ul>\n<li>Houd er rekening mee dat ENERGY een hoog cafe\u00efnegehalte bevat en met mate moet worden geconsumeerd.<\/li>\n<li>Als je zwanger bent, borstvoeding geeft of medicijnen gebruikt, wordt het gebruik van voedingsmiddelen en dranken die cafe\u00efne bevatten afgeraden.<\/li>\n<li>Het mengen van alcohol en cafe\u00efnehoudende dranken kan gezondheidsrisico\u2019s met zich meebrengen en wordt afgeraden.<\/li>\n<\/ul>\n<h3>De belangrijkste werkzame ingredi\u00ebnten in detail:<\/h3>\n<p>Vit2go ENERGY bevat naast cafe\u00efne uit guarana ook andere ingredi\u00ebnten die bekend staan om hun rol in de dagelijkse voeding. Hier volgt een overzicht van de belangrijkste ingredi\u00ebnten:<\/p>\n<ul>\n<li>Guarana \u2013 Een natuurlijke bron van cafe\u00efne<\/li>\n<li>Cafe\u00efne \u2013 Bekend om zijn stimulerende werking<\/li>\n<li>Gember \u2013 Traditioneel gebruikt voor zijn verfrissende eigenschappen<\/li>\n<li>Dextrose \u2013 Een snelle energiebron<\/li>\n<li>Taurine \u2013 Een aminozuur dat van nature in het lichaam voorkomt<\/li>\n<li>L-Ornithine \u2013 Een aminozuur dat helpt bij de normale werking van het lichaam<\/li>\n<li>L-Tyrosine \u2013 Een aminozuur dat een rol speelt in verschillende biochemische processen<\/li>\n<\/ul>\n","protected":false},"excerpt":{"rendered":"<p>Vit2go ENERGY is een energiedrank met natuurlijke cafe\u00efne afkomstig uit guarana, die bekend staat om zijn langdurige stimulerende effect. Het&#8230;<\/p>\n","protected":false},"author":1,"featured_media":0,"parent":40897,"menu_order":0,"comment_status":"closed","ping_status":"closed","template":"","meta":{"_acf_changed":false,"footnotes":""},"class_list":["post-57153","page","type-page","status-publish","hentry"],"acf":[],"yoast_head":"<!-- This site is optimized with the Yoast SEO plugin v27.3 - https:\/\/yoast.com\/product\/yoast-seo-wordpress\/ -->\n<title>ENERGY: Gezond alternatief voor energiedrankjes | Vit2go Online Shop<\/title>\n<meta name=\"description\" content=\"ENERGY \u27a4 Op zoek naar een gezond alternatief voor energiedrankjes? \u2714 Met Guarana \u2714 Taurine \u2714 Elektrolyten \u2714 Meer over de ingredi\u00ebnten\" \/>\n<meta name=\"robots\" content=\"index, follow, max-snippet:-1, max-image-preview:large, max-video-preview:-1\" \/>\n<link rel=\"canonical\" href=\"https:\/\/vit2go.net\/nl\/natural-energy-booster\/ingredients\/\" \/>\n<meta property=\"og:locale\" content=\"nl_NL\" \/>\n<meta property=\"og:type\" content=\"article\" \/>\n<meta property=\"og:title\" content=\"ENERGY: Gezond alternatief voor energiedrankjes | Vit2go Online Shop\" \/>\n<meta property=\"og:description\" content=\"ENERGY \u27a4 Op zoek naar een gezond alternatief voor energiedrankjes? \u2714 Met Guarana \u2714 Taurine \u2714 Elektrolyten \u2714 Meer over de ingredi\u00ebnten\" \/>\n<meta property=\"og:url\" content=\"https:\/\/vit2go.net\/nl\/natural-energy-booster\/ingredients\/\" \/>\n<meta property=\"og:site_name\" content=\"Vit2go Online Shop\" \/>\n<meta property=\"article:modified_time\" content=\"2025-04-23T14:08:12+00:00\" \/>\n<meta name=\"twitter:card\" content=\"summary_large_image\" \/>\n<meta name=\"twitter:label1\" content=\"Geschatte leestijd\" \/>\n\t<meta name=\"twitter:data1\" content=\"11 minuten\" \/>\n<script type=\"application\/ld+json\" class=\"yoast-schema-graph\">{\"@context\":\"https:\\\/\\\/schema.org\",\"@graph\":[{\"@type\":\"WebPage\",\"@id\":\"https:\\\/\\\/vit2go.net\\\/nl\\\/natural-energy-booster\\\/ingredients\\\/\",\"url\":\"https:\\\/\\\/vit2go.net\\\/nl\\\/natural-energy-booster\\\/ingredients\\\/\",\"name\":\"ENERGY: Gezond alternatief voor energiedrankjes | Vit2go Online Shop\",\"isPartOf\":{\"@id\":\"https:\\\/\\\/vit2go.net\\\/nl\\\/#website\"},\"datePublished\":\"2024-08-22T08:17:07+00:00\",\"dateModified\":\"2025-04-23T14:08:12+00:00\",\"description\":\"ENERGY \u27a4 Op zoek naar een gezond alternatief voor energiedrankjes? \u2714 Met Guarana \u2714 Taurine \u2714 Elektrolyten \u2714 Meer over de ingredi\u00ebnten\",\"breadcrumb\":{\"@id\":\"https:\\\/\\\/vit2go.net\\\/nl\\\/natural-energy-booster\\\/ingredients\\\/#breadcrumb\"},\"inLanguage\":\"nl-NL\",\"potentialAction\":[{\"@type\":\"ReadAction\",\"target\":[\"https:\\\/\\\/vit2go.net\\\/nl\\\/natural-energy-booster\\\/ingredients\\\/\"]}]},{\"@type\":\"BreadcrumbList\",\"@id\":\"https:\\\/\\\/vit2go.net\\\/nl\\\/natural-energy-booster\\\/ingredients\\\/#breadcrumb\",\"itemListElement\":[{\"@type\":\"ListItem\",\"position\":1,\"name\":\"Home\",\"item\":\"https:\\\/\\\/vit2go.net\\\/nl\\\/\"},{\"@type\":\"ListItem\",\"position\":2,\"name\":\"ENERGY\",\"item\":\"https:\\\/\\\/vit2go.net\\\/nl\\\/energy\\\/\"},{\"@type\":\"ListItem\",\"position\":3,\"name\":\"Jouw gezonde energiedrank &#8211; ENERGY\"}]},{\"@type\":\"WebSite\",\"@id\":\"https:\\\/\\\/vit2go.net\\\/nl\\\/#website\",\"url\":\"https:\\\/\\\/vit2go.net\\\/nl\\\/\",\"name\":\"Vit2go Online Shop\",\"description\":\"Unlimited vitality with Vit2go\",\"publisher\":{\"@id\":\"https:\\\/\\\/vit2go.net\\\/nl\\\/#organization\"},\"potentialAction\":[{\"@type\":\"SearchAction\",\"target\":{\"@type\":\"EntryPoint\",\"urlTemplate\":\"https:\\\/\\\/vit2go.net\\\/nl\\\/?s={search_term_string}\"},\"query-input\":{\"@type\":\"PropertyValueSpecification\",\"valueRequired\":true,\"valueName\":\"search_term_string\"}}],\"inLanguage\":\"nl-NL\"},{\"@type\":\"Organization\",\"@id\":\"https:\\\/\\\/vit2go.net\\\/nl\\\/#organization\",\"name\":\"vit2go\",\"url\":\"https:\\\/\\\/vit2go.net\\\/nl\\\/\",\"logo\":{\"@type\":\"ImageObject\",\"inLanguage\":\"nl-NL\",\"@id\":\"https:\\\/\\\/vit2go.net\\\/nl\\\/#\\\/schema\\\/logo\\\/image\\\/\",\"url\":\"https:\\\/\\\/vit2go.net\\\/wp-content\\\/uploads\\\/2017\\\/03\\\/Logo-red_700.jpg\",\"contentUrl\":\"https:\\\/\\\/vit2go.net\\\/wp-content\\\/uploads\\\/2017\\\/03\\\/Logo-red_700.jpg\",\"width\":700,\"height\":292,\"caption\":\"vit2go\"},\"image\":{\"@id\":\"https:\\\/\\\/vit2go.net\\\/nl\\\/#\\\/schema\\\/logo\\\/image\\\/\"}}]}<\/script>\n<!-- \/ Yoast SEO plugin. -->","yoast_head_json":{"title":"ENERGY: Gezond alternatief voor energiedrankjes | Vit2go Online Shop","description":"ENERGY \u27a4 Op zoek naar een gezond alternatief voor energiedrankjes? \u2714 Met Guarana \u2714 Taurine \u2714 Elektrolyten \u2714 Meer over de ingredi\u00ebnten","robots":{"index":"index","follow":"follow","max-snippet":"max-snippet:-1","max-image-preview":"max-image-preview:large","max-video-preview":"max-video-preview:-1"},"canonical":"https:\/\/vit2go.net\/nl\/natural-energy-booster\/ingredients\/","og_locale":"nl_NL","og_type":"article","og_title":"ENERGY: Gezond alternatief voor energiedrankjes | Vit2go Online Shop","og_description":"ENERGY \u27a4 Op zoek naar een gezond alternatief voor energiedrankjes? \u2714 Met Guarana \u2714 Taurine \u2714 Elektrolyten \u2714 Meer over de ingredi\u00ebnten","og_url":"https:\/\/vit2go.net\/nl\/natural-energy-booster\/ingredients\/","og_site_name":"Vit2go Online Shop","article_modified_time":"2025-04-23T14:08:12+00:00","twitter_card":"summary_large_image","twitter_misc":{"Geschatte leestijd":"11 minuten"},"schema":{"@context":"https:\/\/schema.org","@graph":[{"@type":"WebPage","@id":"https:\/\/vit2go.net\/nl\/natural-energy-booster\/ingredients\/","url":"https:\/\/vit2go.net\/nl\/natural-energy-booster\/ingredients\/","name":"ENERGY: Gezond alternatief voor energiedrankjes | Vit2go Online Shop","isPartOf":{"@id":"https:\/\/vit2go.net\/nl\/#website"},"datePublished":"2024-08-22T08:17:07+00:00","dateModified":"2025-04-23T14:08:12+00:00","description":"ENERGY \u27a4 Op zoek naar een gezond alternatief voor energiedrankjes? \u2714 Met Guarana \u2714 Taurine \u2714 Elektrolyten \u2714 Meer over de ingredi\u00ebnten","breadcrumb":{"@id":"https:\/\/vit2go.net\/nl\/natural-energy-booster\/ingredients\/#breadcrumb"},"inLanguage":"nl-NL","potentialAction":[{"@type":"ReadAction","target":["https:\/\/vit2go.net\/nl\/natural-energy-booster\/ingredients\/"]}]},{"@type":"BreadcrumbList","@id":"https:\/\/vit2go.net\/nl\/natural-energy-booster\/ingredients\/#breadcrumb","itemListElement":[{"@type":"ListItem","position":1,"name":"Home","item":"https:\/\/vit2go.net\/nl\/"},{"@type":"ListItem","position":2,"name":"ENERGY","item":"https:\/\/vit2go.net\/nl\/energy\/"},{"@type":"ListItem","position":3,"name":"Jouw gezonde energiedrank &#8211; ENERGY"}]},{"@type":"WebSite","@id":"https:\/\/vit2go.net\/nl\/#website","url":"https:\/\/vit2go.net\/nl\/","name":"Vit2go Online Shop","description":"Unlimited vitality with Vit2go","publisher":{"@id":"https:\/\/vit2go.net\/nl\/#organization"},"potentialAction":[{"@type":"SearchAction","target":{"@type":"EntryPoint","urlTemplate":"https:\/\/vit2go.net\/nl\/?s={search_term_string}"},"query-input":{"@type":"PropertyValueSpecification","valueRequired":true,"valueName":"search_term_string"}}],"inLanguage":"nl-NL"},{"@type":"Organization","@id":"https:\/\/vit2go.net\/nl\/#organization","name":"vit2go","url":"https:\/\/vit2go.net\/nl\/","logo":{"@type":"ImageObject","inLanguage":"nl-NL","@id":"https:\/\/vit2go.net\/nl\/#\/schema\/logo\/image\/","url":"https:\/\/vit2go.net\/wp-content\/uploads\/2017\/03\/Logo-red_700.jpg","contentUrl":"https:\/\/vit2go.net\/wp-content\/uploads\/2017\/03\/Logo-red_700.jpg","width":700,"height":292,"caption":"vit2go"},"image":{"@id":"https:\/\/vit2go.net\/nl\/#\/schema\/logo\/image\/"}}]}},"_links":{"self":[{"href":"https:\/\/vit2go.net\/nl\/wp-json\/wp\/v2\/pages\/57153","targetHints":{"allow":["GET"]}}],"collection":[{"href":"https:\/\/vit2go.net\/nl\/wp-json\/wp\/v2\/pages"}],"about":[{"href":"https:\/\/vit2go.net\/nl\/wp-json\/wp\/v2\/types\/page"}],"author":[{"embeddable":true,"href":"https:\/\/vit2go.net\/nl\/wp-json\/wp\/v2\/users\/1"}],"replies":[{"embeddable":true,"href":"https:\/\/vit2go.net\/nl\/wp-json\/wp\/v2\/comments?post=57153"}],"version-history":[{"count":0,"href":"https:\/\/vit2go.net\/nl\/wp-json\/wp\/v2\/pages\/57153\/revisions"}],"up":[{"embeddable":true,"href":"https:\/\/vit2go.net\/nl\/wp-json\/wp\/v2\/pages\/40897"}],"wp:attachment":[{"href":"https:\/\/vit2go.net\/nl\/wp-json\/wp\/v2\/media?parent=57153"}],"curies":[{"name":"wp","href":"https:\/\/api.w.org\/{rel}","templated":true}]}}