{"id":39859,"date":"2020-02-11T12:07:36","date_gmt":"2020-02-11T11:07:36","guid":{"rendered":"https:\/\/vit2gostg.wpenginepowered.com\/trees-for-the-future\/"},"modified":"2023-12-20T19:43:40","modified_gmt":"2023-12-20T18:43:40","slug":"trees-for-the-future","status":"publish","type":"page","link":"https:\/\/vit2go.net\/it\/trees-for-the-future\/","title":{"rendered":"Trees for the Future"},"content":{"rendered":"<div class=\"h1-subtitle trees-h1-subtitle\">Grazie al progetto Vit2go Trees for the Future, attraverso il quale viene piantato un albero per ogni prodotto acquistato, abbiamo l&#8217;opportunit\u00e0 di lavorare insieme contro il cambiamento climatico. Inoltre, ha un impatto anche su diverse comunit\u00e0 africane: grazie a ci\u00f2 \u00e8 possibile lo sviluppo dell&#8217;agricoltura rigenerativa, che gli consentir\u00e0 di costruire un futuro stabile.<\/div>\n","protected":false},"excerpt":{"rendered":"<p>Grazie al progetto Vit2go Trees for the Future, attraverso il quale viene piantato un albero per ogni prodotto acquistato, abbiamo&#8230;<\/p>\n","protected":false},"author":285,"featured_media":39861,"parent":0,"menu_order":0,"comment_status":"closed","ping_status":"closed","template":"template-trees.php","meta":{"_acf_changed":false,"footnotes":""},"class_list":["post-39859","page","type-page","status-publish","has-post-thumbnail","hentry"],"acf":[],"yoast_head":"<!-- This site is optimized with the Yoast SEO plugin v27.3 - https:\/\/yoast.com\/product\/yoast-seo-wordpress\/ -->\n<title>Trees for the Future - Vit2go Online Shop<\/title>\n<meta name=\"robots\" content=\"index, follow, max-snippet:-1, max-image-preview:large, max-video-preview:-1\" \/>\n<link rel=\"canonical\" href=\"https:\/\/vit2go.net\/it\/trees-for-the-future\/\" \/>\n<meta property=\"og:locale\" content=\"it_IT\" \/>\n<meta property=\"og:type\" content=\"article\" \/>\n<meta property=\"og:title\" content=\"Trees for the Future - Vit2go Online Shop\" \/>\n<meta property=\"og:description\" content=\"Grazie al progetto Vit2go Trees for the Future, attraverso il quale viene piantato un albero per ogni prodotto acquistato, abbiamo...\" \/>\n<meta property=\"og:url\" content=\"https:\/\/vit2go.net\/it\/trees-for-the-future\/\" \/>\n<meta property=\"og:site_name\" content=\"Vit2go Online Shop\" \/>\n<meta property=\"article:modified_time\" content=\"2023-12-20T18:43:40+00:00\" \/>\n<meta property=\"og:image\" content=\"https:\/\/vit2go.net\/wp-content\/uploads\/2021\/02\/Vit2go-Certificate-12_31_2020-pdf.jpg\" \/>\n\t<meta property=\"og:image:width\" content=\"1408\" \/>\n\t<meta property=\"og:image:height\" content=\"1088\" \/>\n\t<meta property=\"og:image:type\" content=\"image\/jpeg\" \/>\n<meta name=\"twitter:card\" content=\"summary_large_image\" \/>\n<meta name=\"twitter:label1\" content=\"Tempo di lettura stimato\" \/>\n\t<meta name=\"twitter:data1\" content=\"1 minuto\" \/>\n<script type=\"application\/ld+json\" class=\"yoast-schema-graph\">{\"@context\":\"https:\\\/\\\/schema.org\",\"@graph\":[{\"@type\":\"WebPage\",\"@id\":\"https:\\\/\\\/vit2go.net\\\/it\\\/trees-for-the-future\\\/\",\"url\":\"https:\\\/\\\/vit2go.net\\\/it\\\/trees-for-the-future\\\/\",\"name\":\"Trees for the Future - Vit2go Online Shop\",\"isPartOf\":{\"@id\":\"https:\\\/\\\/vit2go.net\\\/it\\\/#website\"},\"primaryImageOfPage\":{\"@id\":\"https:\\\/\\\/vit2go.net\\\/it\\\/trees-for-the-future\\\/#primaryimage\"},\"image\":{\"@id\":\"https:\\\/\\\/vit2go.net\\\/it\\\/trees-for-the-future\\\/#primaryimage\"},\"thumbnailUrl\":\"https:\\\/\\\/vit2go.net\\\/wp-content\\\/uploads\\\/2021\\\/02\\\/Vit2go-Certificate-12_31_2020-pdf.jpg\",\"datePublished\":\"2020-02-11T11:07:36+00:00\",\"dateModified\":\"2023-12-20T18:43:40+00:00\",\"breadcrumb\":{\"@id\":\"https:\\\/\\\/vit2go.net\\\/it\\\/trees-for-the-future\\\/#breadcrumb\"},\"inLanguage\":\"it-IT\",\"potentialAction\":[{\"@type\":\"ReadAction\",\"target\":[\"https:\\\/\\\/vit2go.net\\\/it\\\/trees-for-the-future\\\/\"]}]},{\"@type\":\"ImageObject\",\"inLanguage\":\"it-IT\",\"@id\":\"https:\\\/\\\/vit2go.net\\\/it\\\/trees-for-the-future\\\/#primaryimage\",\"url\":\"https:\\\/\\\/vit2go.net\\\/wp-content\\\/uploads\\\/2021\\\/02\\\/Vit2go-Certificate-12_31_2020-pdf.jpg\",\"contentUrl\":\"https:\\\/\\\/vit2go.net\\\/wp-content\\\/uploads\\\/2021\\\/02\\\/Vit2go-Certificate-12_31_2020-pdf.jpg\",\"width\":1408,\"height\":1088,\"caption\":\"Vit2go-Certificate\"},{\"@type\":\"BreadcrumbList\",\"@id\":\"https:\\\/\\\/vit2go.net\\\/it\\\/trees-for-the-future\\\/#breadcrumb\",\"itemListElement\":[{\"@type\":\"ListItem\",\"position\":1,\"name\":\"Home\",\"item\":\"https:\\\/\\\/vit2go.net\\\/it\\\/\"},{\"@type\":\"ListItem\",\"position\":2,\"name\":\"Trees for the Future\"}]},{\"@type\":\"WebSite\",\"@id\":\"https:\\\/\\\/vit2go.net\\\/it\\\/#website\",\"url\":\"https:\\\/\\\/vit2go.net\\\/it\\\/\",\"name\":\"Vit2go Online Shop\",\"description\":\"Unlimited vitality with Vit2go\",\"publisher\":{\"@id\":\"https:\\\/\\\/vit2go.net\\\/it\\\/#organization\"},\"potentialAction\":[{\"@type\":\"SearchAction\",\"target\":{\"@type\":\"EntryPoint\",\"urlTemplate\":\"https:\\\/\\\/vit2go.net\\\/it\\\/?s={search_term_string}\"},\"query-input\":{\"@type\":\"PropertyValueSpecification\",\"valueRequired\":true,\"valueName\":\"search_term_string\"}}],\"inLanguage\":\"it-IT\"},{\"@type\":\"Organization\",\"@id\":\"https:\\\/\\\/vit2go.net\\\/it\\\/#organization\",\"name\":\"vit2go\",\"url\":\"https:\\\/\\\/vit2go.net\\\/it\\\/\",\"logo\":{\"@type\":\"ImageObject\",\"inLanguage\":\"it-IT\",\"@id\":\"https:\\\/\\\/vit2go.net\\\/it\\\/#\\\/schema\\\/logo\\\/image\\\/\",\"url\":\"https:\\\/\\\/vit2go.net\\\/wp-content\\\/uploads\\\/2017\\\/03\\\/Logo-red_700.jpg\",\"contentUrl\":\"https:\\\/\\\/vit2go.net\\\/wp-content\\\/uploads\\\/2017\\\/03\\\/Logo-red_700.jpg\",\"width\":700,\"height\":292,\"caption\":\"vit2go\"},\"image\":{\"@id\":\"https:\\\/\\\/vit2go.net\\\/it\\\/#\\\/schema\\\/logo\\\/image\\\/\"}}]}<\/script>\n<!-- \/ Yoast SEO plugin. -->","yoast_head_json":{"title":"Trees for the Future - Vit2go Online Shop","robots":{"index":"index","follow":"follow","max-snippet":"max-snippet:-1","max-image-preview":"max-image-preview:large","max-video-preview":"max-video-preview:-1"},"canonical":"https:\/\/vit2go.net\/it\/trees-for-the-future\/","og_locale":"it_IT","og_type":"article","og_title":"Trees for the Future - Vit2go Online Shop","og_description":"Grazie al progetto Vit2go Trees for the Future, attraverso il quale viene piantato un albero per ogni prodotto acquistato, abbiamo...","og_url":"https:\/\/vit2go.net\/it\/trees-for-the-future\/","og_site_name":"Vit2go Online Shop","article_modified_time":"2023-12-20T18:43:40+00:00","og_image":[{"width":1408,"height":1088,"url":"https:\/\/vit2go.net\/wp-content\/uploads\/2021\/02\/Vit2go-Certificate-12_31_2020-pdf.jpg","type":"image\/jpeg"}],"twitter_card":"summary_large_image","twitter_misc":{"Tempo di lettura stimato":"1 minuto"},"schema":{"@context":"https:\/\/schema.org","@graph":[{"@type":"WebPage","@id":"https:\/\/vit2go.net\/it\/trees-for-the-future\/","url":"https:\/\/vit2go.net\/it\/trees-for-the-future\/","name":"Trees for the Future - Vit2go Online Shop","isPartOf":{"@id":"https:\/\/vit2go.net\/it\/#website"},"primaryImageOfPage":{"@id":"https:\/\/vit2go.net\/it\/trees-for-the-future\/#primaryimage"},"image":{"@id":"https:\/\/vit2go.net\/it\/trees-for-the-future\/#primaryimage"},"thumbnailUrl":"https:\/\/vit2go.net\/wp-content\/uploads\/2021\/02\/Vit2go-Certificate-12_31_2020-pdf.jpg","datePublished":"2020-02-11T11:07:36+00:00","dateModified":"2023-12-20T18:43:40+00:00","breadcrumb":{"@id":"https:\/\/vit2go.net\/it\/trees-for-the-future\/#breadcrumb"},"inLanguage":"it-IT","potentialAction":[{"@type":"ReadAction","target":["https:\/\/vit2go.net\/it\/trees-for-the-future\/"]}]},{"@type":"ImageObject","inLanguage":"it-IT","@id":"https:\/\/vit2go.net\/it\/trees-for-the-future\/#primaryimage","url":"https:\/\/vit2go.net\/wp-content\/uploads\/2021\/02\/Vit2go-Certificate-12_31_2020-pdf.jpg","contentUrl":"https:\/\/vit2go.net\/wp-content\/uploads\/2021\/02\/Vit2go-Certificate-12_31_2020-pdf.jpg","width":1408,"height":1088,"caption":"Vit2go-Certificate"},{"@type":"BreadcrumbList","@id":"https:\/\/vit2go.net\/it\/trees-for-the-future\/#breadcrumb","itemListElement":[{"@type":"ListItem","position":1,"name":"Home","item":"https:\/\/vit2go.net\/it\/"},{"@type":"ListItem","position":2,"name":"Trees for the Future"}]},{"@type":"WebSite","@id":"https:\/\/vit2go.net\/it\/#website","url":"https:\/\/vit2go.net\/it\/","name":"Vit2go Online Shop","description":"Unlimited vitality with Vit2go","publisher":{"@id":"https:\/\/vit2go.net\/it\/#organization"},"potentialAction":[{"@type":"SearchAction","target":{"@type":"EntryPoint","urlTemplate":"https:\/\/vit2go.net\/it\/?s={search_term_string}"},"query-input":{"@type":"PropertyValueSpecification","valueRequired":true,"valueName":"search_term_string"}}],"inLanguage":"it-IT"},{"@type":"Organization","@id":"https:\/\/vit2go.net\/it\/#organization","name":"vit2go","url":"https:\/\/vit2go.net\/it\/","logo":{"@type":"ImageObject","inLanguage":"it-IT","@id":"https:\/\/vit2go.net\/it\/#\/schema\/logo\/image\/","url":"https:\/\/vit2go.net\/wp-content\/uploads\/2017\/03\/Logo-red_700.jpg","contentUrl":"https:\/\/vit2go.net\/wp-content\/uploads\/2017\/03\/Logo-red_700.jpg","width":700,"height":292,"caption":"vit2go"},"image":{"@id":"https:\/\/vit2go.net\/it\/#\/schema\/logo\/image\/"}}]}},"_links":{"self":[{"href":"https:\/\/vit2go.net\/it\/wp-json\/wp\/v2\/pages\/39859","targetHints":{"allow":["GET"]}}],"collection":[{"href":"https:\/\/vit2go.net\/it\/wp-json\/wp\/v2\/pages"}],"about":[{"href":"https:\/\/vit2go.net\/it\/wp-json\/wp\/v2\/types\/page"}],"author":[{"embeddable":true,"href":"https:\/\/vit2go.net\/it\/wp-json\/wp\/v2\/users\/285"}],"replies":[{"embeddable":true,"href":"https:\/\/vit2go.net\/it\/wp-json\/wp\/v2\/comments?post=39859"}],"version-history":[{"count":0,"href":"https:\/\/vit2go.net\/it\/wp-json\/wp\/v2\/pages\/39859\/revisions"}],"wp:featuredmedia":[{"embeddable":true,"href":"https:\/\/vit2go.net\/it\/wp-json\/wp\/v2\/media\/39861"}],"wp:attachment":[{"href":"https:\/\/vit2go.net\/it\/wp-json\/wp\/v2\/media?parent=39859"}],"curies":[{"name":"wp","href":"https:\/\/api.w.org\/{rel}","templated":true}]}}