{"id":51338,"date":"2016-06-03T11:23:55","date_gmt":"2016-06-03T09:23:55","guid":{"rendered":"https:\/\/vit2gostg.wpenginepowered.com\/shop\/the-starter-kit-3\/"},"modified":"2025-01-08T12:34:31","modified_gmt":"2025-01-08T11:34:31","slug":"the-starter-kit-3","status":"publish","type":"product","link":"https:\/\/vit2go.net\/es\/shop\/the-starter-kit\/","title":{"rendered":"The Starter Kit <span class ='product_nickname'> 1 x ENERGY + 1 x IMMUNITY + 1 x DRINK RECOVERY 10-sobres <\/span>"},"content":{"rendered":"<h2>Drink Recovery 10-sobres+ Energy 10-sobres + Immunity 10-sobres<\/h2>\n<p>Nuestro Paquete de Inicio te presenta tres sabores \u00fanicos, cada uno repleto de poderosos beneficios. Disfruta de un rendimiento mental y f\u00edsico mejorado con ENERGY, fortalece tu sistema inmunol\u00f3gico con IMMUNITY Y recup\u00e9rate eficazmente despu\u00e9s de entrenar o de consumir alcohol con DRINK RECOVERY.<\/p>\n","protected":false},"excerpt":{"rendered":"<p>Nuestro pack de iniciaci\u00f3n te presenta tres sabores \u00fanicos, cada uno repleto de poderosos beneficios. Disfruta de un rendimiento mental y f\u00edsico mejorado con ENERGY, fortalece tu sistema inmunol\u00f3gico con IMMUNITY Y recup\u00e9rate eficazmente despu\u00e9s de entrenar o de consumir alcohol con DRINK RECOVERY.<\/p>\n<div class=\"ch_list_short\">\n<div class=\"ch_list_short_item\"><img decoding=\"async\" class=\"wp-image-29383 alignleft\" src=\"https:\/\/vit2go.net\/wp-content\/uploads\/2016\/07\/red-tick.png\" alt=\"\" width=\"12\" height=\"9\" srcset=\"https:\/\/vit2go.net\/wp-content\/uploads\/2016\/07\/red-tick.png 54w, https:\/\/vit2go.net\/wp-content\/uploads\/2016\/07\/red-tick-42x33.png 42w\" sizes=\"(max-width: 12px) 100vw, 12px\" \/><span style=\"font-size: 12pt;\">Fortalece y apoya el propio sistema inmunol\u00f3gico del cuerpo<\/span><\/div>\n<div class=\"ch_list_short_item\"><img decoding=\"async\" class=\"wp-image-29383 alignleft\" src=\"https:\/\/vit2go.net\/wp-content\/uploads\/2016\/07\/red-tick.png\" alt=\"\" width=\"12\" height=\"9\" srcset=\"https:\/\/vit2go.net\/wp-content\/uploads\/2016\/07\/red-tick.png 54w, https:\/\/vit2go.net\/wp-content\/uploads\/2016\/07\/red-tick-42x33.png 42w\" sizes=\"(max-width: 12px) 100vw, 12px\" \/><span style=\"font-size: 12pt;\">Poderosa combinaci\u00f3n de ingredientes activos para una m\u00e1xima energ\u00eda y concentraci\u00f3n<\/span><\/div>\n<div class=\"ch_list_short_item\"><img decoding=\"async\" class=\"wp-image-29383 alignleft\" src=\"https:\/\/vit2go.net\/wp-content\/uploads\/2016\/07\/red-tick.png\" alt=\"\" width=\"12\" height=\"9\" srcset=\"https:\/\/vit2go.net\/wp-content\/uploads\/2016\/07\/red-tick.png 54w, https:\/\/vit2go.net\/wp-content\/uploads\/2016\/07\/red-tick-42x33.png 42w\" sizes=\"(max-width: 12px) 100vw, 12px\" \/><span style=\"font-size: 12pt;\">Electrolitos esenciales para una rehidrataci\u00f3n \u00f3ptima<\/span><\/div>\n<div class=\"ch_list_short_item\"><img decoding=\"async\" class=\"wp-image-29383 alignleft\" src=\"https:\/\/vit2go.net\/wp-content\/uploads\/2016\/07\/red-tick.png\" alt=\"\" width=\"12\" height=\"9\" srcset=\"https:\/\/vit2go.net\/wp-content\/uploads\/2016\/07\/red-tick.png 54w, https:\/\/vit2go.net\/wp-content\/uploads\/2016\/07\/red-tick-42x33.png 42w\" sizes=\"(max-width: 12px) 100vw, 12px\" \/><span style=\"font-size: 12pt;\">Para una ma\u00f1ana fresca despu\u00e9s de una fiesta<\/span><\/div>\n<div class=\"ch_list_short_item\"><img decoding=\"async\" class=\"wp-image-29383 alignleft\" src=\"https:\/\/vit2go.net\/wp-content\/uploads\/2016\/07\/red-tick.png\" alt=\"\" width=\"12\" height=\"9\" srcset=\"https:\/\/vit2go.net\/wp-content\/uploads\/2016\/07\/red-tick.png 54w, https:\/\/vit2go.net\/wp-content\/uploads\/2016\/07\/red-tick-42x33.png 42w\" sizes=\"(max-width: 12px) 100vw, 12px\" \/><span style=\"font-size: 12pt;\">100% vegano<\/span><\/div>\n<\/div>\n","protected":false},"featured_media":51396,"comment_status":"open","ping_status":"closed","template":"","meta":{"_acf_changed":false},"product_brand":[],"product_cat":[423],"product_tag":[],"woo-feed-brand":[],"class_list":{"0":"post-51338","1":"product","2":"type-product","3":"status-publish","4":"has-post-thumbnail","6":"product_cat-bundles-vit2go-es","8":"first","9":"instock","10":"sale","11":"taxable","12":"purchasable","13":"product-type-woosb"},"acf":[],"yoast_head":"<!-- This site is optimized with the Yoast SEO plugin v27.3 - https:\/\/yoast.com\/product\/yoast-seo-wordpress\/ -->\n<title>The Starter Kit  1 x ENERGY + 1 x IMMUNITY + 1 x DRINK RECOVERY 10-sobres  - Vit2go Online Shop<\/title>\n<meta name=\"robots\" content=\"index, follow, max-snippet:-1, max-image-preview:large, max-video-preview:-1\" \/>\n<link rel=\"canonical\" href=\"https:\/\/vit2go.net\/es\/shop\/the-starter-kit\/\" \/>\n<meta property=\"og:locale\" content=\"es_ES\" \/>\n<meta property=\"og:type\" content=\"article\" \/>\n<meta property=\"og:title\" content=\"The Starter Kit  1 x ENERGY + 1 x IMMUNITY + 1 x DRINK RECOVERY 10-sobres  - Vit2go Online Shop\" \/>\n<meta property=\"og:description\" content=\"Nuestro pack de iniciaci\u00f3n te presenta tres sabores \u00fanicos, cada uno repleto de poderosos beneficios. Disfruta de un rendimiento mental y f\u00edsico mejorado con ENERGY, fortalece tu sistema inmunol\u00f3gico con IMMUNITY Y recup\u00e9rate eficazmente despu\u00e9s de entrenar o de consumir alcohol con DRINK RECOVERY.  Fortalece y apoya el propio sistema inmunol\u00f3gico del cuerpo Poderosa combinaci\u00f3n de ingredientes activos para una m\u00e1xima energ\u00eda y concentraci\u00f3n Electrolitos esenciales para una rehidrataci\u00f3n \u00f3ptima Para una ma\u00f1ana fresca despu\u00e9s de una fiesta 100% vegano\" \/>\n<meta property=\"og:url\" content=\"https:\/\/vit2go.net\/es\/shop\/the-starter-kit\/\" \/>\n<meta property=\"og:site_name\" content=\"Vit2go Online Shop\" \/>\n<meta property=\"article:modified_time\" content=\"2025-01-08T11:34:31+00:00\" \/>\n<meta property=\"og:image\" content=\"https:\/\/vit2go.net\/wp-content\/uploads\/2024\/02\/1.png\" \/>\n\t<meta property=\"og:image:width\" content=\"1080\" \/>\n\t<meta property=\"og:image:height\" content=\"1350\" \/>\n\t<meta property=\"og:image:type\" content=\"image\/png\" \/>\n<meta name=\"twitter:card\" content=\"summary_large_image\" \/>\n<meta name=\"twitter:label1\" content=\"Tiempo de lectura\" \/>\n\t<meta name=\"twitter:data1\" content=\"1 minuto\" \/>\n<script type=\"application\/ld+json\" class=\"yoast-schema-graph\">{\"@context\":\"https:\\\/\\\/schema.org\",\"@graph\":[{\"@type\":\"WebPage\",\"@id\":\"https:\\\/\\\/vit2go.net\\\/es\\\/shop\\\/the-starter-kit\\\/\",\"url\":\"https:\\\/\\\/vit2go.net\\\/es\\\/shop\\\/the-starter-kit\\\/\",\"name\":\"The Starter Kit 1 x ENERGY + 1 x IMMUNITY + 1 x DRINK RECOVERY 10-sobres - Vit2go Online Shop\",\"isPartOf\":{\"@id\":\"https:\\\/\\\/vit2go.net\\\/es\\\/#website\"},\"primaryImageOfPage\":{\"@id\":\"https:\\\/\\\/vit2go.net\\\/es\\\/shop\\\/the-starter-kit\\\/#primaryimage\"},\"image\":{\"@id\":\"https:\\\/\\\/vit2go.net\\\/es\\\/shop\\\/the-starter-kit\\\/#primaryimage\"},\"thumbnailUrl\":\"https:\\\/\\\/vit2go.net\\\/wp-content\\\/uploads\\\/2024\\\/02\\\/1.png\",\"datePublished\":\"2016-06-03T09:23:55+00:00\",\"dateModified\":\"2025-01-08T11:34:31+00:00\",\"breadcrumb\":{\"@id\":\"https:\\\/\\\/vit2go.net\\\/es\\\/shop\\\/the-starter-kit\\\/#breadcrumb\"},\"inLanguage\":\"es\",\"potentialAction\":[{\"@type\":\"ReadAction\",\"target\":[\"https:\\\/\\\/vit2go.net\\\/es\\\/shop\\\/the-starter-kit\\\/\"]}]},{\"@type\":\"ImageObject\",\"inLanguage\":\"es\",\"@id\":\"https:\\\/\\\/vit2go.net\\\/es\\\/shop\\\/the-starter-kit\\\/#primaryimage\",\"url\":\"https:\\\/\\\/vit2go.net\\\/wp-content\\\/uploads\\\/2024\\\/02\\\/1.png\",\"contentUrl\":\"https:\\\/\\\/vit2go.net\\\/wp-content\\\/uploads\\\/2024\\\/02\\\/1.png\",\"width\":1080,\"height\":1350,\"caption\":\"The Starter Kit\"},{\"@type\":\"BreadcrumbList\",\"@id\":\"https:\\\/\\\/vit2go.net\\\/es\\\/shop\\\/the-starter-kit\\\/#breadcrumb\",\"itemListElement\":[{\"@type\":\"ListItem\",\"position\":1,\"name\":\"Inicio\",\"item\":\"https:\\\/\\\/vit2go.net\\\/es\\\/\"},{\"@type\":\"ListItem\",\"position\":2,\"name\":\"Bundles Vit2go\",\"item\":\"https:\\\/\\\/vit2go.net\\\/bundles-vit2go\\\/\"},{\"@type\":\"ListItem\",\"position\":3,\"name\":\"The Starter Kit 1 x ENERGY + 1 x IMMUNITY + 1 x DRINK RECOVERY 10-sobres\"}]},{\"@type\":\"WebSite\",\"@id\":\"https:\\\/\\\/vit2go.net\\\/es\\\/#website\",\"url\":\"https:\\\/\\\/vit2go.net\\\/es\\\/\",\"name\":\"Vit2go Online Shop\",\"description\":\"Unlimited vitality with Vit2go\",\"publisher\":{\"@id\":\"https:\\\/\\\/vit2go.net\\\/es\\\/#organization\"},\"potentialAction\":[{\"@type\":\"SearchAction\",\"target\":{\"@type\":\"EntryPoint\",\"urlTemplate\":\"https:\\\/\\\/vit2go.net\\\/es\\\/?s={search_term_string}\"},\"query-input\":{\"@type\":\"PropertyValueSpecification\",\"valueRequired\":true,\"valueName\":\"search_term_string\"}}],\"inLanguage\":\"es\"},{\"@type\":\"Organization\",\"@id\":\"https:\\\/\\\/vit2go.net\\\/es\\\/#organization\",\"name\":\"vit2go\",\"url\":\"https:\\\/\\\/vit2go.net\\\/es\\\/\",\"logo\":{\"@type\":\"ImageObject\",\"inLanguage\":\"es\",\"@id\":\"https:\\\/\\\/vit2go.net\\\/es\\\/#\\\/schema\\\/logo\\\/image\\\/\",\"url\":\"https:\\\/\\\/vit2go.net\\\/wp-content\\\/uploads\\\/2017\\\/03\\\/Logo-red_700.jpg\",\"contentUrl\":\"https:\\\/\\\/vit2go.net\\\/wp-content\\\/uploads\\\/2017\\\/03\\\/Logo-red_700.jpg\",\"width\":700,\"height\":292,\"caption\":\"vit2go\"},\"image\":{\"@id\":\"https:\\\/\\\/vit2go.net\\\/es\\\/#\\\/schema\\\/logo\\\/image\\\/\"}}]}<\/script>\n<!-- \/ Yoast SEO plugin. -->","yoast_head_json":{"title":"The Starter Kit  1 x ENERGY + 1 x IMMUNITY + 1 x DRINK RECOVERY 10-sobres  - Vit2go Online Shop","robots":{"index":"index","follow":"follow","max-snippet":"max-snippet:-1","max-image-preview":"max-image-preview:large","max-video-preview":"max-video-preview:-1"},"canonical":"https:\/\/vit2go.net\/es\/shop\/the-starter-kit\/","og_locale":"es_ES","og_type":"article","og_title":"The Starter Kit  1 x ENERGY + 1 x IMMUNITY + 1 x DRINK RECOVERY 10-sobres  - Vit2go Online Shop","og_description":"Nuestro pack de iniciaci\u00f3n te presenta tres sabores \u00fanicos, cada uno repleto de poderosos beneficios. Disfruta de un rendimiento mental y f\u00edsico mejorado con ENERGY, fortalece tu sistema inmunol\u00f3gico con IMMUNITY Y recup\u00e9rate eficazmente despu\u00e9s de entrenar o de consumir alcohol con DRINK RECOVERY.  Fortalece y apoya el propio sistema inmunol\u00f3gico del cuerpo Poderosa combinaci\u00f3n de ingredientes activos para una m\u00e1xima energ\u00eda y concentraci\u00f3n Electrolitos esenciales para una rehidrataci\u00f3n \u00f3ptima Para una ma\u00f1ana fresca despu\u00e9s de una fiesta 100% vegano","og_url":"https:\/\/vit2go.net\/es\/shop\/the-starter-kit\/","og_site_name":"Vit2go Online Shop","article_modified_time":"2025-01-08T11:34:31+00:00","og_image":[{"width":1080,"height":1350,"url":"https:\/\/vit2go.net\/wp-content\/uploads\/2024\/02\/1.png","type":"image\/png"}],"twitter_card":"summary_large_image","twitter_misc":{"Tiempo de lectura":"1 minuto"},"schema":{"@context":"https:\/\/schema.org","@graph":[{"@type":"WebPage","@id":"https:\/\/vit2go.net\/es\/shop\/the-starter-kit\/","url":"https:\/\/vit2go.net\/es\/shop\/the-starter-kit\/","name":"The Starter Kit 1 x ENERGY + 1 x IMMUNITY + 1 x DRINK RECOVERY 10-sobres - Vit2go Online Shop","isPartOf":{"@id":"https:\/\/vit2go.net\/es\/#website"},"primaryImageOfPage":{"@id":"https:\/\/vit2go.net\/es\/shop\/the-starter-kit\/#primaryimage"},"image":{"@id":"https:\/\/vit2go.net\/es\/shop\/the-starter-kit\/#primaryimage"},"thumbnailUrl":"https:\/\/vit2go.net\/wp-content\/uploads\/2024\/02\/1.png","datePublished":"2016-06-03T09:23:55+00:00","dateModified":"2025-01-08T11:34:31+00:00","breadcrumb":{"@id":"https:\/\/vit2go.net\/es\/shop\/the-starter-kit\/#breadcrumb"},"inLanguage":"es","potentialAction":[{"@type":"ReadAction","target":["https:\/\/vit2go.net\/es\/shop\/the-starter-kit\/"]}]},{"@type":"ImageObject","inLanguage":"es","@id":"https:\/\/vit2go.net\/es\/shop\/the-starter-kit\/#primaryimage","url":"https:\/\/vit2go.net\/wp-content\/uploads\/2024\/02\/1.png","contentUrl":"https:\/\/vit2go.net\/wp-content\/uploads\/2024\/02\/1.png","width":1080,"height":1350,"caption":"The Starter Kit"},{"@type":"BreadcrumbList","@id":"https:\/\/vit2go.net\/es\/shop\/the-starter-kit\/#breadcrumb","itemListElement":[{"@type":"ListItem","position":1,"name":"Inicio","item":"https:\/\/vit2go.net\/es\/"},{"@type":"ListItem","position":2,"name":"Bundles Vit2go","item":"https:\/\/vit2go.net\/bundles-vit2go\/"},{"@type":"ListItem","position":3,"name":"The Starter Kit 1 x ENERGY + 1 x IMMUNITY + 1 x DRINK RECOVERY 10-sobres"}]},{"@type":"WebSite","@id":"https:\/\/vit2go.net\/es\/#website","url":"https:\/\/vit2go.net\/es\/","name":"Vit2go Online Shop","description":"Unlimited vitality with Vit2go","publisher":{"@id":"https:\/\/vit2go.net\/es\/#organization"},"potentialAction":[{"@type":"SearchAction","target":{"@type":"EntryPoint","urlTemplate":"https:\/\/vit2go.net\/es\/?s={search_term_string}"},"query-input":{"@type":"PropertyValueSpecification","valueRequired":true,"valueName":"search_term_string"}}],"inLanguage":"es"},{"@type":"Organization","@id":"https:\/\/vit2go.net\/es\/#organization","name":"vit2go","url":"https:\/\/vit2go.net\/es\/","logo":{"@type":"ImageObject","inLanguage":"es","@id":"https:\/\/vit2go.net\/es\/#\/schema\/logo\/image\/","url":"https:\/\/vit2go.net\/wp-content\/uploads\/2017\/03\/Logo-red_700.jpg","contentUrl":"https:\/\/vit2go.net\/wp-content\/uploads\/2017\/03\/Logo-red_700.jpg","width":700,"height":292,"caption":"vit2go"},"image":{"@id":"https:\/\/vit2go.net\/es\/#\/schema\/logo\/image\/"}}]}},"_links":{"self":[{"href":"https:\/\/vit2go.net\/es\/wp-json\/wp\/v2\/product\/51338","targetHints":{"allow":["GET"]}}],"collection":[{"href":"https:\/\/vit2go.net\/es\/wp-json\/wp\/v2\/product"}],"about":[{"href":"https:\/\/vit2go.net\/es\/wp-json\/wp\/v2\/types\/product"}],"replies":[{"embeddable":true,"href":"https:\/\/vit2go.net\/es\/wp-json\/wp\/v2\/comments?post=51338"}],"wp:featuredmedia":[{"embeddable":true,"href":"https:\/\/vit2go.net\/es\/wp-json\/wp\/v2\/media\/51396"}],"wp:attachment":[{"href":"https:\/\/vit2go.net\/es\/wp-json\/wp\/v2\/media?parent=51338"}],"wp:term":[{"taxonomy":"product_brand","embeddable":true,"href":"https:\/\/vit2go.net\/es\/wp-json\/wp\/v2\/product_brand?post=51338"},{"taxonomy":"product_cat","embeddable":true,"href":"https:\/\/vit2go.net\/es\/wp-json\/wp\/v2\/product_cat?post=51338"},{"taxonomy":"product_tag","embeddable":true,"href":"https:\/\/vit2go.net\/es\/wp-json\/wp\/v2\/product_tag?post=51338"},{"taxonomy":"woo-feed-brand","embeddable":true,"href":"https:\/\/vit2go.net\/es\/wp-json\/wp\/v2\/woo-feed-brand?post=51338"}],"curies":[{"name":"wp","href":"https:\/\/api.w.org\/{rel}","templated":true}]}}