{"id":51330,"date":"2016-06-04T11:21:09","date_gmt":"2016-06-04T09:21:09","guid":{"rendered":"https:\/\/vit2gostg.wpenginepowered.com\/shop\/the-crusher-3\/"},"modified":"2025-01-07T18:19:15","modified_gmt":"2025-01-07T17:19:15","slug":"the-crusher-3","status":"publish","type":"product","link":"https:\/\/vit2go.net\/es\/shop\/the-crusher\/","title":{"rendered":"The Crusher<span class ='product_nickname'>  Energy 30-sobres+ Drink Recovery 10-sobres<\/span>"},"content":{"rendered":"<p>\u00a1Desbloquea tu m\u00e1ximo rendimiento con nuestro d\u00fao de ENERGY y DRINK RECOVERY!<br \/>\nENERGY proporciona el impulso f\u00edsico y mental que necesitas, mientras que DRINK RECOVERY repone electrolitos para una rehidrataci\u00f3n \u00f3ptima.<br \/>\n\u00a1Maximiza tu potencial, recup\u00e9rate m\u00e1s r\u00e1pido y conquista cada desaf\u00edo con nuestra poderosa combinaci\u00f3n!<\/p>\n<p><em><strong>Nota:<\/strong> Cada sobre proporciona la dosis diaria recomendada de vitaminas, por lo tanto, no excedas un sobre al d\u00eda de cualquiera de los productos.<\/em><\/p>\n","protected":false},"excerpt":{"rendered":"<p>\u00a1Desbloquea tu m\u00e1ximo rendimiento con nuestro d\u00fao de ENERGY y DRINK RECOVERY!<br \/>\nENERGY proporciona el impulso f\u00edsico y mental que necesitas, mientras que DRINK RECOVERY repone electrolitos para una rehidrataci\u00f3n \u00f3ptima.<br \/>\n\u00a1Maximiza tu potencial, recup\u00e9rate m\u00e1s r\u00e1pido y conquista cada desaf\u00edo con nuestra poderosa combinaci\u00f3n!<\/p>\n<p><em><strong>Nota:<\/strong> Cada sobre proporciona la dosis diaria recomendada de vitaminas, por lo tanto, no excedas un sobre al d\u00eda de cualquiera de los productos.<\/em><\/p>\n<div class=\"ch_list_short\">\n<div class=\"ch_list_short_item\"><img decoding=\"async\" class=\"wp-image-29389 alignleft\" src=\"https:\/\/vit2go.net\/wp-content\/uploads\/2016\/07\/green-tick.png\" alt=\"\" width=\"12\" height=\"9\" srcset=\"https:\/\/vit2go.net\/wp-content\/uploads\/2016\/07\/green-tick.png 54w, https:\/\/vit2go.net\/wp-content\/uploads\/2016\/07\/green-tick-42x33.png 42w\" sizes=\"(max-width: 12px) 100vw, 12px\" \/><span style=\"font-size: 12pt;\"> Poderosa combinaci\u00f3n de ingredientes activos para una m\u00e1xima energ\u00eda y concentraci\u00f3n<\/span><\/div>\n<div class=\"ch_list_short_item\"><img decoding=\"async\" class=\"wp-image-29389 alignleft\" src=\"https:\/\/vit2go.net\/wp-content\/uploads\/2016\/07\/green-tick.png\" alt=\"\" width=\"12\" height=\"9\" srcset=\"https:\/\/vit2go.net\/wp-content\/uploads\/2016\/07\/green-tick.png 54w, https:\/\/vit2go.net\/wp-content\/uploads\/2016\/07\/green-tick-42x33.png 42w\" sizes=\"(max-width: 12px) 100vw, 12px\" \/><span style=\"font-size: 12pt;\"> Efectivo para combatir la fatiga y el agotamiento<\/span><\/div>\n<div class=\"ch_list_short_item\"><img decoding=\"async\" class=\"wp-image-29389 alignleft\" src=\"https:\/\/vit2go.net\/wp-content\/uploads\/2016\/07\/green-tick.png\" alt=\"\" width=\"12\" height=\"9\" srcset=\"https:\/\/vit2go.net\/wp-content\/uploads\/2016\/07\/green-tick.png 54w, https:\/\/vit2go.net\/wp-content\/uploads\/2016\/07\/green-tick-42x33.png 42w\" sizes=\"(max-width: 12px) 100vw, 12px\" \/><span style=\"font-size: 12pt;\"> 100% vegano<\/span><\/div>\n<div class=\"ch_list_short_item\"><img decoding=\"async\" class=\"wp-image-29389 alignleft\" src=\"https:\/\/vit2go.net\/wp-content\/uploads\/2016\/07\/green-tick.png\" alt=\"\" width=\"12\" height=\"9\" srcset=\"https:\/\/vit2go.net\/wp-content\/uploads\/2016\/07\/green-tick.png 54w, https:\/\/vit2go.net\/wp-content\/uploads\/2016\/07\/green-tick-42x33.png 42w\" sizes=\"(max-width: 12px) 100vw, 12px\" \/><span style=\"font-size: 12pt;\"> Para una ma\u00f1ana fresca despu\u00e9s de una fiesta<\/span><\/div>\n<div class=\"ch_list_short_item\"><img decoding=\"async\" class=\"wp-image-29389 alignleft\" src=\"https:\/\/vit2go.net\/wp-content\/uploads\/2016\/07\/green-tick.png\" alt=\"\" width=\"12\" height=\"9\" srcset=\"https:\/\/vit2go.net\/wp-content\/uploads\/2016\/07\/green-tick.png 54w, https:\/\/vit2go.net\/wp-content\/uploads\/2016\/07\/green-tick-42x33.png 42w\" sizes=\"(max-width: 12px) 100vw, 12px\" \/><span style=\"font-size: 12pt;\"> Electrolitos esenciales para una rehidrataci\u00f3n \u00f3ptima<\/span><\/div>\n<\/div>\n","protected":false},"featured_media":51587,"comment_status":"open","ping_status":"closed","template":"","meta":{"_acf_changed":false},"product_brand":[],"product_cat":[423],"product_tag":[],"woo-feed-brand":[],"class_list":{"0":"post-51330","1":"product","2":"type-product","3":"status-publish","4":"has-post-thumbnail","6":"product_cat-bundles-vit2go-es","8":"first","9":"instock","10":"sale","11":"taxable","12":"purchasable","13":"product-type-woosb"},"acf":[],"yoast_head":"<!-- This site is optimized with the Yoast SEO plugin v27.3 - https:\/\/yoast.com\/product\/yoast-seo-wordpress\/ -->\n<title>The Crusher Energy 30-sobres+ Drink Recovery 10-sobres - Vit2go Online Shop<\/title>\n<meta name=\"robots\" content=\"index, follow, max-snippet:-1, max-image-preview:large, max-video-preview:-1\" \/>\n<link rel=\"canonical\" href=\"https:\/\/vit2go.net\/es\/shop\/the-crusher\/\" \/>\n<meta property=\"og:locale\" content=\"es_ES\" \/>\n<meta property=\"og:type\" content=\"article\" \/>\n<meta property=\"og:title\" content=\"The Crusher Energy 30-sobres+ Drink Recovery 10-sobres - Vit2go Online Shop\" \/>\n<meta property=\"og:description\" content=\"\u00a1Desbloquea tu m\u00e1ximo rendimiento con nuestro d\u00fao de ENERGY y DRINK RECOVERY! ENERGY proporciona el impulso f\u00edsico y mental que necesitas, mientras que DRINK RECOVERY repone electrolitos para una rehidrataci\u00f3n \u00f3ptima. \u00a1Maximiza tu potencial, recup\u00e9rate m\u00e1s r\u00e1pido y conquista cada desaf\u00edo con nuestra poderosa combinaci\u00f3n! Nota: Cada sobre proporciona la dosis diaria recomendada de vitaminas, por lo tanto, no excedas un sobre al d\u00eda de cualquiera de los productos.   Poderosa combinaci\u00f3n de ingredientes activos para una m\u00e1xima energ\u00eda y concentraci\u00f3n  Efectivo para combatir la fatiga y el agotamiento  100% vegano  Para una ma\u00f1ana fresca despu\u00e9s de una fiesta  Electrolitos esenciales para una rehidrataci\u00f3n \u00f3ptima\" \/>\n<meta property=\"og:url\" content=\"https:\/\/vit2go.net\/es\/shop\/the-crusher\/\" \/>\n<meta property=\"og:site_name\" content=\"Vit2go Online Shop\" \/>\n<meta property=\"article:modified_time\" content=\"2025-01-07T17:19:15+00:00\" \/>\n<meta property=\"og:image\" content=\"https:\/\/vit2go.net\/wp-content\/uploads\/2024\/02\/1-5.png\" \/>\n\t<meta property=\"og:image:width\" content=\"1080\" \/>\n\t<meta property=\"og:image:height\" content=\"1350\" \/>\n\t<meta property=\"og:image:type\" content=\"image\/png\" \/>\n<meta name=\"twitter:card\" content=\"summary_large_image\" \/>\n<meta name=\"twitter:label1\" content=\"Tiempo de lectura\" \/>\n\t<meta name=\"twitter:data1\" content=\"1 minuto\" \/>\n<script type=\"application\/ld+json\" class=\"yoast-schema-graph\">{\"@context\":\"https:\\\/\\\/schema.org\",\"@graph\":[{\"@type\":\"WebPage\",\"@id\":\"https:\\\/\\\/vit2go.net\\\/es\\\/shop\\\/the-crusher\\\/\",\"url\":\"https:\\\/\\\/vit2go.net\\\/es\\\/shop\\\/the-crusher\\\/\",\"name\":\"The Crusher Energy 30-sobres+ Drink Recovery 10-sobres - Vit2go Online Shop\",\"isPartOf\":{\"@id\":\"https:\\\/\\\/vit2go.net\\\/es\\\/#website\"},\"primaryImageOfPage\":{\"@id\":\"https:\\\/\\\/vit2go.net\\\/es\\\/shop\\\/the-crusher\\\/#primaryimage\"},\"image\":{\"@id\":\"https:\\\/\\\/vit2go.net\\\/es\\\/shop\\\/the-crusher\\\/#primaryimage\"},\"thumbnailUrl\":\"https:\\\/\\\/vit2go.net\\\/wp-content\\\/uploads\\\/2024\\\/02\\\/1-5.png\",\"datePublished\":\"2016-06-04T09:21:09+00:00\",\"dateModified\":\"2025-01-07T17:19:15+00:00\",\"breadcrumb\":{\"@id\":\"https:\\\/\\\/vit2go.net\\\/es\\\/shop\\\/the-crusher\\\/#breadcrumb\"},\"inLanguage\":\"es\",\"potentialAction\":[{\"@type\":\"ReadAction\",\"target\":[\"https:\\\/\\\/vit2go.net\\\/es\\\/shop\\\/the-crusher\\\/\"]}]},{\"@type\":\"ImageObject\",\"inLanguage\":\"es\",\"@id\":\"https:\\\/\\\/vit2go.net\\\/es\\\/shop\\\/the-crusher\\\/#primaryimage\",\"url\":\"https:\\\/\\\/vit2go.net\\\/wp-content\\\/uploads\\\/2024\\\/02\\\/1-5.png\",\"contentUrl\":\"https:\\\/\\\/vit2go.net\\\/wp-content\\\/uploads\\\/2024\\\/02\\\/1-5.png\",\"width\":1080,\"height\":1350,\"caption\":\"The Crusher\"},{\"@type\":\"BreadcrumbList\",\"@id\":\"https:\\\/\\\/vit2go.net\\\/es\\\/shop\\\/the-crusher\\\/#breadcrumb\",\"itemListElement\":[{\"@type\":\"ListItem\",\"position\":1,\"name\":\"Inicio\",\"item\":\"https:\\\/\\\/vit2go.net\\\/es\\\/\"},{\"@type\":\"ListItem\",\"position\":2,\"name\":\"Bundles Vit2go\",\"item\":\"https:\\\/\\\/vit2go.net\\\/bundles-vit2go\\\/\"},{\"@type\":\"ListItem\",\"position\":3,\"name\":\"The Crusher Energy 30-sobres+ Drink Recovery 10-sobres\"}]},{\"@type\":\"WebSite\",\"@id\":\"https:\\\/\\\/vit2go.net\\\/es\\\/#website\",\"url\":\"https:\\\/\\\/vit2go.net\\\/es\\\/\",\"name\":\"Vit2go Online Shop\",\"description\":\"Unlimited vitality with Vit2go\",\"publisher\":{\"@id\":\"https:\\\/\\\/vit2go.net\\\/es\\\/#organization\"},\"potentialAction\":[{\"@type\":\"SearchAction\",\"target\":{\"@type\":\"EntryPoint\",\"urlTemplate\":\"https:\\\/\\\/vit2go.net\\\/es\\\/?s={search_term_string}\"},\"query-input\":{\"@type\":\"PropertyValueSpecification\",\"valueRequired\":true,\"valueName\":\"search_term_string\"}}],\"inLanguage\":\"es\"},{\"@type\":\"Organization\",\"@id\":\"https:\\\/\\\/vit2go.net\\\/es\\\/#organization\",\"name\":\"vit2go\",\"url\":\"https:\\\/\\\/vit2go.net\\\/es\\\/\",\"logo\":{\"@type\":\"ImageObject\",\"inLanguage\":\"es\",\"@id\":\"https:\\\/\\\/vit2go.net\\\/es\\\/#\\\/schema\\\/logo\\\/image\\\/\",\"url\":\"https:\\\/\\\/vit2go.net\\\/wp-content\\\/uploads\\\/2017\\\/03\\\/Logo-red_700.jpg\",\"contentUrl\":\"https:\\\/\\\/vit2go.net\\\/wp-content\\\/uploads\\\/2017\\\/03\\\/Logo-red_700.jpg\",\"width\":700,\"height\":292,\"caption\":\"vit2go\"},\"image\":{\"@id\":\"https:\\\/\\\/vit2go.net\\\/es\\\/#\\\/schema\\\/logo\\\/image\\\/\"}}]}<\/script>\n<!-- \/ Yoast SEO plugin. -->","yoast_head_json":{"title":"The Crusher Energy 30-sobres+ Drink Recovery 10-sobres - Vit2go Online Shop","robots":{"index":"index","follow":"follow","max-snippet":"max-snippet:-1","max-image-preview":"max-image-preview:large","max-video-preview":"max-video-preview:-1"},"canonical":"https:\/\/vit2go.net\/es\/shop\/the-crusher\/","og_locale":"es_ES","og_type":"article","og_title":"The Crusher Energy 30-sobres+ Drink Recovery 10-sobres - Vit2go Online Shop","og_description":"\u00a1Desbloquea tu m\u00e1ximo rendimiento con nuestro d\u00fao de ENERGY y DRINK RECOVERY! ENERGY proporciona el impulso f\u00edsico y mental que necesitas, mientras que DRINK RECOVERY repone electrolitos para una rehidrataci\u00f3n \u00f3ptima. \u00a1Maximiza tu potencial, recup\u00e9rate m\u00e1s r\u00e1pido y conquista cada desaf\u00edo con nuestra poderosa combinaci\u00f3n! Nota: Cada sobre proporciona la dosis diaria recomendada de vitaminas, por lo tanto, no excedas un sobre al d\u00eda de cualquiera de los productos.   Poderosa combinaci\u00f3n de ingredientes activos para una m\u00e1xima energ\u00eda y concentraci\u00f3n  Efectivo para combatir la fatiga y el agotamiento  100% vegano  Para una ma\u00f1ana fresca despu\u00e9s de una fiesta  Electrolitos esenciales para una rehidrataci\u00f3n \u00f3ptima","og_url":"https:\/\/vit2go.net\/es\/shop\/the-crusher\/","og_site_name":"Vit2go Online Shop","article_modified_time":"2025-01-07T17:19:15+00:00","og_image":[{"width":1080,"height":1350,"url":"https:\/\/vit2go.net\/wp-content\/uploads\/2024\/02\/1-5.png","type":"image\/png"}],"twitter_card":"summary_large_image","twitter_misc":{"Tiempo de lectura":"1 minuto"},"schema":{"@context":"https:\/\/schema.org","@graph":[{"@type":"WebPage","@id":"https:\/\/vit2go.net\/es\/shop\/the-crusher\/","url":"https:\/\/vit2go.net\/es\/shop\/the-crusher\/","name":"The Crusher Energy 30-sobres+ Drink Recovery 10-sobres - Vit2go Online Shop","isPartOf":{"@id":"https:\/\/vit2go.net\/es\/#website"},"primaryImageOfPage":{"@id":"https:\/\/vit2go.net\/es\/shop\/the-crusher\/#primaryimage"},"image":{"@id":"https:\/\/vit2go.net\/es\/shop\/the-crusher\/#primaryimage"},"thumbnailUrl":"https:\/\/vit2go.net\/wp-content\/uploads\/2024\/02\/1-5.png","datePublished":"2016-06-04T09:21:09+00:00","dateModified":"2025-01-07T17:19:15+00:00","breadcrumb":{"@id":"https:\/\/vit2go.net\/es\/shop\/the-crusher\/#breadcrumb"},"inLanguage":"es","potentialAction":[{"@type":"ReadAction","target":["https:\/\/vit2go.net\/es\/shop\/the-crusher\/"]}]},{"@type":"ImageObject","inLanguage":"es","@id":"https:\/\/vit2go.net\/es\/shop\/the-crusher\/#primaryimage","url":"https:\/\/vit2go.net\/wp-content\/uploads\/2024\/02\/1-5.png","contentUrl":"https:\/\/vit2go.net\/wp-content\/uploads\/2024\/02\/1-5.png","width":1080,"height":1350,"caption":"The Crusher"},{"@type":"BreadcrumbList","@id":"https:\/\/vit2go.net\/es\/shop\/the-crusher\/#breadcrumb","itemListElement":[{"@type":"ListItem","position":1,"name":"Inicio","item":"https:\/\/vit2go.net\/es\/"},{"@type":"ListItem","position":2,"name":"Bundles Vit2go","item":"https:\/\/vit2go.net\/bundles-vit2go\/"},{"@type":"ListItem","position":3,"name":"The Crusher Energy 30-sobres+ Drink Recovery 10-sobres"}]},{"@type":"WebSite","@id":"https:\/\/vit2go.net\/es\/#website","url":"https:\/\/vit2go.net\/es\/","name":"Vit2go Online Shop","description":"Unlimited vitality with Vit2go","publisher":{"@id":"https:\/\/vit2go.net\/es\/#organization"},"potentialAction":[{"@type":"SearchAction","target":{"@type":"EntryPoint","urlTemplate":"https:\/\/vit2go.net\/es\/?s={search_term_string}"},"query-input":{"@type":"PropertyValueSpecification","valueRequired":true,"valueName":"search_term_string"}}],"inLanguage":"es"},{"@type":"Organization","@id":"https:\/\/vit2go.net\/es\/#organization","name":"vit2go","url":"https:\/\/vit2go.net\/es\/","logo":{"@type":"ImageObject","inLanguage":"es","@id":"https:\/\/vit2go.net\/es\/#\/schema\/logo\/image\/","url":"https:\/\/vit2go.net\/wp-content\/uploads\/2017\/03\/Logo-red_700.jpg","contentUrl":"https:\/\/vit2go.net\/wp-content\/uploads\/2017\/03\/Logo-red_700.jpg","width":700,"height":292,"caption":"vit2go"},"image":{"@id":"https:\/\/vit2go.net\/es\/#\/schema\/logo\/image\/"}}]}},"_links":{"self":[{"href":"https:\/\/vit2go.net\/es\/wp-json\/wp\/v2\/product\/51330","targetHints":{"allow":["GET"]}}],"collection":[{"href":"https:\/\/vit2go.net\/es\/wp-json\/wp\/v2\/product"}],"about":[{"href":"https:\/\/vit2go.net\/es\/wp-json\/wp\/v2\/types\/product"}],"replies":[{"embeddable":true,"href":"https:\/\/vit2go.net\/es\/wp-json\/wp\/v2\/comments?post=51330"}],"wp:featuredmedia":[{"embeddable":true,"href":"https:\/\/vit2go.net\/es\/wp-json\/wp\/v2\/media\/51587"}],"wp:attachment":[{"href":"https:\/\/vit2go.net\/es\/wp-json\/wp\/v2\/media?parent=51330"}],"wp:term":[{"taxonomy":"product_brand","embeddable":true,"href":"https:\/\/vit2go.net\/es\/wp-json\/wp\/v2\/product_brand?post=51330"},{"taxonomy":"product_cat","embeddable":true,"href":"https:\/\/vit2go.net\/es\/wp-json\/wp\/v2\/product_cat?post=51330"},{"taxonomy":"product_tag","embeddable":true,"href":"https:\/\/vit2go.net\/es\/wp-json\/wp\/v2\/product_tag?post=51330"},{"taxonomy":"woo-feed-brand","embeddable":true,"href":"https:\/\/vit2go.net\/es\/wp-json\/wp\/v2\/woo-feed-brand?post=51330"}],"curies":[{"name":"wp","href":"https:\/\/api.w.org\/{rel}","templated":true}]}}