{"id":37731,"date":"2016-08-05T16:04:34","date_gmt":"2016-08-05T14:04:34","guid":{"rendered":"https:\/\/vit2gostg.wpenginepowered.com\/delivery-information\/"},"modified":"2024-07-23T12:17:31","modified_gmt":"2024-07-23T10:17:31","slug":"delivery-information","status":"publish","type":"page","link":"https:\/\/vit2go.net\/es\/informacion-de-envios\/","title":{"rendered":"Informaci\u00f3n de env\u00edos"},"content":{"rendered":"<table dir=\"ltr\" border=\"1\" cellspacing=\"0\" cellpadding=\"0\" data-sheets-root=\"1\">\n<colgroup>\n<col width=\"192\" \/>\n<col width=\"161\" \/>\n<col width=\"147\" \/><\/colgroup>\n<tbody>\n<tr>\n<td data-sheets-value=\"{&quot;1&quot;:2,&quot;2&quot;:&quot;Ubicaci\u00f3n&quot;}\"><strong>Ubicaci\u00f3n<\/strong><\/td>\n<td data-sheets-value=\"{&quot;1&quot;:2,&quot;2&quot;:&quot;Gastos de env\u00edo&quot;}\"><strong>Gastos de env\u00edo<\/strong><\/td>\n<td data-sheets-value=\"{&quot;1&quot;:2,&quot;2&quot;:&quot;Plazo de entrega&quot;}\"><strong>Plazo de entrega<\/strong><\/td>\n<\/tr>\n<tr>\n<td data-sheets-value=\"{&quot;1&quot;:2,&quot;2&quot;:&quot;Alemania y Espa\u00f1a&quot;}\">Alemania y Espa\u00f1a<\/td>\n<td data-sheets-value=\"{&quot;1&quot;:2,&quot;2&quot;:&quot;5,90\u20ac, gratuito a partir de 30\u20ac de valor del pedido&quot;}\">5,90\u20ac, gratuito a partir de 30\u20ac de valor del pedido<\/td>\n<td data-sheets-value=\"{&quot;1&quot;:2,&quot;2&quot;:&quot;2-3 d\u00edas laborables&quot;}\">2-3 d\u00edas laborables<\/td>\n<\/tr>\n<tr>\n<td data-sheets-value=\"{&quot;1&quot;:2,&quot;2&quot;:&quot;Dentro de la UE (excepto Alemania y Espa\u00f1a)&quot;}\">Dentro de la UE (excepto Alemania y Espa\u00f1a)<\/td>\n<td data-sheets-value=\"{&quot;1&quot;:2,&quot;2&quot;:&quot;6,90\u20ac, gratuito a partir de 50\u20ac de valor del pedido&quot;}\">6,90\u20ac, gratuito a partir de 50\u20ac de valor del pedido<\/td>\n<td data-sheets-value=\"{&quot;1&quot;:2,&quot;2&quot;:&quot;3-4 d\u00edas laborables&quot;}\">3-4 d\u00edas laborables<\/td>\n<\/tr>\n<tr>\n<td data-sheets-value=\"{&quot;1&quot;:2,&quot;2&quot;:&quot;Fuera de la UE&quot;}\">Fuera de la UE<\/td>\n<td data-sheets-value=\"{&quot;1&quot;:2,&quot;2&quot;:&quot;7,90\u20ac, gratuito a partir de 50\u20ac de valor del pedido&quot;}\">7,90\u20ac, gratuito a partir de 50\u20ac de valor del pedido<\/td>\n<td data-sheets-value=\"{&quot;1&quot;:2,&quot;2&quot;:&quot;5-7 d\u00edas laborables&quot;}\">5-7 d\u00edas laborables<\/td>\n<\/tr>\n<tr>\n<td data-sheets-value=\"{&quot;1&quot;:2,&quot;2&quot;:&quot;Suiza &quot;}\">Suiza<\/td>\n<td data-sheets-value=\"{&quot;1&quot;:3,&quot;3&quot;:15}\" data-sheets-numberformat=\"{&quot;1&quot;:4,&quot;2&quot;:&quot;#,##0\\&quot;\u20ac\\&quot;&quot;,&quot;3&quot;:1}\">15\u20ac<\/td>\n<td data-sheets-value=\"{&quot;1&quot;:2,&quot;2&quot;:&quot;5-7 d\u00edas laborables&quot;}\">5-7 d\u00edas laborables<\/td>\n<\/tr>\n<tr>\n<td data-sheets-value=\"{&quot;1&quot;:2,&quot;2&quot;:&quot;Estados Unidos\/Resto del mundo&quot;}\">Estados Unidos\/Resto del mundo<\/td>\n<td data-sheets-value=\"{&quot;1&quot;:2,&quot;2&quot;:&quot;$7,90, gratuito a partir de $50 de valor del pedido&quot;}\">$7,90, gratuito a partir de $50 de valor del pedido<\/td>\n<td data-sheets-value=\"{&quot;1&quot;:2,&quot;2&quot;:&quot;7-10 d\u00edas laborables&quot;}\">7-10 d\u00edas laborables<\/td>\n<\/tr>\n<\/tbody>\n<\/table>\n","protected":false},"excerpt":{"rendered":"<p>Ubicaci\u00f3n Gastos de env\u00edo Plazo de entrega Alemania y Espa\u00f1a 5,90\u20ac, gratuito a partir de 30\u20ac de valor del pedido&#8230;<\/p>\n","protected":false},"author":1,"featured_media":0,"parent":0,"menu_order":0,"comment_status":"closed","ping_status":"closed","template":"","meta":{"_acf_changed":false,"footnotes":""},"class_list":["post-37731","page","type-page","status-publish","hentry"],"acf":[],"yoast_head":"<!-- This site is optimized with the Yoast SEO plugin v27.3 - https:\/\/yoast.com\/product\/yoast-seo-wordpress\/ -->\n<title>Vit2go Env\u00edo: Env\u00edo Gratuito en la UE para Pedidos Superiores a \u20ac30<\/title>\n<meta name=\"description\" content=\"Disfrute de una entrega r\u00e1pida y segura de complementos alimenticios de alta calidad con Vit2go. Conozca m\u00e1s sobre nuestros servicios de entrega convenientes.\" \/>\n<meta name=\"robots\" content=\"noindex, follow\" \/>\n<meta property=\"og:locale\" content=\"es_ES\" \/>\n<meta property=\"og:type\" content=\"article\" \/>\n<meta property=\"og:title\" content=\"Vit2go Env\u00edo: Env\u00edo Gratuito en la UE para Pedidos Superiores a \u20ac30\" \/>\n<meta property=\"og:description\" content=\"Disfrute de una entrega r\u00e1pida y segura de complementos alimenticios de alta calidad con Vit2go. Conozca m\u00e1s sobre nuestros servicios de entrega convenientes.\" \/>\n<meta property=\"og:url\" content=\"https:\/\/vit2go.net\/es\/informacion-de-envios\/\" \/>\n<meta property=\"og:site_name\" content=\"Vit2go Online Shop\" \/>\n<meta property=\"article:modified_time\" content=\"2024-07-23T10:17:31+00:00\" \/>\n<meta name=\"twitter:card\" content=\"summary_large_image\" \/>\n<meta name=\"twitter:label1\" content=\"Tiempo de lectura\" \/>\n\t<meta name=\"twitter:data1\" content=\"1 minuto\" \/>\n<script type=\"application\/ld+json\" class=\"yoast-schema-graph\">{\"@context\":\"https:\\\/\\\/schema.org\",\"@graph\":[{\"@type\":\"WebPage\",\"@id\":\"https:\\\/\\\/vit2go.net\\\/es\\\/informacion-de-envios\\\/\",\"url\":\"https:\\\/\\\/vit2go.net\\\/es\\\/informacion-de-envios\\\/\",\"name\":\"Vit2go Env\u00edo: Env\u00edo Gratuito en la UE para Pedidos Superiores a \u20ac30\",\"isPartOf\":{\"@id\":\"https:\\\/\\\/vit2go.net\\\/es\\\/#website\"},\"datePublished\":\"2016-08-05T14:04:34+00:00\",\"dateModified\":\"2024-07-23T10:17:31+00:00\",\"description\":\"Disfrute de una entrega r\u00e1pida y segura de complementos alimenticios de alta calidad con Vit2go. Conozca m\u00e1s sobre nuestros servicios de entrega convenientes.\",\"breadcrumb\":{\"@id\":\"https:\\\/\\\/vit2go.net\\\/es\\\/informacion-de-envios\\\/#breadcrumb\"},\"inLanguage\":\"es\",\"potentialAction\":[{\"@type\":\"ReadAction\",\"target\":[\"https:\\\/\\\/vit2go.net\\\/es\\\/informacion-de-envios\\\/\"]}]},{\"@type\":\"BreadcrumbList\",\"@id\":\"https:\\\/\\\/vit2go.net\\\/es\\\/informacion-de-envios\\\/#breadcrumb\",\"itemListElement\":[{\"@type\":\"ListItem\",\"position\":1,\"name\":\"Inicio\",\"item\":\"https:\\\/\\\/vit2go.net\\\/es\\\/\"},{\"@type\":\"ListItem\",\"position\":2,\"name\":\"Informaci\u00f3n de env\u00edos\"}]},{\"@type\":\"WebSite\",\"@id\":\"https:\\\/\\\/vit2go.net\\\/es\\\/#website\",\"url\":\"https:\\\/\\\/vit2go.net\\\/es\\\/\",\"name\":\"Vit2go Online Shop\",\"description\":\"Unlimited vitality with Vit2go\",\"publisher\":{\"@id\":\"https:\\\/\\\/vit2go.net\\\/es\\\/#organization\"},\"potentialAction\":[{\"@type\":\"SearchAction\",\"target\":{\"@type\":\"EntryPoint\",\"urlTemplate\":\"https:\\\/\\\/vit2go.net\\\/es\\\/?s={search_term_string}\"},\"query-input\":{\"@type\":\"PropertyValueSpecification\",\"valueRequired\":true,\"valueName\":\"search_term_string\"}}],\"inLanguage\":\"es\"},{\"@type\":\"Organization\",\"@id\":\"https:\\\/\\\/vit2go.net\\\/es\\\/#organization\",\"name\":\"vit2go\",\"url\":\"https:\\\/\\\/vit2go.net\\\/es\\\/\",\"logo\":{\"@type\":\"ImageObject\",\"inLanguage\":\"es\",\"@id\":\"https:\\\/\\\/vit2go.net\\\/es\\\/#\\\/schema\\\/logo\\\/image\\\/\",\"url\":\"https:\\\/\\\/vit2go.net\\\/wp-content\\\/uploads\\\/2017\\\/03\\\/Logo-red_700.jpg\",\"contentUrl\":\"https:\\\/\\\/vit2go.net\\\/wp-content\\\/uploads\\\/2017\\\/03\\\/Logo-red_700.jpg\",\"width\":700,\"height\":292,\"caption\":\"vit2go\"},\"image\":{\"@id\":\"https:\\\/\\\/vit2go.net\\\/es\\\/#\\\/schema\\\/logo\\\/image\\\/\"}}]}<\/script>\n<!-- \/ Yoast SEO plugin. -->","yoast_head_json":{"title":"Vit2go Env\u00edo: Env\u00edo Gratuito en la UE para Pedidos Superiores a \u20ac30","description":"Disfrute de una entrega r\u00e1pida y segura de complementos alimenticios de alta calidad con Vit2go. Conozca m\u00e1s sobre nuestros servicios de entrega convenientes.","robots":{"index":"noindex","follow":"follow"},"og_locale":"es_ES","og_type":"article","og_title":"Vit2go Env\u00edo: Env\u00edo Gratuito en la UE para Pedidos Superiores a \u20ac30","og_description":"Disfrute de una entrega r\u00e1pida y segura de complementos alimenticios de alta calidad con Vit2go. Conozca m\u00e1s sobre nuestros servicios de entrega convenientes.","og_url":"https:\/\/vit2go.net\/es\/informacion-de-envios\/","og_site_name":"Vit2go Online Shop","article_modified_time":"2024-07-23T10:17:31+00:00","twitter_card":"summary_large_image","twitter_misc":{"Tiempo de lectura":"1 minuto"},"schema":{"@context":"https:\/\/schema.org","@graph":[{"@type":"WebPage","@id":"https:\/\/vit2go.net\/es\/informacion-de-envios\/","url":"https:\/\/vit2go.net\/es\/informacion-de-envios\/","name":"Vit2go Env\u00edo: Env\u00edo Gratuito en la UE para Pedidos Superiores a \u20ac30","isPartOf":{"@id":"https:\/\/vit2go.net\/es\/#website"},"datePublished":"2016-08-05T14:04:34+00:00","dateModified":"2024-07-23T10:17:31+00:00","description":"Disfrute de una entrega r\u00e1pida y segura de complementos alimenticios de alta calidad con Vit2go. Conozca m\u00e1s sobre nuestros servicios de entrega convenientes.","breadcrumb":{"@id":"https:\/\/vit2go.net\/es\/informacion-de-envios\/#breadcrumb"},"inLanguage":"es","potentialAction":[{"@type":"ReadAction","target":["https:\/\/vit2go.net\/es\/informacion-de-envios\/"]}]},{"@type":"BreadcrumbList","@id":"https:\/\/vit2go.net\/es\/informacion-de-envios\/#breadcrumb","itemListElement":[{"@type":"ListItem","position":1,"name":"Inicio","item":"https:\/\/vit2go.net\/es\/"},{"@type":"ListItem","position":2,"name":"Informaci\u00f3n de env\u00edos"}]},{"@type":"WebSite","@id":"https:\/\/vit2go.net\/es\/#website","url":"https:\/\/vit2go.net\/es\/","name":"Vit2go Online Shop","description":"Unlimited vitality with Vit2go","publisher":{"@id":"https:\/\/vit2go.net\/es\/#organization"},"potentialAction":[{"@type":"SearchAction","target":{"@type":"EntryPoint","urlTemplate":"https:\/\/vit2go.net\/es\/?s={search_term_string}"},"query-input":{"@type":"PropertyValueSpecification","valueRequired":true,"valueName":"search_term_string"}}],"inLanguage":"es"},{"@type":"Organization","@id":"https:\/\/vit2go.net\/es\/#organization","name":"vit2go","url":"https:\/\/vit2go.net\/es\/","logo":{"@type":"ImageObject","inLanguage":"es","@id":"https:\/\/vit2go.net\/es\/#\/schema\/logo\/image\/","url":"https:\/\/vit2go.net\/wp-content\/uploads\/2017\/03\/Logo-red_700.jpg","contentUrl":"https:\/\/vit2go.net\/wp-content\/uploads\/2017\/03\/Logo-red_700.jpg","width":700,"height":292,"caption":"vit2go"},"image":{"@id":"https:\/\/vit2go.net\/es\/#\/schema\/logo\/image\/"}}]}},"_links":{"self":[{"href":"https:\/\/vit2go.net\/es\/wp-json\/wp\/v2\/pages\/37731","targetHints":{"allow":["GET"]}}],"collection":[{"href":"https:\/\/vit2go.net\/es\/wp-json\/wp\/v2\/pages"}],"about":[{"href":"https:\/\/vit2go.net\/es\/wp-json\/wp\/v2\/types\/page"}],"author":[{"embeddable":true,"href":"https:\/\/vit2go.net\/es\/wp-json\/wp\/v2\/users\/1"}],"replies":[{"embeddable":true,"href":"https:\/\/vit2go.net\/es\/wp-json\/wp\/v2\/comments?post=37731"}],"version-history":[{"count":0,"href":"https:\/\/vit2go.net\/es\/wp-json\/wp\/v2\/pages\/37731\/revisions"}],"wp:attachment":[{"href":"https:\/\/vit2go.net\/es\/wp-json\/wp\/v2\/media?parent=37731"}],"curies":[{"name":"wp","href":"https:\/\/api.w.org\/{rel}","templated":true}]}}