{"id":34085,"date":"2018-11-26T16:25:15","date_gmt":"2018-11-26T15:25:15","guid":{"rendered":"https:\/\/vit2gostg.wpenginepowered.com\/contact-en-neu_v2\/"},"modified":"2025-09-22T10:00:54","modified_gmt":"2025-09-22T08:00:54","slug":"contact-en-neu_v2","status":"publish","type":"page","link":"https:\/\/vit2go.net\/es\/contacto\/","title":{"rendered":"Contacto"},"content":{"rendered":"<div class=\"kont-block\">\n<h3 class=\"h3 kont-h3\">Preguntas e informaci\u00f3n de nuestros productos<\/h3>\n<div>Puede que encuentres la respuesta a tu pregunta en nuestras <a href=\"https:\/\/vit2go.net\/es\/preguntas-frecuentes\/\">FAQs<\/a>. Si no encuentras lo que est\u00e1s buscando, simplemente escr\u00edbenos y te contestaremos cuanto antes.<\/div>\n<\/div>\n<div class=\"kont-block\">\n<h3 class=\"h3 kont-h3\">Cooperaci\u00f3n, distribuci\u00f3n e ideas de negocio<\/h3>\n<div>\u00bfTe gustar\u00eda distribuir nuestros productos o tienes una idea de negocio y quieres asociarte con nosotros? \u00a1Cont\u00e1ctanos hoy, nos encantar\u00eda escuchar tu propuesta!<\/div>\n<\/div>\n<div class=\"kont-block\">\n<h3 class=\"h3 kont-h3\">Prensa y medios de comunicaci\u00f3n, colaboraciones con influencers.<\/h3>\n<div>\u00bfEst\u00e1s buscando informaci\u00f3n de nuestros productos, material de prensa e im\u00e1genes de Vit2go y nuestra empresa? Por favor, visita nuestra sala de prensa.<br \/>\nSi quieres presentar nuestro producto y necesitas m\u00e1s informaci\u00f3n, cont\u00e1ctanos sin compromiso. Estaremos encantados de ofrecerte entrevistas exclusivas y pruebas gratuitas de nuestros productos si lo pides.<\/div>\n<\/div>\n<div class=\"kont-block\">\n<h3 class=\"h3 kont-h3\">Cualquier otra consulta<\/h3>\n<div>Cont\u00e1ctanos hoy &#8211; \u00a1ser\u00e1 un placer responderte!<\/div>\n<\/div>\n","protected":false},"excerpt":{"rendered":"<p>Preguntas e informaci\u00f3n de nuestros productos Puede que encuentres la respuesta a tu pregunta en nuestras FAQs. Si no encuentras&#8230;<\/p>\n","protected":false},"author":161,"featured_media":34371,"parent":0,"menu_order":0,"comment_status":"closed","ping_status":"closed","template":"template-contacts.php","meta":{"_acf_changed":false,"footnotes":""},"class_list":["post-34085","page","type-page","status-publish","has-post-thumbnail","hentry"],"acf":[],"yoast_head":"<!-- This site is optimized with the Yoast SEO plugin v27.3 - https:\/\/yoast.com\/product\/yoast-seo-wordpress\/ -->\n<title>Cont\u00e1ctanos: Comun\u00edcate con nosotros f\u00e1cilmente<\/title>\n<meta name=\"description\" content=\"\u00bfTienes preguntas o sugerencias? \u00a1Cont\u00e1ctanos! Estamos aqu\u00ed para brindarte asistencia y resolver cualquier duda que tengas sobre nuestros suplementos.\" \/>\n<meta name=\"robots\" content=\"index, follow, max-snippet:-1, max-image-preview:large, max-video-preview:-1\" \/>\n<link rel=\"canonical\" href=\"https:\/\/vit2go.net\/es\/contacto\/\" \/>\n<meta property=\"og:locale\" content=\"es_ES\" \/>\n<meta property=\"og:type\" content=\"article\" \/>\n<meta property=\"og:title\" content=\"Cont\u00e1ctanos: Comun\u00edcate con nosotros f\u00e1cilmente\" \/>\n<meta property=\"og:description\" content=\"\u00bfTienes preguntas o sugerencias? \u00a1Cont\u00e1ctanos! Estamos aqu\u00ed para brindarte asistencia y resolver cualquier duda que tengas sobre nuestros suplementos.\" \/>\n<meta property=\"og:url\" content=\"https:\/\/vit2go.net\/es\/contacto\/\" \/>\n<meta property=\"og:site_name\" content=\"Vit2go Online Shop\" \/>\n<meta property=\"article:modified_time\" content=\"2025-09-22T08:00:54+00:00\" \/>\n<meta property=\"og:image\" content=\"https:\/\/vit2go.net\/wp-content\/uploads\/2021\/03\/contact_img2.jpg\" \/>\n\t<meta property=\"og:image:width\" content=\"510\" \/>\n\t<meta property=\"og:image:height\" content=\"550\" \/>\n\t<meta property=\"og:image:type\" content=\"image\/jpeg\" \/>\n<meta name=\"twitter:card\" content=\"summary_large_image\" \/>\n<meta name=\"twitter:label1\" content=\"Tiempo de lectura\" \/>\n\t<meta name=\"twitter:data1\" content=\"1 minuto\" \/>\n<script type=\"application\/ld+json\" class=\"yoast-schema-graph\">{\"@context\":\"https:\\\/\\\/schema.org\",\"@graph\":[{\"@type\":\"WebPage\",\"@id\":\"https:\\\/\\\/vit2go.net\\\/es\\\/contacto\\\/\",\"url\":\"https:\\\/\\\/vit2go.net\\\/es\\\/contacto\\\/\",\"name\":\"Cont\u00e1ctanos: Comun\u00edcate con nosotros f\u00e1cilmente\",\"isPartOf\":{\"@id\":\"https:\\\/\\\/vit2go.net\\\/es\\\/#website\"},\"primaryImageOfPage\":{\"@id\":\"https:\\\/\\\/vit2go.net\\\/es\\\/contacto\\\/#primaryimage\"},\"image\":{\"@id\":\"https:\\\/\\\/vit2go.net\\\/es\\\/contacto\\\/#primaryimage\"},\"thumbnailUrl\":\"https:\\\/\\\/vit2go.net\\\/wp-content\\\/uploads\\\/2021\\\/03\\\/contact_img2.jpg\",\"datePublished\":\"2018-11-26T15:25:15+00:00\",\"dateModified\":\"2025-09-22T08:00:54+00:00\",\"description\":\"\u00bfTienes preguntas o sugerencias? \u00a1Cont\u00e1ctanos! Estamos aqu\u00ed para brindarte asistencia y resolver cualquier duda que tengas sobre nuestros suplementos.\",\"breadcrumb\":{\"@id\":\"https:\\\/\\\/vit2go.net\\\/es\\\/contacto\\\/#breadcrumb\"},\"inLanguage\":\"es\",\"potentialAction\":[{\"@type\":\"ReadAction\",\"target\":[\"https:\\\/\\\/vit2go.net\\\/es\\\/contacto\\\/\"]}]},{\"@type\":\"ImageObject\",\"inLanguage\":\"es\",\"@id\":\"https:\\\/\\\/vit2go.net\\\/es\\\/contacto\\\/#primaryimage\",\"url\":\"https:\\\/\\\/vit2go.net\\\/wp-content\\\/uploads\\\/2021\\\/03\\\/contact_img2.jpg\",\"contentUrl\":\"https:\\\/\\\/vit2go.net\\\/wp-content\\\/uploads\\\/2021\\\/03\\\/contact_img2.jpg\",\"width\":510,\"height\":550,\"caption\":\"contact_img\"},{\"@type\":\"BreadcrumbList\",\"@id\":\"https:\\\/\\\/vit2go.net\\\/es\\\/contacto\\\/#breadcrumb\",\"itemListElement\":[{\"@type\":\"ListItem\",\"position\":1,\"name\":\"Inicio\",\"item\":\"https:\\\/\\\/vit2go.net\\\/es\\\/\"},{\"@type\":\"ListItem\",\"position\":2,\"name\":\"Contacto\"}]},{\"@type\":\"WebSite\",\"@id\":\"https:\\\/\\\/vit2go.net\\\/es\\\/#website\",\"url\":\"https:\\\/\\\/vit2go.net\\\/es\\\/\",\"name\":\"Vit2go Online Shop\",\"description\":\"Unlimited vitality with Vit2go\",\"publisher\":{\"@id\":\"https:\\\/\\\/vit2go.net\\\/es\\\/#organization\"},\"potentialAction\":[{\"@type\":\"SearchAction\",\"target\":{\"@type\":\"EntryPoint\",\"urlTemplate\":\"https:\\\/\\\/vit2go.net\\\/es\\\/?s={search_term_string}\"},\"query-input\":{\"@type\":\"PropertyValueSpecification\",\"valueRequired\":true,\"valueName\":\"search_term_string\"}}],\"inLanguage\":\"es\"},{\"@type\":\"Organization\",\"@id\":\"https:\\\/\\\/vit2go.net\\\/es\\\/#organization\",\"name\":\"vit2go\",\"url\":\"https:\\\/\\\/vit2go.net\\\/es\\\/\",\"logo\":{\"@type\":\"ImageObject\",\"inLanguage\":\"es\",\"@id\":\"https:\\\/\\\/vit2go.net\\\/es\\\/#\\\/schema\\\/logo\\\/image\\\/\",\"url\":\"https:\\\/\\\/vit2go.net\\\/wp-content\\\/uploads\\\/2017\\\/03\\\/Logo-red_700.jpg\",\"contentUrl\":\"https:\\\/\\\/vit2go.net\\\/wp-content\\\/uploads\\\/2017\\\/03\\\/Logo-red_700.jpg\",\"width\":700,\"height\":292,\"caption\":\"vit2go\"},\"image\":{\"@id\":\"https:\\\/\\\/vit2go.net\\\/es\\\/#\\\/schema\\\/logo\\\/image\\\/\"}}]}<\/script>\n<!-- \/ Yoast SEO plugin. -->","yoast_head_json":{"title":"Cont\u00e1ctanos: Comun\u00edcate con nosotros f\u00e1cilmente","description":"\u00bfTienes preguntas o sugerencias? \u00a1Cont\u00e1ctanos! Estamos aqu\u00ed para brindarte asistencia y resolver cualquier duda que tengas sobre nuestros suplementos.","robots":{"index":"index","follow":"follow","max-snippet":"max-snippet:-1","max-image-preview":"max-image-preview:large","max-video-preview":"max-video-preview:-1"},"canonical":"https:\/\/vit2go.net\/es\/contacto\/","og_locale":"es_ES","og_type":"article","og_title":"Cont\u00e1ctanos: Comun\u00edcate con nosotros f\u00e1cilmente","og_description":"\u00bfTienes preguntas o sugerencias? \u00a1Cont\u00e1ctanos! Estamos aqu\u00ed para brindarte asistencia y resolver cualquier duda que tengas sobre nuestros suplementos.","og_url":"https:\/\/vit2go.net\/es\/contacto\/","og_site_name":"Vit2go Online Shop","article_modified_time":"2025-09-22T08:00:54+00:00","og_image":[{"width":510,"height":550,"url":"https:\/\/vit2go.net\/wp-content\/uploads\/2021\/03\/contact_img2.jpg","type":"image\/jpeg"}],"twitter_card":"summary_large_image","twitter_misc":{"Tiempo de lectura":"1 minuto"},"schema":{"@context":"https:\/\/schema.org","@graph":[{"@type":"WebPage","@id":"https:\/\/vit2go.net\/es\/contacto\/","url":"https:\/\/vit2go.net\/es\/contacto\/","name":"Cont\u00e1ctanos: Comun\u00edcate con nosotros f\u00e1cilmente","isPartOf":{"@id":"https:\/\/vit2go.net\/es\/#website"},"primaryImageOfPage":{"@id":"https:\/\/vit2go.net\/es\/contacto\/#primaryimage"},"image":{"@id":"https:\/\/vit2go.net\/es\/contacto\/#primaryimage"},"thumbnailUrl":"https:\/\/vit2go.net\/wp-content\/uploads\/2021\/03\/contact_img2.jpg","datePublished":"2018-11-26T15:25:15+00:00","dateModified":"2025-09-22T08:00:54+00:00","description":"\u00bfTienes preguntas o sugerencias? \u00a1Cont\u00e1ctanos! Estamos aqu\u00ed para brindarte asistencia y resolver cualquier duda que tengas sobre nuestros suplementos.","breadcrumb":{"@id":"https:\/\/vit2go.net\/es\/contacto\/#breadcrumb"},"inLanguage":"es","potentialAction":[{"@type":"ReadAction","target":["https:\/\/vit2go.net\/es\/contacto\/"]}]},{"@type":"ImageObject","inLanguage":"es","@id":"https:\/\/vit2go.net\/es\/contacto\/#primaryimage","url":"https:\/\/vit2go.net\/wp-content\/uploads\/2021\/03\/contact_img2.jpg","contentUrl":"https:\/\/vit2go.net\/wp-content\/uploads\/2021\/03\/contact_img2.jpg","width":510,"height":550,"caption":"contact_img"},{"@type":"BreadcrumbList","@id":"https:\/\/vit2go.net\/es\/contacto\/#breadcrumb","itemListElement":[{"@type":"ListItem","position":1,"name":"Inicio","item":"https:\/\/vit2go.net\/es\/"},{"@type":"ListItem","position":2,"name":"Contacto"}]},{"@type":"WebSite","@id":"https:\/\/vit2go.net\/es\/#website","url":"https:\/\/vit2go.net\/es\/","name":"Vit2go Online Shop","description":"Unlimited vitality with Vit2go","publisher":{"@id":"https:\/\/vit2go.net\/es\/#organization"},"potentialAction":[{"@type":"SearchAction","target":{"@type":"EntryPoint","urlTemplate":"https:\/\/vit2go.net\/es\/?s={search_term_string}"},"query-input":{"@type":"PropertyValueSpecification","valueRequired":true,"valueName":"search_term_string"}}],"inLanguage":"es"},{"@type":"Organization","@id":"https:\/\/vit2go.net\/es\/#organization","name":"vit2go","url":"https:\/\/vit2go.net\/es\/","logo":{"@type":"ImageObject","inLanguage":"es","@id":"https:\/\/vit2go.net\/es\/#\/schema\/logo\/image\/","url":"https:\/\/vit2go.net\/wp-content\/uploads\/2017\/03\/Logo-red_700.jpg","contentUrl":"https:\/\/vit2go.net\/wp-content\/uploads\/2017\/03\/Logo-red_700.jpg","width":700,"height":292,"caption":"vit2go"},"image":{"@id":"https:\/\/vit2go.net\/es\/#\/schema\/logo\/image\/"}}]}},"_links":{"self":[{"href":"https:\/\/vit2go.net\/es\/wp-json\/wp\/v2\/pages\/34085","targetHints":{"allow":["GET"]}}],"collection":[{"href":"https:\/\/vit2go.net\/es\/wp-json\/wp\/v2\/pages"}],"about":[{"href":"https:\/\/vit2go.net\/es\/wp-json\/wp\/v2\/types\/page"}],"author":[{"embeddable":true,"href":"https:\/\/vit2go.net\/es\/wp-json\/wp\/v2\/users\/161"}],"replies":[{"embeddable":true,"href":"https:\/\/vit2go.net\/es\/wp-json\/wp\/v2\/comments?post=34085"}],"version-history":[{"count":0,"href":"https:\/\/vit2go.net\/es\/wp-json\/wp\/v2\/pages\/34085\/revisions"}],"wp:featuredmedia":[{"embeddable":true,"href":"https:\/\/vit2go.net\/es\/wp-json\/wp\/v2\/media\/34371"}],"wp:attachment":[{"href":"https:\/\/vit2go.net\/es\/wp-json\/wp\/v2\/media?parent=34085"}],"curies":[{"name":"wp","href":"https:\/\/api.w.org\/{rel}","templated":true}]}}