{"id":32753,"date":"2020-02-11T12:07:36","date_gmt":"2020-02-11T11:07:36","guid":{"rendered":"https:\/\/vit2gostg.wpenginepowered.com\/trees-for-the-future\/"},"modified":"2023-12-20T19:39:45","modified_gmt":"2023-12-20T18:39:45","slug":"trees-for-the-future","status":"publish","type":"page","link":"https:\/\/vit2go.net\/es\/trees-for-the-future\/","title":{"rendered":"Trees for the Future"},"content":{"rendered":"<div class=\"h1-subtitle trees-h1-subtitle\">Gracias al proyecto de Vit2go Trees for the Future, a trav\u00e9s del cual se planta un \u00e1rbol por cada producto comprado, tenemos la oportunidad de trabajar juntos contra el cambio clim\u00e1tico. Adem\u00e1s esto tambi\u00e9n tiene impacto en diferentes comunidades africanas: gracias a esto es posible el desarrollo de la agricultura regenerativa, lo cual les permitir\u00e1 construir un futuro estable.<\/div>\n","protected":false},"excerpt":{"rendered":"<p>Gracias al proyecto de Vit2go Trees for the Future, a trav\u00e9s del cual se planta un \u00e1rbol por cada producto&#8230;<\/p>\n","protected":false},"author":285,"featured_media":33234,"parent":0,"menu_order":0,"comment_status":"closed","ping_status":"closed","template":"template-trees.php","meta":{"_acf_changed":false,"footnotes":""},"class_list":["post-32753","page","type-page","status-publish","has-post-thumbnail","hentry"],"acf":[],"yoast_head":"<!-- This site is optimized with the Yoast SEO plugin v27.3 - https:\/\/yoast.com\/product\/yoast-seo-wordpress\/ -->\n<title>Vit2go Planta un \u00c1rbol: Juntos Combatimos el Cambio Clim\u00e1tico<\/title>\n<meta name=\"description\" content=\"Con el proyecto &quot;&quot;Trees for the Future&quot;&quot; de Vit2go, cada compra contribuye a plantar un \u00e1rbol. \u00danete a nosotros en la lucha contra el cambio clim\u00e1tico.\" \/>\n<meta name=\"robots\" content=\"index, follow, max-snippet:-1, max-image-preview:large, max-video-preview:-1\" \/>\n<link rel=\"canonical\" href=\"https:\/\/vit2go.net\/es\/trees-for-the-future\/\" \/>\n<meta property=\"og:locale\" content=\"es_ES\" \/>\n<meta property=\"og:type\" content=\"article\" \/>\n<meta property=\"og:title\" content=\"Vit2go Planta un \u00c1rbol: Juntos Combatimos el Cambio Clim\u00e1tico\" \/>\n<meta property=\"og:description\" content=\"Con el proyecto &quot;&quot;Trees for the Future&quot;&quot; de Vit2go, cada compra contribuye a plantar un \u00e1rbol. \u00danete a nosotros en la lucha contra el cambio clim\u00e1tico.\" \/>\n<meta property=\"og:url\" content=\"https:\/\/vit2go.net\/es\/trees-for-the-future\/\" \/>\n<meta property=\"og:site_name\" content=\"Vit2go Online Shop\" \/>\n<meta property=\"article:modified_time\" content=\"2023-12-20T18:39:45+00:00\" \/>\n<meta name=\"twitter:card\" content=\"summary_large_image\" \/>\n<meta name=\"twitter:label1\" content=\"Tiempo de lectura\" \/>\n\t<meta name=\"twitter:data1\" content=\"1 minuto\" \/>\n<script type=\"application\/ld+json\" class=\"yoast-schema-graph\">{\"@context\":\"https:\\\/\\\/schema.org\",\"@graph\":[{\"@type\":\"WebPage\",\"@id\":\"https:\\\/\\\/vit2go.net\\\/es\\\/trees-for-the-future\\\/\",\"url\":\"https:\\\/\\\/vit2go.net\\\/es\\\/trees-for-the-future\\\/\",\"name\":\"Vit2go Planta un \u00c1rbol: Juntos Combatimos el Cambio Clim\u00e1tico\",\"isPartOf\":{\"@id\":\"https:\\\/\\\/vit2go.net\\\/es\\\/#website\"},\"primaryImageOfPage\":{\"@id\":\"https:\\\/\\\/vit2go.net\\\/es\\\/trees-for-the-future\\\/#primaryimage\"},\"image\":{\"@id\":\"https:\\\/\\\/vit2go.net\\\/es\\\/trees-for-the-future\\\/#primaryimage\"},\"thumbnailUrl\":\"https:\\\/\\\/vit2go.net\\\/wp-content\\\/uploads\\\/2021\\\/01\\\/Vit2go-Certificate-12_31_2020-pdf.jpg\",\"datePublished\":\"2020-02-11T11:07:36+00:00\",\"dateModified\":\"2023-12-20T18:39:45+00:00\",\"description\":\"Con el proyecto \\\"\\\"Trees for the Future\\\"\\\" de Vit2go, cada compra contribuye a plantar un \u00e1rbol. \u00danete a nosotros en la lucha contra el cambio clim\u00e1tico.\",\"breadcrumb\":{\"@id\":\"https:\\\/\\\/vit2go.net\\\/es\\\/trees-for-the-future\\\/#breadcrumb\"},\"inLanguage\":\"es\",\"potentialAction\":[{\"@type\":\"ReadAction\",\"target\":[\"https:\\\/\\\/vit2go.net\\\/es\\\/trees-for-the-future\\\/\"]}]},{\"@type\":\"ImageObject\",\"inLanguage\":\"es\",\"@id\":\"https:\\\/\\\/vit2go.net\\\/es\\\/trees-for-the-future\\\/#primaryimage\",\"url\":\"https:\\\/\\\/vit2go.net\\\/wp-content\\\/uploads\\\/2021\\\/01\\\/Vit2go-Certificate-12_31_2020-pdf.jpg\",\"contentUrl\":\"https:\\\/\\\/vit2go.net\\\/wp-content\\\/uploads\\\/2021\\\/01\\\/Vit2go-Certificate-12_31_2020-pdf.jpg\"},{\"@type\":\"BreadcrumbList\",\"@id\":\"https:\\\/\\\/vit2go.net\\\/es\\\/trees-for-the-future\\\/#breadcrumb\",\"itemListElement\":[{\"@type\":\"ListItem\",\"position\":1,\"name\":\"Inicio\",\"item\":\"https:\\\/\\\/vit2go.net\\\/es\\\/\"},{\"@type\":\"ListItem\",\"position\":2,\"name\":\"Trees for the Future\"}]},{\"@type\":\"WebSite\",\"@id\":\"https:\\\/\\\/vit2go.net\\\/es\\\/#website\",\"url\":\"https:\\\/\\\/vit2go.net\\\/es\\\/\",\"name\":\"Vit2go Online Shop\",\"description\":\"Unlimited vitality with Vit2go\",\"publisher\":{\"@id\":\"https:\\\/\\\/vit2go.net\\\/es\\\/#organization\"},\"potentialAction\":[{\"@type\":\"SearchAction\",\"target\":{\"@type\":\"EntryPoint\",\"urlTemplate\":\"https:\\\/\\\/vit2go.net\\\/es\\\/?s={search_term_string}\"},\"query-input\":{\"@type\":\"PropertyValueSpecification\",\"valueRequired\":true,\"valueName\":\"search_term_string\"}}],\"inLanguage\":\"es\"},{\"@type\":\"Organization\",\"@id\":\"https:\\\/\\\/vit2go.net\\\/es\\\/#organization\",\"name\":\"vit2go\",\"url\":\"https:\\\/\\\/vit2go.net\\\/es\\\/\",\"logo\":{\"@type\":\"ImageObject\",\"inLanguage\":\"es\",\"@id\":\"https:\\\/\\\/vit2go.net\\\/es\\\/#\\\/schema\\\/logo\\\/image\\\/\",\"url\":\"https:\\\/\\\/vit2go.net\\\/wp-content\\\/uploads\\\/2017\\\/03\\\/Logo-red_700.jpg\",\"contentUrl\":\"https:\\\/\\\/vit2go.net\\\/wp-content\\\/uploads\\\/2017\\\/03\\\/Logo-red_700.jpg\",\"width\":700,\"height\":292,\"caption\":\"vit2go\"},\"image\":{\"@id\":\"https:\\\/\\\/vit2go.net\\\/es\\\/#\\\/schema\\\/logo\\\/image\\\/\"}}]}<\/script>\n<!-- \/ Yoast SEO plugin. -->","yoast_head_json":{"title":"Vit2go Planta un \u00c1rbol: Juntos Combatimos el Cambio Clim\u00e1tico","description":"Con el proyecto \"\"Trees for the Future\"\" de Vit2go, cada compra contribuye a plantar un \u00e1rbol. \u00danete a nosotros en la lucha contra el cambio clim\u00e1tico.","robots":{"index":"index","follow":"follow","max-snippet":"max-snippet:-1","max-image-preview":"max-image-preview:large","max-video-preview":"max-video-preview:-1"},"canonical":"https:\/\/vit2go.net\/es\/trees-for-the-future\/","og_locale":"es_ES","og_type":"article","og_title":"Vit2go Planta un \u00c1rbol: Juntos Combatimos el Cambio Clim\u00e1tico","og_description":"Con el proyecto \"\"Trees for the Future\"\" de Vit2go, cada compra contribuye a plantar un \u00e1rbol. \u00danete a nosotros en la lucha contra el cambio clim\u00e1tico.","og_url":"https:\/\/vit2go.net\/es\/trees-for-the-future\/","og_site_name":"Vit2go Online Shop","article_modified_time":"2023-12-20T18:39:45+00:00","twitter_card":"summary_large_image","twitter_misc":{"Tiempo de lectura":"1 minuto"},"schema":{"@context":"https:\/\/schema.org","@graph":[{"@type":"WebPage","@id":"https:\/\/vit2go.net\/es\/trees-for-the-future\/","url":"https:\/\/vit2go.net\/es\/trees-for-the-future\/","name":"Vit2go Planta un \u00c1rbol: Juntos Combatimos el Cambio Clim\u00e1tico","isPartOf":{"@id":"https:\/\/vit2go.net\/es\/#website"},"primaryImageOfPage":{"@id":"https:\/\/vit2go.net\/es\/trees-for-the-future\/#primaryimage"},"image":{"@id":"https:\/\/vit2go.net\/es\/trees-for-the-future\/#primaryimage"},"thumbnailUrl":"https:\/\/vit2go.net\/wp-content\/uploads\/2021\/01\/Vit2go-Certificate-12_31_2020-pdf.jpg","datePublished":"2020-02-11T11:07:36+00:00","dateModified":"2023-12-20T18:39:45+00:00","description":"Con el proyecto \"\"Trees for the Future\"\" de Vit2go, cada compra contribuye a plantar un \u00e1rbol. \u00danete a nosotros en la lucha contra el cambio clim\u00e1tico.","breadcrumb":{"@id":"https:\/\/vit2go.net\/es\/trees-for-the-future\/#breadcrumb"},"inLanguage":"es","potentialAction":[{"@type":"ReadAction","target":["https:\/\/vit2go.net\/es\/trees-for-the-future\/"]}]},{"@type":"ImageObject","inLanguage":"es","@id":"https:\/\/vit2go.net\/es\/trees-for-the-future\/#primaryimage","url":"https:\/\/vit2go.net\/wp-content\/uploads\/2021\/01\/Vit2go-Certificate-12_31_2020-pdf.jpg","contentUrl":"https:\/\/vit2go.net\/wp-content\/uploads\/2021\/01\/Vit2go-Certificate-12_31_2020-pdf.jpg"},{"@type":"BreadcrumbList","@id":"https:\/\/vit2go.net\/es\/trees-for-the-future\/#breadcrumb","itemListElement":[{"@type":"ListItem","position":1,"name":"Inicio","item":"https:\/\/vit2go.net\/es\/"},{"@type":"ListItem","position":2,"name":"Trees for the Future"}]},{"@type":"WebSite","@id":"https:\/\/vit2go.net\/es\/#website","url":"https:\/\/vit2go.net\/es\/","name":"Vit2go Online Shop","description":"Unlimited vitality with Vit2go","publisher":{"@id":"https:\/\/vit2go.net\/es\/#organization"},"potentialAction":[{"@type":"SearchAction","target":{"@type":"EntryPoint","urlTemplate":"https:\/\/vit2go.net\/es\/?s={search_term_string}"},"query-input":{"@type":"PropertyValueSpecification","valueRequired":true,"valueName":"search_term_string"}}],"inLanguage":"es"},{"@type":"Organization","@id":"https:\/\/vit2go.net\/es\/#organization","name":"vit2go","url":"https:\/\/vit2go.net\/es\/","logo":{"@type":"ImageObject","inLanguage":"es","@id":"https:\/\/vit2go.net\/es\/#\/schema\/logo\/image\/","url":"https:\/\/vit2go.net\/wp-content\/uploads\/2017\/03\/Logo-red_700.jpg","contentUrl":"https:\/\/vit2go.net\/wp-content\/uploads\/2017\/03\/Logo-red_700.jpg","width":700,"height":292,"caption":"vit2go"},"image":{"@id":"https:\/\/vit2go.net\/es\/#\/schema\/logo\/image\/"}}]}},"_links":{"self":[{"href":"https:\/\/vit2go.net\/es\/wp-json\/wp\/v2\/pages\/32753","targetHints":{"allow":["GET"]}}],"collection":[{"href":"https:\/\/vit2go.net\/es\/wp-json\/wp\/v2\/pages"}],"about":[{"href":"https:\/\/vit2go.net\/es\/wp-json\/wp\/v2\/types\/page"}],"author":[{"embeddable":true,"href":"https:\/\/vit2go.net\/es\/wp-json\/wp\/v2\/users\/285"}],"replies":[{"embeddable":true,"href":"https:\/\/vit2go.net\/es\/wp-json\/wp\/v2\/comments?post=32753"}],"version-history":[{"count":0,"href":"https:\/\/vit2go.net\/es\/wp-json\/wp\/v2\/pages\/32753\/revisions"}],"wp:featuredmedia":[{"embeddable":true,"href":"https:\/\/vit2go.net\/es\/wp-json\/wp\/v2\/media\/33234"}],"wp:attachment":[{"href":"https:\/\/vit2go.net\/es\/wp-json\/wp\/v2\/media?parent=32753"}],"curies":[{"name":"wp","href":"https:\/\/api.w.org\/{rel}","templated":true}]}}