{"id":32457,"date":"2016-07-31T19:49:55","date_gmt":"2016-07-31T17:49:55","guid":{"rendered":"https:\/\/vit2gostg.wpenginepowered.com\/natural-energy-booster\/"},"modified":"2023-12-20T20:11:56","modified_gmt":"2023-12-20T19:11:56","slug":"energy","status":"publish","type":"page","link":"https:\/\/vit2go.net\/es\/energy\/","title":{"rendered":"ENERGY"},"content":{"rendered":"<p><span class=\"welcometext\"><strong>We\u2019ve all been there &#8211; <\/strong>you\u2019re in the middle of saving the world from mayhem and disaster when out of nowhere exhaustion strikes.<\/span><\/p>\n<p><span class=\"welcometext\">Instead of turning to those awful chemically mixed drinks spiked with who-knows-what, you can rest easy knowing that <\/span>Vit2go <span class=\"welcometext\"><span style=\"color: #000000;\"><strong>ENERGY<\/strong><\/span> is here to put the pep back in your step. Our formula is crafted from ancient scrolls found in the garden of the gods. We\u2019ve sculpted the perfect brew by utilizing the natural powers of Guarana and Taurine. Our sachets are packed with 124 mg of caffeine that will have you leaping over oceans on your quest through life. You\u2019ll experience fireworks with our blend of 8 B-Vitamins and 3 Amino Acids. With our natural ginger and lime extract, you\u2019ll marvel at the sweet taste of motivation.<\/span><\/p>\n","protected":false},"excerpt":{"rendered":"<p>We\u2019ve all been there &#8211; you\u2019re in the middle of saving the world from mayhem and disaster when out of&#8230;<\/p>\n","protected":false},"author":1,"featured_media":0,"parent":0,"menu_order":0,"comment_status":"closed","ping_status":"closed","template":"template-product.php","meta":{"_acf_changed":false,"footnotes":""},"class_list":["post-32457","page","type-page","status-publish","hentry"],"acf":[],"yoast_head":"<!-- This site is optimized with the Yoast SEO plugin v27.3 - https:\/\/yoast.com\/product\/yoast-seo-wordpress\/ -->\n<title>Vit2go ENERGY: Aumenta tu Energ\u00eda y Concentraci\u00f3n<\/title>\n<meta name=\"description\" content=\"Aumenta tu energ\u00eda con Vit2go ENERGY: potencia concentraci\u00f3n y rendimiento con guaran\u00e1, taurina y cafe\u00edna. Impulsa tus entrenamientos y jornadas laborales.\" \/>\n<meta name=\"robots\" content=\"index, follow, max-snippet:-1, max-image-preview:large, max-video-preview:-1\" \/>\n<link rel=\"canonical\" href=\"https:\/\/vit2go.net\/es\/energy\/\" \/>\n<meta property=\"og:locale\" content=\"es_ES\" \/>\n<meta property=\"og:type\" content=\"article\" \/>\n<meta property=\"og:title\" content=\"Vit2go ENERGY: Aumenta tu Energ\u00eda y Concentraci\u00f3n\" \/>\n<meta property=\"og:description\" content=\"Aumenta tu energ\u00eda con Vit2go ENERGY: potencia concentraci\u00f3n y rendimiento con guaran\u00e1, taurina y cafe\u00edna. Impulsa tus entrenamientos y jornadas laborales.\" \/>\n<meta property=\"og:url\" content=\"https:\/\/vit2go.net\/es\/energy\/\" \/>\n<meta property=\"og:site_name\" content=\"Vit2go Online Shop\" \/>\n<meta property=\"article:modified_time\" content=\"2023-12-20T19:11:56+00:00\" \/>\n<meta name=\"twitter:card\" content=\"summary_large_image\" \/>\n<meta name=\"twitter:label1\" content=\"Tiempo de lectura\" \/>\n\t<meta name=\"twitter:data1\" content=\"1 minuto\" \/>\n<script type=\"application\/ld+json\" class=\"yoast-schema-graph\">{\"@context\":\"https:\\\/\\\/schema.org\",\"@graph\":[{\"@type\":\"WebPage\",\"@id\":\"https:\\\/\\\/vit2go.net\\\/es\\\/energy\\\/\",\"url\":\"https:\\\/\\\/vit2go.net\\\/es\\\/energy\\\/\",\"name\":\"Vit2go ENERGY: Aumenta tu Energ\u00eda y Concentraci\u00f3n\",\"isPartOf\":{\"@id\":\"https:\\\/\\\/vit2go.net\\\/es\\\/#website\"},\"datePublished\":\"2016-07-31T17:49:55+00:00\",\"dateModified\":\"2023-12-20T19:11:56+00:00\",\"description\":\"Aumenta tu energ\u00eda con Vit2go ENERGY: potencia concentraci\u00f3n y rendimiento con guaran\u00e1, taurina y cafe\u00edna. Impulsa tus entrenamientos y jornadas laborales.\",\"breadcrumb\":{\"@id\":\"https:\\\/\\\/vit2go.net\\\/es\\\/energy\\\/#breadcrumb\"},\"inLanguage\":\"es\",\"potentialAction\":[{\"@type\":\"ReadAction\",\"target\":[\"https:\\\/\\\/vit2go.net\\\/es\\\/energy\\\/\"]}]},{\"@type\":\"BreadcrumbList\",\"@id\":\"https:\\\/\\\/vit2go.net\\\/es\\\/energy\\\/#breadcrumb\",\"itemListElement\":[{\"@type\":\"ListItem\",\"position\":1,\"name\":\"Inicio\",\"item\":\"https:\\\/\\\/vit2go.net\\\/es\\\/\"},{\"@type\":\"ListItem\",\"position\":2,\"name\":\"ENERGY\"}]},{\"@type\":\"WebSite\",\"@id\":\"https:\\\/\\\/vit2go.net\\\/es\\\/#website\",\"url\":\"https:\\\/\\\/vit2go.net\\\/es\\\/\",\"name\":\"Vit2go Online Shop\",\"description\":\"Unlimited vitality with Vit2go\",\"publisher\":{\"@id\":\"https:\\\/\\\/vit2go.net\\\/es\\\/#organization\"},\"potentialAction\":[{\"@type\":\"SearchAction\",\"target\":{\"@type\":\"EntryPoint\",\"urlTemplate\":\"https:\\\/\\\/vit2go.net\\\/es\\\/?s={search_term_string}\"},\"query-input\":{\"@type\":\"PropertyValueSpecification\",\"valueRequired\":true,\"valueName\":\"search_term_string\"}}],\"inLanguage\":\"es\"},{\"@type\":\"Organization\",\"@id\":\"https:\\\/\\\/vit2go.net\\\/es\\\/#organization\",\"name\":\"vit2go\",\"url\":\"https:\\\/\\\/vit2go.net\\\/es\\\/\",\"logo\":{\"@type\":\"ImageObject\",\"inLanguage\":\"es\",\"@id\":\"https:\\\/\\\/vit2go.net\\\/es\\\/#\\\/schema\\\/logo\\\/image\\\/\",\"url\":\"https:\\\/\\\/vit2go.net\\\/wp-content\\\/uploads\\\/2017\\\/03\\\/Logo-red_700.jpg\",\"contentUrl\":\"https:\\\/\\\/vit2go.net\\\/wp-content\\\/uploads\\\/2017\\\/03\\\/Logo-red_700.jpg\",\"width\":700,\"height\":292,\"caption\":\"vit2go\"},\"image\":{\"@id\":\"https:\\\/\\\/vit2go.net\\\/es\\\/#\\\/schema\\\/logo\\\/image\\\/\"}}]}<\/script>\n<!-- \/ Yoast SEO plugin. -->","yoast_head_json":{"title":"Vit2go ENERGY: Aumenta tu Energ\u00eda y Concentraci\u00f3n","description":"Aumenta tu energ\u00eda con Vit2go ENERGY: potencia concentraci\u00f3n y rendimiento con guaran\u00e1, taurina y cafe\u00edna. Impulsa tus entrenamientos y jornadas laborales.","robots":{"index":"index","follow":"follow","max-snippet":"max-snippet:-1","max-image-preview":"max-image-preview:large","max-video-preview":"max-video-preview:-1"},"canonical":"https:\/\/vit2go.net\/es\/energy\/","og_locale":"es_ES","og_type":"article","og_title":"Vit2go ENERGY: Aumenta tu Energ\u00eda y Concentraci\u00f3n","og_description":"Aumenta tu energ\u00eda con Vit2go ENERGY: potencia concentraci\u00f3n y rendimiento con guaran\u00e1, taurina y cafe\u00edna. Impulsa tus entrenamientos y jornadas laborales.","og_url":"https:\/\/vit2go.net\/es\/energy\/","og_site_name":"Vit2go Online Shop","article_modified_time":"2023-12-20T19:11:56+00:00","twitter_card":"summary_large_image","twitter_misc":{"Tiempo de lectura":"1 minuto"},"schema":{"@context":"https:\/\/schema.org","@graph":[{"@type":"WebPage","@id":"https:\/\/vit2go.net\/es\/energy\/","url":"https:\/\/vit2go.net\/es\/energy\/","name":"Vit2go ENERGY: Aumenta tu Energ\u00eda y Concentraci\u00f3n","isPartOf":{"@id":"https:\/\/vit2go.net\/es\/#website"},"datePublished":"2016-07-31T17:49:55+00:00","dateModified":"2023-12-20T19:11:56+00:00","description":"Aumenta tu energ\u00eda con Vit2go ENERGY: potencia concentraci\u00f3n y rendimiento con guaran\u00e1, taurina y cafe\u00edna. Impulsa tus entrenamientos y jornadas laborales.","breadcrumb":{"@id":"https:\/\/vit2go.net\/es\/energy\/#breadcrumb"},"inLanguage":"es","potentialAction":[{"@type":"ReadAction","target":["https:\/\/vit2go.net\/es\/energy\/"]}]},{"@type":"BreadcrumbList","@id":"https:\/\/vit2go.net\/es\/energy\/#breadcrumb","itemListElement":[{"@type":"ListItem","position":1,"name":"Inicio","item":"https:\/\/vit2go.net\/es\/"},{"@type":"ListItem","position":2,"name":"ENERGY"}]},{"@type":"WebSite","@id":"https:\/\/vit2go.net\/es\/#website","url":"https:\/\/vit2go.net\/es\/","name":"Vit2go Online Shop","description":"Unlimited vitality with Vit2go","publisher":{"@id":"https:\/\/vit2go.net\/es\/#organization"},"potentialAction":[{"@type":"SearchAction","target":{"@type":"EntryPoint","urlTemplate":"https:\/\/vit2go.net\/es\/?s={search_term_string}"},"query-input":{"@type":"PropertyValueSpecification","valueRequired":true,"valueName":"search_term_string"}}],"inLanguage":"es"},{"@type":"Organization","@id":"https:\/\/vit2go.net\/es\/#organization","name":"vit2go","url":"https:\/\/vit2go.net\/es\/","logo":{"@type":"ImageObject","inLanguage":"es","@id":"https:\/\/vit2go.net\/es\/#\/schema\/logo\/image\/","url":"https:\/\/vit2go.net\/wp-content\/uploads\/2017\/03\/Logo-red_700.jpg","contentUrl":"https:\/\/vit2go.net\/wp-content\/uploads\/2017\/03\/Logo-red_700.jpg","width":700,"height":292,"caption":"vit2go"},"image":{"@id":"https:\/\/vit2go.net\/es\/#\/schema\/logo\/image\/"}}]}},"_links":{"self":[{"href":"https:\/\/vit2go.net\/es\/wp-json\/wp\/v2\/pages\/32457","targetHints":{"allow":["GET"]}}],"collection":[{"href":"https:\/\/vit2go.net\/es\/wp-json\/wp\/v2\/pages"}],"about":[{"href":"https:\/\/vit2go.net\/es\/wp-json\/wp\/v2\/types\/page"}],"author":[{"embeddable":true,"href":"https:\/\/vit2go.net\/es\/wp-json\/wp\/v2\/users\/1"}],"replies":[{"embeddable":true,"href":"https:\/\/vit2go.net\/es\/wp-json\/wp\/v2\/comments?post=32457"}],"version-history":[{"count":0,"href":"https:\/\/vit2go.net\/es\/wp-json\/wp\/v2\/pages\/32457\/revisions"}],"wp:attachment":[{"href":"https:\/\/vit2go.net\/es\/wp-json\/wp\/v2\/media?parent=32457"}],"curies":[{"name":"wp","href":"https:\/\/api.w.org\/{rel}","templated":true}]}}