{"id":32061,"date":"2016-07-31T19:51:44","date_gmt":"2016-07-31T17:51:44","guid":{"rendered":"https:\/\/vit2gostg.wpenginepowered.com\/drink-recovery\/"},"modified":"2024-05-14T10:53:00","modified_gmt":"2024-05-14T08:53:00","slug":"drink-recovery","status":"publish","type":"page","link":"https:\/\/vit2go.net\/es\/drink-recovery\/","title":{"rendered":"DRINK RECOVERY"},"content":{"rendered":"<p><iframe src=\"https:\/\/www.youtube.com\/embed\/LMu3KTfasCc\" width=\"450\" height=\"253\" frameborder=\"0\" allowfullscreen=\"allowfullscreen\"><\/iframe><br \/>\n<strong>Headache, sickness, mood swings and dizziness<\/strong> \u2013 these are the typical symptoms during a hangover. The body goes through a lot of stress when too much alcohol is consumed. One of the main causes for a hangover is dehydration, or the major loss of water in the body. Along with the water, important nutrients are also being flushed out of the body. The next morning you feel miserable and drained, the body is missing water and essential nutrients to function properly. Therefore the most important anti-hangover measures are rehydration and the resupplying of nutrients. For a fast and efficient resupply of nutrients without many calories, water-dissolvable food supplements can be useful.<\/p>\n<p><a href=\"https:\/\/vit2go.net\/shop\/hangover-aid-30pack\/\"><strong>Vit2go DRINK RECOVERY<\/strong><\/a> contains all the important vitamins, minerals, electrolytes and valuable amino acids that the body needs to rehydrate and quickly fill up the empty nutrient reserves. If in the best case DRINK RECOVERY is already taken before going to sleep, the body can rehydrate and recover throughout the night so the worst hangovers can even be prevented in most cases.<\/p>\n<p>You never know when it will happen again, so<strong> be prepared and <a href=\"https:\/\/vit2go.net\/shop\/hangover-aid-30pack\/\">order now<\/a>:<\/strong><\/p>\n","protected":false},"excerpt":{"rendered":"<p>Headache, sickness, mood swings and dizziness \u2013 these are the typical symptoms during a hangover. The body goes through a&#8230;<\/p>\n","protected":false},"author":1,"featured_media":0,"parent":0,"menu_order":0,"comment_status":"closed","ping_status":"closed","template":"template-product.php","meta":{"_acf_changed":false,"footnotes":""},"class_list":["post-32061","page","type-page","status-publish","hentry"],"acf":[],"yoast_head":"<!-- This site is optimized with the Yoast SEO plugin v27.3 - https:\/\/yoast.com\/product\/yoast-seo-wordpress\/ -->\n<title>Vit2go DRINK RECOVERY: Soluci\u00f3n R\u00e1pida para la Resaca<\/title>\n<meta name=\"description\" content=\"Recup\u00e9rate con Vit2go DRINK RECOVERY: rehidrata tu cuerpo con magnesio, cardo mariano y kudzu. Combate los s\u00edntomas de la resaca y despi\u00e9rtate renovado.\" \/>\n<meta name=\"robots\" content=\"index, follow, max-snippet:-1, max-image-preview:large, max-video-preview:-1\" \/>\n<link rel=\"canonical\" href=\"https:\/\/vit2go.net\/es\/drink-recovery\/\" \/>\n<meta property=\"og:locale\" content=\"es_ES\" \/>\n<meta property=\"og:type\" content=\"article\" \/>\n<meta property=\"og:title\" content=\"Vit2go DRINK RECOVERY: Soluci\u00f3n R\u00e1pida para la Resaca\" \/>\n<meta property=\"og:description\" content=\"Recup\u00e9rate con Vit2go DRINK RECOVERY: rehidrata tu cuerpo con magnesio, cardo mariano y kudzu. Combate los s\u00edntomas de la resaca y despi\u00e9rtate renovado.\" \/>\n<meta property=\"og:url\" content=\"https:\/\/vit2go.net\/es\/drink-recovery\/\" \/>\n<meta property=\"og:site_name\" content=\"Vit2go Online Shop\" \/>\n<meta property=\"article:modified_time\" content=\"2024-05-14T08:53:00+00:00\" \/>\n<meta name=\"twitter:card\" content=\"summary_large_image\" \/>\n<meta name=\"twitter:label1\" content=\"Tiempo de lectura\" \/>\n\t<meta name=\"twitter:data1\" content=\"2 minutos\" \/>\n<script type=\"application\/ld+json\" class=\"yoast-schema-graph\">{\"@context\":\"https:\\\/\\\/schema.org\",\"@graph\":[{\"@type\":\"WebPage\",\"@id\":\"https:\\\/\\\/vit2go.net\\\/es\\\/drink-recovery\\\/\",\"url\":\"https:\\\/\\\/vit2go.net\\\/es\\\/drink-recovery\\\/\",\"name\":\"Vit2go DRINK RECOVERY: Soluci\u00f3n R\u00e1pida para la Resaca\",\"isPartOf\":{\"@id\":\"https:\\\/\\\/vit2go.net\\\/es\\\/#website\"},\"datePublished\":\"2016-07-31T17:51:44+00:00\",\"dateModified\":\"2024-05-14T08:53:00+00:00\",\"description\":\"Recup\u00e9rate con Vit2go DRINK RECOVERY: rehidrata tu cuerpo con magnesio, cardo mariano y kudzu. Combate los s\u00edntomas de la resaca y despi\u00e9rtate renovado.\",\"breadcrumb\":{\"@id\":\"https:\\\/\\\/vit2go.net\\\/es\\\/drink-recovery\\\/#breadcrumb\"},\"inLanguage\":\"es\",\"potentialAction\":[{\"@type\":\"ReadAction\",\"target\":[\"https:\\\/\\\/vit2go.net\\\/es\\\/drink-recovery\\\/\"]}]},{\"@type\":\"BreadcrumbList\",\"@id\":\"https:\\\/\\\/vit2go.net\\\/es\\\/drink-recovery\\\/#breadcrumb\",\"itemListElement\":[{\"@type\":\"ListItem\",\"position\":1,\"name\":\"Inicio\",\"item\":\"https:\\\/\\\/vit2go.net\\\/es\\\/\"},{\"@type\":\"ListItem\",\"position\":2,\"name\":\"DRINK RECOVERY\"}]},{\"@type\":\"WebSite\",\"@id\":\"https:\\\/\\\/vit2go.net\\\/es\\\/#website\",\"url\":\"https:\\\/\\\/vit2go.net\\\/es\\\/\",\"name\":\"Vit2go Online Shop\",\"description\":\"Unlimited vitality with Vit2go\",\"publisher\":{\"@id\":\"https:\\\/\\\/vit2go.net\\\/es\\\/#organization\"},\"potentialAction\":[{\"@type\":\"SearchAction\",\"target\":{\"@type\":\"EntryPoint\",\"urlTemplate\":\"https:\\\/\\\/vit2go.net\\\/es\\\/?s={search_term_string}\"},\"query-input\":{\"@type\":\"PropertyValueSpecification\",\"valueRequired\":true,\"valueName\":\"search_term_string\"}}],\"inLanguage\":\"es\"},{\"@type\":\"Organization\",\"@id\":\"https:\\\/\\\/vit2go.net\\\/es\\\/#organization\",\"name\":\"vit2go\",\"url\":\"https:\\\/\\\/vit2go.net\\\/es\\\/\",\"logo\":{\"@type\":\"ImageObject\",\"inLanguage\":\"es\",\"@id\":\"https:\\\/\\\/vit2go.net\\\/es\\\/#\\\/schema\\\/logo\\\/image\\\/\",\"url\":\"https:\\\/\\\/vit2go.net\\\/wp-content\\\/uploads\\\/2017\\\/03\\\/Logo-red_700.jpg\",\"contentUrl\":\"https:\\\/\\\/vit2go.net\\\/wp-content\\\/uploads\\\/2017\\\/03\\\/Logo-red_700.jpg\",\"width\":700,\"height\":292,\"caption\":\"vit2go\"},\"image\":{\"@id\":\"https:\\\/\\\/vit2go.net\\\/es\\\/#\\\/schema\\\/logo\\\/image\\\/\"}}]}<\/script>\n<!-- \/ Yoast SEO plugin. -->","yoast_head_json":{"title":"Vit2go DRINK RECOVERY: Soluci\u00f3n R\u00e1pida para la Resaca","description":"Recup\u00e9rate con Vit2go DRINK RECOVERY: rehidrata tu cuerpo con magnesio, cardo mariano y kudzu. Combate los s\u00edntomas de la resaca y despi\u00e9rtate renovado.","robots":{"index":"index","follow":"follow","max-snippet":"max-snippet:-1","max-image-preview":"max-image-preview:large","max-video-preview":"max-video-preview:-1"},"canonical":"https:\/\/vit2go.net\/es\/drink-recovery\/","og_locale":"es_ES","og_type":"article","og_title":"Vit2go DRINK RECOVERY: Soluci\u00f3n R\u00e1pida para la Resaca","og_description":"Recup\u00e9rate con Vit2go DRINK RECOVERY: rehidrata tu cuerpo con magnesio, cardo mariano y kudzu. Combate los s\u00edntomas de la resaca y despi\u00e9rtate renovado.","og_url":"https:\/\/vit2go.net\/es\/drink-recovery\/","og_site_name":"Vit2go Online Shop","article_modified_time":"2024-05-14T08:53:00+00:00","twitter_card":"summary_large_image","twitter_misc":{"Tiempo de lectura":"2 minutos"},"schema":{"@context":"https:\/\/schema.org","@graph":[{"@type":"WebPage","@id":"https:\/\/vit2go.net\/es\/drink-recovery\/","url":"https:\/\/vit2go.net\/es\/drink-recovery\/","name":"Vit2go DRINK RECOVERY: Soluci\u00f3n R\u00e1pida para la Resaca","isPartOf":{"@id":"https:\/\/vit2go.net\/es\/#website"},"datePublished":"2016-07-31T17:51:44+00:00","dateModified":"2024-05-14T08:53:00+00:00","description":"Recup\u00e9rate con Vit2go DRINK RECOVERY: rehidrata tu cuerpo con magnesio, cardo mariano y kudzu. Combate los s\u00edntomas de la resaca y despi\u00e9rtate renovado.","breadcrumb":{"@id":"https:\/\/vit2go.net\/es\/drink-recovery\/#breadcrumb"},"inLanguage":"es","potentialAction":[{"@type":"ReadAction","target":["https:\/\/vit2go.net\/es\/drink-recovery\/"]}]},{"@type":"BreadcrumbList","@id":"https:\/\/vit2go.net\/es\/drink-recovery\/#breadcrumb","itemListElement":[{"@type":"ListItem","position":1,"name":"Inicio","item":"https:\/\/vit2go.net\/es\/"},{"@type":"ListItem","position":2,"name":"DRINK RECOVERY"}]},{"@type":"WebSite","@id":"https:\/\/vit2go.net\/es\/#website","url":"https:\/\/vit2go.net\/es\/","name":"Vit2go Online Shop","description":"Unlimited vitality with Vit2go","publisher":{"@id":"https:\/\/vit2go.net\/es\/#organization"},"potentialAction":[{"@type":"SearchAction","target":{"@type":"EntryPoint","urlTemplate":"https:\/\/vit2go.net\/es\/?s={search_term_string}"},"query-input":{"@type":"PropertyValueSpecification","valueRequired":true,"valueName":"search_term_string"}}],"inLanguage":"es"},{"@type":"Organization","@id":"https:\/\/vit2go.net\/es\/#organization","name":"vit2go","url":"https:\/\/vit2go.net\/es\/","logo":{"@type":"ImageObject","inLanguage":"es","@id":"https:\/\/vit2go.net\/es\/#\/schema\/logo\/image\/","url":"https:\/\/vit2go.net\/wp-content\/uploads\/2017\/03\/Logo-red_700.jpg","contentUrl":"https:\/\/vit2go.net\/wp-content\/uploads\/2017\/03\/Logo-red_700.jpg","width":700,"height":292,"caption":"vit2go"},"image":{"@id":"https:\/\/vit2go.net\/es\/#\/schema\/logo\/image\/"}}]}},"_links":{"self":[{"href":"https:\/\/vit2go.net\/es\/wp-json\/wp\/v2\/pages\/32061","targetHints":{"allow":["GET"]}}],"collection":[{"href":"https:\/\/vit2go.net\/es\/wp-json\/wp\/v2\/pages"}],"about":[{"href":"https:\/\/vit2go.net\/es\/wp-json\/wp\/v2\/types\/page"}],"author":[{"embeddable":true,"href":"https:\/\/vit2go.net\/es\/wp-json\/wp\/v2\/users\/1"}],"replies":[{"embeddable":true,"href":"https:\/\/vit2go.net\/es\/wp-json\/wp\/v2\/comments?post=32061"}],"version-history":[{"count":0,"href":"https:\/\/vit2go.net\/es\/wp-json\/wp\/v2\/pages\/32061\/revisions"}],"wp:attachment":[{"href":"https:\/\/vit2go.net\/es\/wp-json\/wp\/v2\/media?parent=32061"}],"curies":[{"name":"wp","href":"https:\/\/api.w.org\/{rel}","templated":true}]}}