{"id":51333,"date":"2016-06-02T11:23:04","date_gmt":"2016-06-02T09:23:04","guid":{"rendered":"https:\/\/vit2gostg.wpenginepowered.com\/shop\/the-rising-star-kit-3\/"},"modified":"2024-08-09T14:04:16","modified_gmt":"2024-08-09T12:04:16","slug":"the-rising-star-kit","status":"publish","type":"product","link":"https:\/\/vit2go.net\/de\/shop\/the-rising-star-kit\/","title":{"rendered":"The Rising Star Kit <span class ='product_nickname'> 1 x ENERGY + 1 x IMMUNITY + 1 x DRINK RECOVERY Doybag <\/span>"},"content":{"rendered":"<p>Unser Rising Star-Paket bietet dir all unsere Premium-Nahrungserg\u00e4nzungsmittel ENERGY, IMMUNITY, und DRINK RECOVERY im praktischen Doybag Format. Steigere deine geistige und k\u00f6rperliche Leistungsf\u00e4higkeit, st\u00e4rke dein Immunsystem und erhole dich effektiv nach intensiven Workouts oder nach einer durchzechten Nacht. Unser Doybag-Format ist nicht nur praktisch f\u00fcr zu Hause oder das B\u00fcro, sondern stellt auch sicher, dass Du Vitalit\u00e4t und Lebensenergie mit jedem Schluck erleben kannst. Entdecke unser Rising Star-Paket, welches nahtlos zu deinem Lebensstil passt!<\/p>\n<p>Hinweis: Die empfohlene t\u00e4gliche Verzehrmenge von 1 Sachet pro Tag sollte nicht \u00fcberschritten werden. K\u00fchl und trocken au\u00dferhalb der Reichweite von Kindern lagern. Nahrungserg\u00e4nzungsmittel sollten nicht als Ersatz f\u00fcr eine abwechslungsreiche Ern\u00e4hrung verwendet werden. W\u00e4hrend der Schwanger- oder Stillzeit, bei Einnahme von Medikamenten, oder bei Vorliegen einer Lebensmittelallergie, suche bitte \u00e4rztlichen Rat vor der Einnahme.<\/p>\n","protected":false},"excerpt":{"rendered":"<p>Unser Rising Star-Paket bietet dir all unsere Premium-Nahrungserg\u00e4nzungsmittel ENERGY, IMMUNIT, und DRINK RECOVERY im praktischen Doybag Format. Steigere deine geistige und k\u00f6rperliche Leistungsf\u00e4higkeit, st\u00e4rke dein Immunsystem und erhole dich effektiv nach intensiven Workouts oder nach einer durchzechten Nacht. Unser Doybag-Format ist nicht nur praktisch f\u00fcr zu Hause oder das B\u00fcro, sondern stellt auch sicher, dass Du Vitalit\u00e4t und Lebensenergie mit jedem Schluck erleben kannst. Entdecke unser Rising Star-Paket, welches nahtlos zu deinem Lebensstil passt!<\/p>\n<p>Hinweis: Die empfohlene t\u00e4gliche Verzehrmenge von 1 Sachet pro Tag sollte nicht \u00fcberschritten werden. K\u00fchl und trocken au\u00dferhalb der Reichweite von Kindern lagern. Nahrungserg\u00e4nzungsmittel sollten nicht als Ersatz f\u00fcr eine abwechslungsreiche Ern\u00e4hrung verwendet werden. W\u00e4hrend der Schwanger- oder Stillzeit, bei Einnahme von Medikamenten, oder bei Vorliegen einer Lebensmittelallergie, suche bitte \u00e4rztlichen Rat vor der Einnahme.<\/p>\n<div class=\"ch_list_short\">\n<div class=\"ch_list_short_item\"><span style=\"font-size: 12pt;\"><img decoding=\"async\" class=\"wp-image-29386 alignleft\" src=\"https:\/\/vit2go.net\/wp-content\/uploads\/2016\/07\/yellow-tick.png\" alt=\"\" width=\"14\" height=\"11\" srcset=\"https:\/\/vit2go.net\/wp-content\/uploads\/2016\/07\/yellow-tick.png 54w, https:\/\/vit2go.net\/wp-content\/uploads\/2016\/07\/yellow-tick-42x33.png 42w\" sizes=\"(max-width: 14px) 100vw, 14px\" \/><span style=\"font-weight: 400;\">St\u00e4rkt und unterst\u00fctzt das k\u00f6rpereigene Immunsystem<\/span><br \/>\n<\/span><\/div>\n<div class=\"ch_list_short_item\"><span style=\"font-size: 12pt;\"><img decoding=\"async\" class=\"wp-image-29386 alignleft\" src=\"https:\/\/vit2go.net\/wp-content\/uploads\/2016\/07\/yellow-tick.png\" alt=\"\" width=\"14\" height=\"11\" srcset=\"https:\/\/vit2go.net\/wp-content\/uploads\/2016\/07\/yellow-tick.png 54w, https:\/\/vit2go.net\/wp-content\/uploads\/2016\/07\/yellow-tick-42x33.png 42w\" sizes=\"(max-width: 14px) 100vw, 14px\" \/><span style=\"font-weight: 400;\">Kraftvolle Kombination aktiver Inhaltsstoffe f\u00fcr maximale Energie und Konzentration<\/span><br \/>\n<\/span><\/div>\n<div class=\"ch_list_short_item\"><span style=\"font-size: 12pt;\"><img decoding=\"async\" class=\"wp-image-29386 alignleft\" src=\"https:\/\/vit2go.net\/wp-content\/uploads\/2016\/07\/yellow-tick.png\" alt=\"\" width=\"14\" height=\"11\" srcset=\"https:\/\/vit2go.net\/wp-content\/uploads\/2016\/07\/yellow-tick.png 54w, https:\/\/vit2go.net\/wp-content\/uploads\/2016\/07\/yellow-tick-42x33.png 42w\" sizes=\"(max-width: 14px) 100vw, 14px\" \/><span style=\"font-weight: 400;\">F\u00fcr einen frischen Morgen nach einer durchzechten Nacht<\/span><br \/>\n<\/span><\/div>\n<div class=\"ch_list_short_item\"><span style=\"font-size: 12pt;\"><img decoding=\"async\" class=\"wp-image-29386 alignleft\" src=\"https:\/\/vit2go.net\/wp-content\/uploads\/2016\/07\/yellow-tick.png\" alt=\"\" width=\"14\" height=\"11\" srcset=\"https:\/\/vit2go.net\/wp-content\/uploads\/2016\/07\/yellow-tick.png 54w, https:\/\/vit2go.net\/wp-content\/uploads\/2016\/07\/yellow-tick-42x33.png 42w\" sizes=\"(max-width: 14px) 100vw, 14px\" \/><span style=\"font-weight: 400;\">Essentielle Elektrolyte f\u00fcr optimale Rehydratation<\/span><br \/>\n<\/span><\/div>\n<div class=\"ch_list_short_item\"><span style=\"font-size: 12pt;\"><img decoding=\"async\" class=\"wp-image-29386 alignleft\" src=\"https:\/\/vit2go.net\/wp-content\/uploads\/2016\/07\/yellow-tick.png\" alt=\"\" width=\"14\" height=\"11\" srcset=\"https:\/\/vit2go.net\/wp-content\/uploads\/2016\/07\/yellow-tick.png 54w, https:\/\/vit2go.net\/wp-content\/uploads\/2016\/07\/yellow-tick-42x33.png 42w\" sizes=\"(max-width: 14px) 100vw, 14px\" \/>100% vegan<\/span><\/div>\n<\/div>\n","protected":false},"featured_media":51442,"comment_status":"open","ping_status":"closed","template":"","meta":{"_acf_changed":false},"product_brand":[],"product_cat":[421],"product_tag":[],"woo-feed-brand":[],"class_list":{"0":"post-51333","1":"product","2":"type-product","3":"status-publish","4":"has-post-thumbnail","6":"product_cat-bundles-vit2go","8":"first","9":"outofstock","10":"sale","11":"taxable","12":"purchasable","13":"product-type-woosb"},"acf":[],"yoast_head":"<!-- This site is optimized with the Yoast SEO plugin v27.3 - https:\/\/yoast.com\/product\/yoast-seo-wordpress\/ -->\n<title>The Rising Star Kit  1 x ENERGY + 1 x IMMUNITY + 1 x DRINK RECOVERY Doybag  - Vit2go Online Shop<\/title>\n<meta name=\"robots\" content=\"index, follow, max-snippet:-1, max-image-preview:large, max-video-preview:-1\" \/>\n<link rel=\"canonical\" href=\"https:\/\/vit2go.net\/de\/shop\/the-rising-star-kit\/\" \/>\n<meta property=\"og:locale\" content=\"de_DE\" \/>\n<meta property=\"og:type\" content=\"article\" \/>\n<meta property=\"og:title\" content=\"The Rising Star Kit  1 x ENERGY + 1 x IMMUNITY + 1 x DRINK RECOVERY Doybag  - Vit2go Online Shop\" \/>\n<meta property=\"og:description\" content=\"Unser Rising Star-Paket bietet dir all unsere Premium-Nahrungserg\u00e4nzungsmittel ENERGY, IMMUNIT, und DRINK RECOVERY im praktischen Doybag Format. Steigere deine geistige und k\u00f6rperliche Leistungsf\u00e4higkeit, st\u00e4rke dein Immunsystem und erhole dich effektiv nach intensiven Workouts oder nach einer durchzechten Nacht. Unser Doybag-Format ist nicht nur praktisch f\u00fcr zu Hause oder das B\u00fcro, sondern stellt auch sicher, dass Du Vitalit\u00e4t und Lebensenergie mit jedem Schluck erleben kannst. Entdecke unser Rising Star-Paket, welches nahtlos zu deinem Lebensstil passt! Hinweis: Die empfohlene t\u00e4gliche Verzehrmenge von 1 Sachet pro Tag sollte nicht \u00fcberschritten werden. K\u00fchl und trocken au\u00dferhalb der Reichweite von Kindern lagern. Nahrungserg\u00e4nzungsmittel sollten nicht als Ersatz f\u00fcr eine abwechslungsreiche Ern\u00e4hrung verwendet werden. W\u00e4hrend der Schwanger- oder Stillzeit, bei Einnahme von Medikamenten, oder bei Vorliegen einer Lebensmittelallergie, suche bitte \u00e4rztlichen Rat vor der Einnahme.  St\u00e4rkt und unterst\u00fctzt das k\u00f6rpereigene Immunsystem  Kraftvolle Kombination aktiver Inhaltsstoffe f\u00fcr maximale Energie und Konzentration  F\u00fcr einen frischen Morgen nach einer durchzechten Nacht  Essentielle Elektrolyte f\u00fcr optimale Rehydratation  100% vegan\" \/>\n<meta property=\"og:url\" content=\"https:\/\/vit2go.net\/de\/shop\/the-rising-star-kit\/\" \/>\n<meta property=\"og:site_name\" content=\"Vit2go Online Shop\" \/>\n<meta property=\"article:modified_time\" content=\"2024-08-09T12:04:16+00:00\" \/>\n<meta property=\"og:image\" content=\"https:\/\/vit2go.net\/wp-content\/uploads\/2024\/02\/1-1.png\" \/>\n\t<meta property=\"og:image:width\" content=\"1080\" \/>\n\t<meta property=\"og:image:height\" content=\"1350\" \/>\n\t<meta property=\"og:image:type\" content=\"image\/png\" \/>\n<meta name=\"twitter:card\" content=\"summary_large_image\" \/>\n<meta name=\"twitter:label1\" content=\"Gesch\u00e4tzte Lesezeit\" \/>\n\t<meta name=\"twitter:data1\" content=\"1\u00a0Minute\" \/>\n<script type=\"application\/ld+json\" class=\"yoast-schema-graph\">{\"@context\":\"https:\\\/\\\/schema.org\",\"@graph\":[{\"@type\":\"WebPage\",\"@id\":\"https:\\\/\\\/vit2go.net\\\/de\\\/shop\\\/the-rising-star-kit\\\/\",\"url\":\"https:\\\/\\\/vit2go.net\\\/de\\\/shop\\\/the-rising-star-kit\\\/\",\"name\":\"The Rising Star Kit 1 x ENERGY + 1 x IMMUNITY + 1 x DRINK RECOVERY Doybag - Vit2go Online Shop\",\"isPartOf\":{\"@id\":\"https:\\\/\\\/vit2go.net\\\/de\\\/#website\"},\"primaryImageOfPage\":{\"@id\":\"https:\\\/\\\/vit2go.net\\\/de\\\/shop\\\/the-rising-star-kit\\\/#primaryimage\"},\"image\":{\"@id\":\"https:\\\/\\\/vit2go.net\\\/de\\\/shop\\\/the-rising-star-kit\\\/#primaryimage\"},\"thumbnailUrl\":\"https:\\\/\\\/vit2go.net\\\/wp-content\\\/uploads\\\/2024\\\/02\\\/1-1.png\",\"datePublished\":\"2016-06-02T09:23:04+00:00\",\"dateModified\":\"2024-08-09T12:04:16+00:00\",\"breadcrumb\":{\"@id\":\"https:\\\/\\\/vit2go.net\\\/de\\\/shop\\\/the-rising-star-kit\\\/#breadcrumb\"},\"inLanguage\":\"de\",\"potentialAction\":[{\"@type\":\"ReadAction\",\"target\":[\"https:\\\/\\\/vit2go.net\\\/de\\\/shop\\\/the-rising-star-kit\\\/\"]}]},{\"@type\":\"ImageObject\",\"inLanguage\":\"de\",\"@id\":\"https:\\\/\\\/vit2go.net\\\/de\\\/shop\\\/the-rising-star-kit\\\/#primaryimage\",\"url\":\"https:\\\/\\\/vit2go.net\\\/wp-content\\\/uploads\\\/2024\\\/02\\\/1-1.png\",\"contentUrl\":\"https:\\\/\\\/vit2go.net\\\/wp-content\\\/uploads\\\/2024\\\/02\\\/1-1.png\",\"width\":1080,\"height\":1350,\"caption\":\"The Rising Star Kit\"},{\"@type\":\"BreadcrumbList\",\"@id\":\"https:\\\/\\\/vit2go.net\\\/de\\\/shop\\\/the-rising-star-kit\\\/#breadcrumb\",\"itemListElement\":[{\"@type\":\"ListItem\",\"position\":1,\"name\":\"Home\",\"item\":\"https:\\\/\\\/vit2go.net\\\/de\\\/\"},{\"@type\":\"ListItem\",\"position\":2,\"name\":\"Bundles Vit2go\",\"item\":\"https:\\\/\\\/vit2go.net\\\/bundles-vit2go\\\/\"},{\"@type\":\"ListItem\",\"position\":3,\"name\":\"The Rising Star Kit 1 x ENERGY + 1 x IMMUNITY + 1 x DRINK RECOVERY Doybag\"}]},{\"@type\":\"WebSite\",\"@id\":\"https:\\\/\\\/vit2go.net\\\/de\\\/#website\",\"url\":\"https:\\\/\\\/vit2go.net\\\/de\\\/\",\"name\":\"Vit2go Online Shop\",\"description\":\"FAQs  - H\u00e4ufig gestellte Fragen \u00fcber unsere Produkte\",\"publisher\":{\"@id\":\"https:\\\/\\\/vit2go.net\\\/de\\\/#organization\"},\"potentialAction\":[{\"@type\":\"SearchAction\",\"target\":{\"@type\":\"EntryPoint\",\"urlTemplate\":\"https:\\\/\\\/vit2go.net\\\/de\\\/?s={search_term_string}\"},\"query-input\":{\"@type\":\"PropertyValueSpecification\",\"valueRequired\":true,\"valueName\":\"search_term_string\"}}],\"inLanguage\":\"de\"},{\"@type\":\"Organization\",\"@id\":\"https:\\\/\\\/vit2go.net\\\/de\\\/#organization\",\"name\":\"vit2go\",\"url\":\"https:\\\/\\\/vit2go.net\\\/de\\\/\",\"logo\":{\"@type\":\"ImageObject\",\"inLanguage\":\"de\",\"@id\":\"https:\\\/\\\/vit2go.net\\\/de\\\/#\\\/schema\\\/logo\\\/image\\\/\",\"url\":\"https:\\\/\\\/vit2go.net\\\/wp-content\\\/uploads\\\/2017\\\/03\\\/Logo-red_700.jpg\",\"contentUrl\":\"https:\\\/\\\/vit2go.net\\\/wp-content\\\/uploads\\\/2017\\\/03\\\/Logo-red_700.jpg\",\"width\":700,\"height\":292,\"caption\":\"vit2go\"},\"image\":{\"@id\":\"https:\\\/\\\/vit2go.net\\\/de\\\/#\\\/schema\\\/logo\\\/image\\\/\"}}]}<\/script>\n<!-- \/ Yoast SEO plugin. -->","yoast_head_json":{"title":"The Rising Star Kit  1 x ENERGY + 1 x IMMUNITY + 1 x DRINK RECOVERY Doybag  - Vit2go Online Shop","robots":{"index":"index","follow":"follow","max-snippet":"max-snippet:-1","max-image-preview":"max-image-preview:large","max-video-preview":"max-video-preview:-1"},"canonical":"https:\/\/vit2go.net\/de\/shop\/the-rising-star-kit\/","og_locale":"de_DE","og_type":"article","og_title":"The Rising Star Kit  1 x ENERGY + 1 x IMMUNITY + 1 x DRINK RECOVERY Doybag  - Vit2go Online Shop","og_description":"Unser Rising Star-Paket bietet dir all unsere Premium-Nahrungserg\u00e4nzungsmittel ENERGY, IMMUNIT, und DRINK RECOVERY im praktischen Doybag Format. Steigere deine geistige und k\u00f6rperliche Leistungsf\u00e4higkeit, st\u00e4rke dein Immunsystem und erhole dich effektiv nach intensiven Workouts oder nach einer durchzechten Nacht. Unser Doybag-Format ist nicht nur praktisch f\u00fcr zu Hause oder das B\u00fcro, sondern stellt auch sicher, dass Du Vitalit\u00e4t und Lebensenergie mit jedem Schluck erleben kannst. Entdecke unser Rising Star-Paket, welches nahtlos zu deinem Lebensstil passt! Hinweis: Die empfohlene t\u00e4gliche Verzehrmenge von 1 Sachet pro Tag sollte nicht \u00fcberschritten werden. K\u00fchl und trocken au\u00dferhalb der Reichweite von Kindern lagern. Nahrungserg\u00e4nzungsmittel sollten nicht als Ersatz f\u00fcr eine abwechslungsreiche Ern\u00e4hrung verwendet werden. W\u00e4hrend der Schwanger- oder Stillzeit, bei Einnahme von Medikamenten, oder bei Vorliegen einer Lebensmittelallergie, suche bitte \u00e4rztlichen Rat vor der Einnahme.  St\u00e4rkt und unterst\u00fctzt das k\u00f6rpereigene Immunsystem  Kraftvolle Kombination aktiver Inhaltsstoffe f\u00fcr maximale Energie und Konzentration  F\u00fcr einen frischen Morgen nach einer durchzechten Nacht  Essentielle Elektrolyte f\u00fcr optimale Rehydratation  100% vegan","og_url":"https:\/\/vit2go.net\/de\/shop\/the-rising-star-kit\/","og_site_name":"Vit2go Online Shop","article_modified_time":"2024-08-09T12:04:16+00:00","og_image":[{"width":1080,"height":1350,"url":"https:\/\/vit2go.net\/wp-content\/uploads\/2024\/02\/1-1.png","type":"image\/png"}],"twitter_card":"summary_large_image","twitter_misc":{"Gesch\u00e4tzte Lesezeit":"1\u00a0Minute"},"schema":{"@context":"https:\/\/schema.org","@graph":[{"@type":"WebPage","@id":"https:\/\/vit2go.net\/de\/shop\/the-rising-star-kit\/","url":"https:\/\/vit2go.net\/de\/shop\/the-rising-star-kit\/","name":"The Rising Star Kit 1 x ENERGY + 1 x IMMUNITY + 1 x DRINK RECOVERY Doybag - Vit2go Online Shop","isPartOf":{"@id":"https:\/\/vit2go.net\/de\/#website"},"primaryImageOfPage":{"@id":"https:\/\/vit2go.net\/de\/shop\/the-rising-star-kit\/#primaryimage"},"image":{"@id":"https:\/\/vit2go.net\/de\/shop\/the-rising-star-kit\/#primaryimage"},"thumbnailUrl":"https:\/\/vit2go.net\/wp-content\/uploads\/2024\/02\/1-1.png","datePublished":"2016-06-02T09:23:04+00:00","dateModified":"2024-08-09T12:04:16+00:00","breadcrumb":{"@id":"https:\/\/vit2go.net\/de\/shop\/the-rising-star-kit\/#breadcrumb"},"inLanguage":"de","potentialAction":[{"@type":"ReadAction","target":["https:\/\/vit2go.net\/de\/shop\/the-rising-star-kit\/"]}]},{"@type":"ImageObject","inLanguage":"de","@id":"https:\/\/vit2go.net\/de\/shop\/the-rising-star-kit\/#primaryimage","url":"https:\/\/vit2go.net\/wp-content\/uploads\/2024\/02\/1-1.png","contentUrl":"https:\/\/vit2go.net\/wp-content\/uploads\/2024\/02\/1-1.png","width":1080,"height":1350,"caption":"The Rising Star Kit"},{"@type":"BreadcrumbList","@id":"https:\/\/vit2go.net\/de\/shop\/the-rising-star-kit\/#breadcrumb","itemListElement":[{"@type":"ListItem","position":1,"name":"Home","item":"https:\/\/vit2go.net\/de\/"},{"@type":"ListItem","position":2,"name":"Bundles Vit2go","item":"https:\/\/vit2go.net\/bundles-vit2go\/"},{"@type":"ListItem","position":3,"name":"The Rising Star Kit 1 x ENERGY + 1 x IMMUNITY + 1 x DRINK RECOVERY Doybag"}]},{"@type":"WebSite","@id":"https:\/\/vit2go.net\/de\/#website","url":"https:\/\/vit2go.net\/de\/","name":"Vit2go Online Shop","description":"FAQs  - H\u00e4ufig gestellte Fragen \u00fcber unsere Produkte","publisher":{"@id":"https:\/\/vit2go.net\/de\/#organization"},"potentialAction":[{"@type":"SearchAction","target":{"@type":"EntryPoint","urlTemplate":"https:\/\/vit2go.net\/de\/?s={search_term_string}"},"query-input":{"@type":"PropertyValueSpecification","valueRequired":true,"valueName":"search_term_string"}}],"inLanguage":"de"},{"@type":"Organization","@id":"https:\/\/vit2go.net\/de\/#organization","name":"vit2go","url":"https:\/\/vit2go.net\/de\/","logo":{"@type":"ImageObject","inLanguage":"de","@id":"https:\/\/vit2go.net\/de\/#\/schema\/logo\/image\/","url":"https:\/\/vit2go.net\/wp-content\/uploads\/2017\/03\/Logo-red_700.jpg","contentUrl":"https:\/\/vit2go.net\/wp-content\/uploads\/2017\/03\/Logo-red_700.jpg","width":700,"height":292,"caption":"vit2go"},"image":{"@id":"https:\/\/vit2go.net\/de\/#\/schema\/logo\/image\/"}}]}},"_links":{"self":[{"href":"https:\/\/vit2go.net\/de\/wp-json\/wp\/v2\/product\/51333","targetHints":{"allow":["GET"]}}],"collection":[{"href":"https:\/\/vit2go.net\/de\/wp-json\/wp\/v2\/product"}],"about":[{"href":"https:\/\/vit2go.net\/de\/wp-json\/wp\/v2\/types\/product"}],"replies":[{"embeddable":true,"href":"https:\/\/vit2go.net\/de\/wp-json\/wp\/v2\/comments?post=51333"}],"wp:featuredmedia":[{"embeddable":true,"href":"https:\/\/vit2go.net\/de\/wp-json\/wp\/v2\/media\/51442"}],"wp:attachment":[{"href":"https:\/\/vit2go.net\/de\/wp-json\/wp\/v2\/media?parent=51333"}],"wp:term":[{"taxonomy":"product_brand","embeddable":true,"href":"https:\/\/vit2go.net\/de\/wp-json\/wp\/v2\/product_brand?post=51333"},{"taxonomy":"product_cat","embeddable":true,"href":"https:\/\/vit2go.net\/de\/wp-json\/wp\/v2\/product_cat?post=51333"},{"taxonomy":"product_tag","embeddable":true,"href":"https:\/\/vit2go.net\/de\/wp-json\/wp\/v2\/product_tag?post=51333"},{"taxonomy":"woo-feed-brand","embeddable":true,"href":"https:\/\/vit2go.net\/de\/wp-json\/wp\/v2\/woo-feed-brand?post=51333"}],"curies":[{"name":"wp","href":"https:\/\/api.w.org\/{rel}","templated":true}]}}