{"id":62089,"date":"2020-01-28T15:41:56","date_gmt":"2020-01-28T14:41:56","guid":{"rendered":"https:\/\/vit2gostg.wpenginepowered.com\/home\/"},"modified":"2026-02-28T05:46:51","modified_gmt":"2026-02-28T04:46:51","slug":"home","status":"publish","type":"page","link":"https:\/\/vit2go.net\/de\/","title":{"rendered":"Home"},"content":{"rendered":"<h2 class=\"h2 black-h2 small-margin-bh2\">Die neuen Game Changer f\u00fcr dein Leben<\/h2>\n<div class=\"_02-sec-text _02-home-text\">\n<p>Bei Vit2go entwickeln wir intelligente Nahrungserg\u00e4nzungsmittel, um die drei h\u00e4ufigsten Beschwerden des Alltags zu bek\u00e4mpfen: M\u00fcdigkeit, Erk\u00e4ltungen und Kater nach Alkoholkonsum.<\/p>\n<p>Unsere Produkte und ihre Anwendung wurden untersucht und wissenschaftlich nachgewiesen. Alle Produktinhaltsstoffe werden sorgf\u00e4ltig ausgew\u00e4hlt, sind von h\u00f6chster Qualit\u00e4t und werden nach allen relevanten Kriterien gepr\u00fcft.<\/p>\n<p>Mit Blick auf vielbesch\u00e4ftigte, zielstrebige Menschen entwickelt, sind Vit2go-Produkte echte Lifehacks, die dir helfen, dein volles Potenzial auszusch\u00f6pfen und das Leben in vollen Z\u00fcgen zu genie\u00dfen.<\/p>\n<\/div>\n","protected":false},"excerpt":{"rendered":"<p>Die neuen Game Changer f\u00fcr dein Leben Bei Vit2go entwickeln wir intelligente Nahrungserg\u00e4nzungsmittel, um die drei h\u00e4ufigsten Beschwerden des Alltags&#8230;<\/p>\n","protected":false},"author":285,"featured_media":24998,"parent":0,"menu_order":0,"comment_status":"closed","ping_status":"closed","template":"template-home.php","meta":{"_acf_changed":false,"footnotes":""},"class_list":["post-62089","page","type-page","status-publish","has-post-thumbnail","hentry"],"acf":[],"yoast_head":"<!-- This site is optimized with the Yoast SEO plugin v27.3 - https:\/\/yoast.com\/product\/yoast-seo-wordpress\/ -->\n<title>Nat\u00fcrliche Nahrungserg\u00e4nzungsmittel: Steigere deine Vitalit\u00e4t<\/title>\n<meta name=\"description\" content=\"Wissenschaftlich bew\u00e4hrte Erg\u00e4nzungsmittel gegen M\u00fcdigkeit, Erk\u00e4ltung, und Kater. Maximiere dein Potenzial unseren Vit2go Produkten von h\u00f6chster Qualit\u00e4t.\" \/>\n<meta name=\"robots\" content=\"index, follow, max-snippet:-1, max-image-preview:large, max-video-preview:-1\" \/>\n<link rel=\"canonical\" href=\"https:\/\/vit2go.net\/de\/\" \/>\n<meta property=\"og:locale\" content=\"de_DE\" \/>\n<meta property=\"og:type\" content=\"article\" \/>\n<meta property=\"og:title\" content=\"Nat\u00fcrliche Nahrungserg\u00e4nzungsmittel: Steigere deine Vitalit\u00e4t\" \/>\n<meta property=\"og:description\" content=\"Wissenschaftlich bew\u00e4hrte Erg\u00e4nzungsmittel gegen M\u00fcdigkeit, Erk\u00e4ltung, und Kater. Maximiere dein Potenzial unseren Vit2go Produkten von h\u00f6chster Qualit\u00e4t.\" \/>\n<meta property=\"og:url\" content=\"https:\/\/vit2go.net\/de\/\" \/>\n<meta property=\"og:site_name\" content=\"Vit2go Online Shop\" \/>\n<meta property=\"article:modified_time\" content=\"2026-02-28T04:46:51+00:00\" \/>\n<meta property=\"og:image\" content=\"https:\/\/vit2go.net\/wp-content\/uploads\/2020\/02\/hero-img.jpg\" \/>\n\t<meta property=\"og:image:width\" content=\"1380\" \/>\n\t<meta property=\"og:image:height\" content=\"880\" \/>\n\t<meta property=\"og:image:type\" content=\"image\/jpeg\" \/>\n<meta name=\"twitter:card\" content=\"summary_large_image\" \/>\n<meta name=\"twitter:label1\" content=\"Gesch\u00e4tzte Lesezeit\" \/>\n\t<meta name=\"twitter:data1\" content=\"1\u00a0Minute\" \/>\n<script type=\"application\/ld+json\" class=\"yoast-schema-graph\">{\"@context\":\"https:\\\/\\\/schema.org\",\"@graph\":[{\"@type\":\"WebPage\",\"@id\":\"https:\\\/\\\/vit2go.net\\\/de\\\/\",\"url\":\"https:\\\/\\\/vit2go.net\\\/de\\\/\",\"name\":\"Nat\u00fcrliche Nahrungserg\u00e4nzungsmittel: Steigere deine Vitalit\u00e4t\",\"isPartOf\":{\"@id\":\"https:\\\/\\\/vit2go.net\\\/de\\\/#website\"},\"primaryImageOfPage\":{\"@id\":\"https:\\\/\\\/vit2go.net\\\/de\\\/#primaryimage\"},\"image\":{\"@id\":\"https:\\\/\\\/vit2go.net\\\/de\\\/#primaryimage\"},\"thumbnailUrl\":\"https:\\\/\\\/vit2go.net\\\/wp-content\\\/uploads\\\/2020\\\/02\\\/hero-img.jpg\",\"datePublished\":\"2020-01-28T14:41:56+00:00\",\"dateModified\":\"2026-02-28T04:46:51+00:00\",\"description\":\"Wissenschaftlich bew\u00e4hrte Erg\u00e4nzungsmittel gegen M\u00fcdigkeit, Erk\u00e4ltung, und Kater. Maximiere dein Potenzial unseren Vit2go Produkten von h\u00f6chster Qualit\u00e4t.\",\"breadcrumb\":{\"@id\":\"https:\\\/\\\/vit2go.net\\\/de\\\/#breadcrumb\"},\"inLanguage\":\"de\",\"potentialAction\":[{\"@type\":\"ReadAction\",\"target\":[\"https:\\\/\\\/vit2go.net\\\/de\\\/\"]}]},{\"@type\":\"ImageObject\",\"inLanguage\":\"de\",\"@id\":\"https:\\\/\\\/vit2go.net\\\/de\\\/#primaryimage\",\"url\":\"https:\\\/\\\/vit2go.net\\\/wp-content\\\/uploads\\\/2020\\\/02\\\/hero-img.jpg\",\"contentUrl\":\"https:\\\/\\\/vit2go.net\\\/wp-content\\\/uploads\\\/2020\\\/02\\\/hero-img.jpg\",\"width\":1380,\"height\":880,\"caption\":\"Vit2go\"},{\"@type\":\"BreadcrumbList\",\"@id\":\"https:\\\/\\\/vit2go.net\\\/de\\\/#breadcrumb\",\"itemListElement\":[{\"@type\":\"ListItem\",\"position\":1,\"name\":\"Home\",\"item\":\"https:\\\/\\\/vit2go.net\\\/de\\\/\"},{\"@type\":\"ListItem\",\"position\":2,\"name\":\"Home\"}]},{\"@type\":\"WebSite\",\"@id\":\"https:\\\/\\\/vit2go.net\\\/de\\\/#website\",\"url\":\"https:\\\/\\\/vit2go.net\\\/de\\\/\",\"name\":\"Vit2go Online Shop\",\"description\":\"FAQs  - H\u00e4ufig gestellte Fragen \u00fcber unsere Produkte\",\"publisher\":{\"@id\":\"https:\\\/\\\/vit2go.net\\\/de\\\/#organization\"},\"potentialAction\":[{\"@type\":\"SearchAction\",\"target\":{\"@type\":\"EntryPoint\",\"urlTemplate\":\"https:\\\/\\\/vit2go.net\\\/de\\\/?s={search_term_string}\"},\"query-input\":{\"@type\":\"PropertyValueSpecification\",\"valueRequired\":true,\"valueName\":\"search_term_string\"}}],\"inLanguage\":\"de\"},{\"@type\":\"Organization\",\"@id\":\"https:\\\/\\\/vit2go.net\\\/de\\\/#organization\",\"name\":\"vit2go\",\"url\":\"https:\\\/\\\/vit2go.net\\\/de\\\/\",\"logo\":{\"@type\":\"ImageObject\",\"inLanguage\":\"de\",\"@id\":\"https:\\\/\\\/vit2go.net\\\/de\\\/#\\\/schema\\\/logo\\\/image\\\/\",\"url\":\"https:\\\/\\\/vit2go.net\\\/wp-content\\\/uploads\\\/2017\\\/03\\\/Logo-red_700.jpg\",\"contentUrl\":\"https:\\\/\\\/vit2go.net\\\/wp-content\\\/uploads\\\/2017\\\/03\\\/Logo-red_700.jpg\",\"width\":700,\"height\":292,\"caption\":\"vit2go\"},\"image\":{\"@id\":\"https:\\\/\\\/vit2go.net\\\/de\\\/#\\\/schema\\\/logo\\\/image\\\/\"}}]}<\/script>\n<!-- \/ Yoast SEO plugin. -->","yoast_head_json":{"title":"Nat\u00fcrliche Nahrungserg\u00e4nzungsmittel: Steigere deine Vitalit\u00e4t","description":"Wissenschaftlich bew\u00e4hrte Erg\u00e4nzungsmittel gegen M\u00fcdigkeit, Erk\u00e4ltung, und Kater. Maximiere dein Potenzial unseren Vit2go Produkten von h\u00f6chster Qualit\u00e4t.","robots":{"index":"index","follow":"follow","max-snippet":"max-snippet:-1","max-image-preview":"max-image-preview:large","max-video-preview":"max-video-preview:-1"},"canonical":"https:\/\/vit2go.net\/de\/","og_locale":"de_DE","og_type":"article","og_title":"Nat\u00fcrliche Nahrungserg\u00e4nzungsmittel: Steigere deine Vitalit\u00e4t","og_description":"Wissenschaftlich bew\u00e4hrte Erg\u00e4nzungsmittel gegen M\u00fcdigkeit, Erk\u00e4ltung, und Kater. Maximiere dein Potenzial unseren Vit2go Produkten von h\u00f6chster Qualit\u00e4t.","og_url":"https:\/\/vit2go.net\/de\/","og_site_name":"Vit2go Online Shop","article_modified_time":"2026-02-28T04:46:51+00:00","og_image":[{"width":1380,"height":880,"url":"https:\/\/vit2go.net\/wp-content\/uploads\/2020\/02\/hero-img.jpg","type":"image\/jpeg"}],"twitter_card":"summary_large_image","twitter_misc":{"Gesch\u00e4tzte Lesezeit":"1\u00a0Minute"},"schema":{"@context":"https:\/\/schema.org","@graph":[{"@type":"WebPage","@id":"https:\/\/vit2go.net\/de\/","url":"https:\/\/vit2go.net\/de\/","name":"Nat\u00fcrliche Nahrungserg\u00e4nzungsmittel: Steigere deine Vitalit\u00e4t","isPartOf":{"@id":"https:\/\/vit2go.net\/de\/#website"},"primaryImageOfPage":{"@id":"https:\/\/vit2go.net\/de\/#primaryimage"},"image":{"@id":"https:\/\/vit2go.net\/de\/#primaryimage"},"thumbnailUrl":"https:\/\/vit2go.net\/wp-content\/uploads\/2020\/02\/hero-img.jpg","datePublished":"2020-01-28T14:41:56+00:00","dateModified":"2026-02-28T04:46:51+00:00","description":"Wissenschaftlich bew\u00e4hrte Erg\u00e4nzungsmittel gegen M\u00fcdigkeit, Erk\u00e4ltung, und Kater. Maximiere dein Potenzial unseren Vit2go Produkten von h\u00f6chster Qualit\u00e4t.","breadcrumb":{"@id":"https:\/\/vit2go.net\/de\/#breadcrumb"},"inLanguage":"de","potentialAction":[{"@type":"ReadAction","target":["https:\/\/vit2go.net\/de\/"]}]},{"@type":"ImageObject","inLanguage":"de","@id":"https:\/\/vit2go.net\/de\/#primaryimage","url":"https:\/\/vit2go.net\/wp-content\/uploads\/2020\/02\/hero-img.jpg","contentUrl":"https:\/\/vit2go.net\/wp-content\/uploads\/2020\/02\/hero-img.jpg","width":1380,"height":880,"caption":"Vit2go"},{"@type":"BreadcrumbList","@id":"https:\/\/vit2go.net\/de\/#breadcrumb","itemListElement":[{"@type":"ListItem","position":1,"name":"Home","item":"https:\/\/vit2go.net\/de\/"},{"@type":"ListItem","position":2,"name":"Home"}]},{"@type":"WebSite","@id":"https:\/\/vit2go.net\/de\/#website","url":"https:\/\/vit2go.net\/de\/","name":"Vit2go Online Shop","description":"FAQs  - H\u00e4ufig gestellte Fragen \u00fcber unsere Produkte","publisher":{"@id":"https:\/\/vit2go.net\/de\/#organization"},"potentialAction":[{"@type":"SearchAction","target":{"@type":"EntryPoint","urlTemplate":"https:\/\/vit2go.net\/de\/?s={search_term_string}"},"query-input":{"@type":"PropertyValueSpecification","valueRequired":true,"valueName":"search_term_string"}}],"inLanguage":"de"},{"@type":"Organization","@id":"https:\/\/vit2go.net\/de\/#organization","name":"vit2go","url":"https:\/\/vit2go.net\/de\/","logo":{"@type":"ImageObject","inLanguage":"de","@id":"https:\/\/vit2go.net\/de\/#\/schema\/logo\/image\/","url":"https:\/\/vit2go.net\/wp-content\/uploads\/2017\/03\/Logo-red_700.jpg","contentUrl":"https:\/\/vit2go.net\/wp-content\/uploads\/2017\/03\/Logo-red_700.jpg","width":700,"height":292,"caption":"vit2go"},"image":{"@id":"https:\/\/vit2go.net\/de\/#\/schema\/logo\/image\/"}}]}},"_links":{"self":[{"href":"https:\/\/vit2go.net\/de\/wp-json\/wp\/v2\/pages\/62089","targetHints":{"allow":["GET"]}}],"collection":[{"href":"https:\/\/vit2go.net\/de\/wp-json\/wp\/v2\/pages"}],"about":[{"href":"https:\/\/vit2go.net\/de\/wp-json\/wp\/v2\/types\/page"}],"author":[{"embeddable":true,"href":"https:\/\/vit2go.net\/de\/wp-json\/wp\/v2\/users\/285"}],"replies":[{"embeddable":true,"href":"https:\/\/vit2go.net\/de\/wp-json\/wp\/v2\/comments?post=62089"}],"version-history":[{"count":0,"href":"https:\/\/vit2go.net\/de\/wp-json\/wp\/v2\/pages\/62089\/revisions"}],"wp:featuredmedia":[{"embeddable":true,"href":"https:\/\/vit2go.net\/de\/wp-json\/wp\/v2\/media\/24998"}],"wp:attachment":[{"href":"https:\/\/vit2go.net\/de\/wp-json\/wp\/v2\/media?parent=62089"}],"curies":[{"name":"wp","href":"https:\/\/api.w.org\/{rel}","templated":true}]}}