{"id":4854,"date":"2016-08-05T16:03:31","date_gmt":"2016-08-05T14:03:31","guid":{"rendered":"http:\/\/vit2gostg.wpenginepowered.com\/de\/?page_id=4854"},"modified":"2023-12-20T20:15:17","modified_gmt":"2023-12-20T19:15:17","slug":"ueber-uns","status":"publish","type":"page","link":"https:\/\/vit2go.net\/de\/ueber-uns\/","title":{"rendered":"\u00dcber uns"},"content":{"rendered":"<p>[vc_row][vc_column][vc_column_text]<span class=\"welcometext\"><img decoding=\"async\" class=\"alignright size-full wp-image-4174\" src=\"https:\/\/vit2go.net\/wp-content\/uploads\/2016\/07\/made-in-germany.jpg\" alt=\"Made in Germany Siegel\" width=\"180\" height=\"107\" \/><\/span><\/p>\n<p><b>Das treibt uns an<\/b><\/p>\n<p>Inspiriert von der Idee typische Beschwerden des Alltags durch die Entwicklung hochwertiger und innovativer Wirkstoff-Formeln zu bek\u00e4mpfen, gr\u00fcndete Joschka Kupich &#8211; CEO, Product und Marketing Director, 2012 den Vorl\u00e4ufer der Vit2go-Produktreihe ElectroVit. Von Beginn an arbeitete unser Unternehmen mit f\u00fchrenden Lebensmittel-Laboren in Deutschland zusammen, um h\u00f6chste Qualit\u00e4t und Zuverl\u00e4ssigkeit sicherzustellen.<\/p>\n<p>2016 wurde die Marke zu dem heute bekannten Vit2go umbenannt, um die praktische und schnelle Anwendung der Sachets im Hosentaschenformat &#8211; auch von unterwegs &#8211; zu verdeutlichen. Das Sortiment beinhaltete von nun anVit2go Hangover Aid,Vit2go Immune System Booster undVit2go Natural Energy Booster.<\/p>\n<p>2019 erfolgte das gro\u00dfe Brand Redesign: Aus den gesammelten Erfahrungen der vergangenen sieben Jahre wurde die Rezeptur hinsichtlich Wirkung, Geschmack und L\u00f6slichkeit erneut deutlich optimiert und auch \u00e4u\u00dferlich erhielt die Marke ein neues Auftreten.<\/p>\n<p>Der moderne und cleane Premium-Look vermittelt die hohe Qualit\u00e4t der Wirkstoff-Formeln und f\u00fchrte auch zur Modernisierung der Produktnamen: Vit2go DRINK RECOVERY, Vit2go IMMUNITY und Vit2go ENERGY.<\/p>\n<p>Die Produkte sind in deutscher und englischer Sprache erh\u00e4ltlich und werden derzeit haupts\u00e4chlich in den M\u00e4rkten Deutschland, UK, Spanien, Malta (dem ersten Testmarkt) und USA verkauft.<\/p>\n<p><b>Live life to the fullest <\/b><\/p>\n<p>Zusammen mit jahrelangen Gesch\u00e4ftspartnern aus den Bereichen Nahrungserg\u00e4nzungsmittel, Gesundheit und Marketing wurden drei Produkte entwickelt, die jenen Zust\u00e4nden entgegenwirken, die uns h\u00e4ufig ausbremsen: M\u00fcdigkeit, Erk\u00e4ltung und Kater nach Alkoholkonsum. Durch unsere Produkte kannst Du das Maximum aus dir herausholen, ohne auf ein gesundes und aufregendes Leben verzichten zu m\u00fcssen.<\/p>\n<p><b>Unser Qualit\u00e4tsversprechen<\/b><\/p>\n<p>Die Zusammensetzung unserer Produkte basiert auf akademischen Studien und die Wirkung der Inhaltsstoffe ist wissenschaftlich belegt. Alle Wirkstoffe unserer Produkte sind sorgf\u00e4ltig ausgew\u00e4hlt, von h\u00f6chster Qualit\u00e4t, nach allen relevanten Kriterien gepr\u00fcft und stetig optimiert. Der gesamte Produktionsprozess erfolgt durch einen f\u00fchrenden NEM-Hersteller in Deutschland.<\/p>\n<ul>\n<li>100% vegane Inhaltsstoffe aus \u00f6kologischem Anbau<\/li>\n<li>Nachhaltige, FSC-zertifizierte Verpackung<\/li>\n<li>Rezeptur basierend auf wissenschaftlichen Studien<\/li>\n<li>Aus kontrollierter sicherer Herstellung in Deutschland<\/li>\n<li>H\u00f6chste Qualit\u00e4tsstandards (IFS- &amp; GMP-zertifiziert)<\/li>\n<\/ul>\n<p><b>Unser Team<\/b><\/p>\n<p>Vit2go l\u00e4sst sein Team stetig wachsen, welches mittlerweile aus vielen Experten verschiedener L\u00e4nder aus dem Marketing-, Sales-, und Gesundheitsbereich besteht, um der internationalen Nachfrage gerecht zu werden.[\/vc_column_text][\/vc_column][\/vc_row]<\/p>\n","protected":false},"excerpt":{"rendered":"<p>[vc_row][vc_column][vc_column_text] Das treibt uns an Inspiriert von der Idee typische Beschwerden des Alltags durch die Entwicklung hochwertiger und innovativer Wirkstoff-Formeln&#8230;<\/p>\n","protected":false},"author":1,"featured_media":0,"parent":0,"menu_order":0,"comment_status":"open","ping_status":"closed","template":"template-about-us.php","meta":{"_acf_changed":false,"footnotes":""},"class_list":["post-4854","page","type-page","status-publish","hentry"],"acf":[],"yoast_head":"<!-- This site is optimized with the Yoast SEO plugin v27.3 - https:\/\/yoast.com\/product\/yoast-seo-wordpress\/ -->\n<title>Entdecke Vit2go: Wissenschaftlich basierte Nahrungserg\u00e4nzungmittel<\/title>\n<meta name=\"description\" content=\"Energie, Immunit\u00e4t und Erholung durch hochwertige Nahrungserg\u00e4nzungsmittel f\u00fcr ein gesundes Leben.\" \/>\n<meta name=\"robots\" content=\"index, follow, max-snippet:-1, max-image-preview:large, max-video-preview:-1\" \/>\n<link rel=\"canonical\" href=\"https:\/\/vit2go.net\/de\/ueber-uns\/\" \/>\n<meta property=\"og:locale\" content=\"de_DE\" \/>\n<meta property=\"og:type\" content=\"article\" \/>\n<meta property=\"og:title\" content=\"Entdecke Vit2go: Wissenschaftlich basierte Nahrungserg\u00e4nzungmittel\" \/>\n<meta property=\"og:description\" content=\"Energie, Immunit\u00e4t und Erholung durch hochwertige Nahrungserg\u00e4nzungsmittel f\u00fcr ein gesundes Leben.\" \/>\n<meta property=\"og:url\" content=\"https:\/\/vit2go.net\/de\/ueber-uns\/\" \/>\n<meta property=\"og:site_name\" content=\"Vit2go Online Shop\" \/>\n<meta property=\"article:modified_time\" content=\"2023-12-20T19:15:17+00:00\" \/>\n<meta property=\"og:image\" content=\"https:\/\/vit2go.net\/wp-content\/uploads\/2016\/07\/made-in-germany.jpg\" \/>\n<meta name=\"twitter:card\" content=\"summary_large_image\" \/>\n<meta name=\"twitter:label1\" content=\"Gesch\u00e4tzte Lesezeit\" \/>\n\t<meta name=\"twitter:data1\" content=\"3\u00a0Minuten\" \/>\n<script type=\"application\/ld+json\" class=\"yoast-schema-graph\">{\"@context\":\"https:\\\/\\\/schema.org\",\"@graph\":[{\"@type\":\"WebPage\",\"@id\":\"https:\\\/\\\/vit2go.net\\\/de\\\/ueber-uns\\\/\",\"url\":\"https:\\\/\\\/vit2go.net\\\/de\\\/ueber-uns\\\/\",\"name\":\"Entdecke Vit2go: Wissenschaftlich basierte Nahrungserg\u00e4nzungmittel\",\"isPartOf\":{\"@id\":\"https:\\\/\\\/vit2go.net\\\/de\\\/#website\"},\"primaryImageOfPage\":{\"@id\":\"https:\\\/\\\/vit2go.net\\\/de\\\/ueber-uns\\\/#primaryimage\"},\"image\":{\"@id\":\"https:\\\/\\\/vit2go.net\\\/de\\\/ueber-uns\\\/#primaryimage\"},\"thumbnailUrl\":\"https:\\\/\\\/vit2go.net\\\/wp-content\\\/uploads\\\/2016\\\/07\\\/made-in-germany.jpg\",\"datePublished\":\"2016-08-05T14:03:31+00:00\",\"dateModified\":\"2023-12-20T19:15:17+00:00\",\"description\":\"Energie, Immunit\u00e4t und Erholung durch hochwertige Nahrungserg\u00e4nzungsmittel f\u00fcr ein gesundes Leben.\",\"breadcrumb\":{\"@id\":\"https:\\\/\\\/vit2go.net\\\/de\\\/ueber-uns\\\/#breadcrumb\"},\"inLanguage\":\"de\",\"potentialAction\":[{\"@type\":\"ReadAction\",\"target\":[\"https:\\\/\\\/vit2go.net\\\/de\\\/ueber-uns\\\/\"]}]},{\"@type\":\"ImageObject\",\"inLanguage\":\"de\",\"@id\":\"https:\\\/\\\/vit2go.net\\\/de\\\/ueber-uns\\\/#primaryimage\",\"url\":\"https:\\\/\\\/vit2go.net\\\/wp-content\\\/uploads\\\/2016\\\/07\\\/made-in-germany.jpg\",\"contentUrl\":\"https:\\\/\\\/vit2go.net\\\/wp-content\\\/uploads\\\/2016\\\/07\\\/made-in-germany.jpg\"},{\"@type\":\"BreadcrumbList\",\"@id\":\"https:\\\/\\\/vit2go.net\\\/de\\\/ueber-uns\\\/#breadcrumb\",\"itemListElement\":[{\"@type\":\"ListItem\",\"position\":1,\"name\":\"Home\",\"item\":\"https:\\\/\\\/vit2go.net\\\/de\\\/\"},{\"@type\":\"ListItem\",\"position\":2,\"name\":\"\u00dcber uns\"}]},{\"@type\":\"WebSite\",\"@id\":\"https:\\\/\\\/vit2go.net\\\/de\\\/#website\",\"url\":\"https:\\\/\\\/vit2go.net\\\/de\\\/\",\"name\":\"Vit2go Online Shop\",\"description\":\"FAQs  - H\u00e4ufig gestellte Fragen \u00fcber unsere Produkte\",\"publisher\":{\"@id\":\"https:\\\/\\\/vit2go.net\\\/de\\\/#organization\"},\"potentialAction\":[{\"@type\":\"SearchAction\",\"target\":{\"@type\":\"EntryPoint\",\"urlTemplate\":\"https:\\\/\\\/vit2go.net\\\/de\\\/?s={search_term_string}\"},\"query-input\":{\"@type\":\"PropertyValueSpecification\",\"valueRequired\":true,\"valueName\":\"search_term_string\"}}],\"inLanguage\":\"de\"},{\"@type\":\"Organization\",\"@id\":\"https:\\\/\\\/vit2go.net\\\/de\\\/#organization\",\"name\":\"vit2go\",\"url\":\"https:\\\/\\\/vit2go.net\\\/de\\\/\",\"logo\":{\"@type\":\"ImageObject\",\"inLanguage\":\"de\",\"@id\":\"https:\\\/\\\/vit2go.net\\\/de\\\/#\\\/schema\\\/logo\\\/image\\\/\",\"url\":\"https:\\\/\\\/vit2go.net\\\/wp-content\\\/uploads\\\/2017\\\/03\\\/Logo-red_700.jpg\",\"contentUrl\":\"https:\\\/\\\/vit2go.net\\\/wp-content\\\/uploads\\\/2017\\\/03\\\/Logo-red_700.jpg\",\"width\":700,\"height\":292,\"caption\":\"vit2go\"},\"image\":{\"@id\":\"https:\\\/\\\/vit2go.net\\\/de\\\/#\\\/schema\\\/logo\\\/image\\\/\"}}]}<\/script>\n<!-- \/ Yoast SEO plugin. -->","yoast_head_json":{"title":"Entdecke Vit2go: Wissenschaftlich basierte Nahrungserg\u00e4nzungmittel","description":"Energie, Immunit\u00e4t und Erholung durch hochwertige Nahrungserg\u00e4nzungsmittel f\u00fcr ein gesundes Leben.","robots":{"index":"index","follow":"follow","max-snippet":"max-snippet:-1","max-image-preview":"max-image-preview:large","max-video-preview":"max-video-preview:-1"},"canonical":"https:\/\/vit2go.net\/de\/ueber-uns\/","og_locale":"de_DE","og_type":"article","og_title":"Entdecke Vit2go: Wissenschaftlich basierte Nahrungserg\u00e4nzungmittel","og_description":"Energie, Immunit\u00e4t und Erholung durch hochwertige Nahrungserg\u00e4nzungsmittel f\u00fcr ein gesundes Leben.","og_url":"https:\/\/vit2go.net\/de\/ueber-uns\/","og_site_name":"Vit2go Online Shop","article_modified_time":"2023-12-20T19:15:17+00:00","og_image":[{"url":"https:\/\/vit2go.net\/wp-content\/uploads\/2016\/07\/made-in-germany.jpg","type":"","width":"","height":""}],"twitter_card":"summary_large_image","twitter_misc":{"Gesch\u00e4tzte Lesezeit":"3\u00a0Minuten"},"schema":{"@context":"https:\/\/schema.org","@graph":[{"@type":"WebPage","@id":"https:\/\/vit2go.net\/de\/ueber-uns\/","url":"https:\/\/vit2go.net\/de\/ueber-uns\/","name":"Entdecke Vit2go: Wissenschaftlich basierte Nahrungserg\u00e4nzungmittel","isPartOf":{"@id":"https:\/\/vit2go.net\/de\/#website"},"primaryImageOfPage":{"@id":"https:\/\/vit2go.net\/de\/ueber-uns\/#primaryimage"},"image":{"@id":"https:\/\/vit2go.net\/de\/ueber-uns\/#primaryimage"},"thumbnailUrl":"https:\/\/vit2go.net\/wp-content\/uploads\/2016\/07\/made-in-germany.jpg","datePublished":"2016-08-05T14:03:31+00:00","dateModified":"2023-12-20T19:15:17+00:00","description":"Energie, Immunit\u00e4t und Erholung durch hochwertige Nahrungserg\u00e4nzungsmittel f\u00fcr ein gesundes Leben.","breadcrumb":{"@id":"https:\/\/vit2go.net\/de\/ueber-uns\/#breadcrumb"},"inLanguage":"de","potentialAction":[{"@type":"ReadAction","target":["https:\/\/vit2go.net\/de\/ueber-uns\/"]}]},{"@type":"ImageObject","inLanguage":"de","@id":"https:\/\/vit2go.net\/de\/ueber-uns\/#primaryimage","url":"https:\/\/vit2go.net\/wp-content\/uploads\/2016\/07\/made-in-germany.jpg","contentUrl":"https:\/\/vit2go.net\/wp-content\/uploads\/2016\/07\/made-in-germany.jpg"},{"@type":"BreadcrumbList","@id":"https:\/\/vit2go.net\/de\/ueber-uns\/#breadcrumb","itemListElement":[{"@type":"ListItem","position":1,"name":"Home","item":"https:\/\/vit2go.net\/de\/"},{"@type":"ListItem","position":2,"name":"\u00dcber uns"}]},{"@type":"WebSite","@id":"https:\/\/vit2go.net\/de\/#website","url":"https:\/\/vit2go.net\/de\/","name":"Vit2go Online Shop","description":"FAQs  - H\u00e4ufig gestellte Fragen \u00fcber unsere Produkte","publisher":{"@id":"https:\/\/vit2go.net\/de\/#organization"},"potentialAction":[{"@type":"SearchAction","target":{"@type":"EntryPoint","urlTemplate":"https:\/\/vit2go.net\/de\/?s={search_term_string}"},"query-input":{"@type":"PropertyValueSpecification","valueRequired":true,"valueName":"search_term_string"}}],"inLanguage":"de"},{"@type":"Organization","@id":"https:\/\/vit2go.net\/de\/#organization","name":"vit2go","url":"https:\/\/vit2go.net\/de\/","logo":{"@type":"ImageObject","inLanguage":"de","@id":"https:\/\/vit2go.net\/de\/#\/schema\/logo\/image\/","url":"https:\/\/vit2go.net\/wp-content\/uploads\/2017\/03\/Logo-red_700.jpg","contentUrl":"https:\/\/vit2go.net\/wp-content\/uploads\/2017\/03\/Logo-red_700.jpg","width":700,"height":292,"caption":"vit2go"},"image":{"@id":"https:\/\/vit2go.net\/de\/#\/schema\/logo\/image\/"}}]}},"_links":{"self":[{"href":"https:\/\/vit2go.net\/de\/wp-json\/wp\/v2\/pages\/4854","targetHints":{"allow":["GET"]}}],"collection":[{"href":"https:\/\/vit2go.net\/de\/wp-json\/wp\/v2\/pages"}],"about":[{"href":"https:\/\/vit2go.net\/de\/wp-json\/wp\/v2\/types\/page"}],"author":[{"embeddable":true,"href":"https:\/\/vit2go.net\/de\/wp-json\/wp\/v2\/users\/1"}],"replies":[{"embeddable":true,"href":"https:\/\/vit2go.net\/de\/wp-json\/wp\/v2\/comments?post=4854"}],"version-history":[{"count":0,"href":"https:\/\/vit2go.net\/de\/wp-json\/wp\/v2\/pages\/4854\/revisions"}],"wp:attachment":[{"href":"https:\/\/vit2go.net\/de\/wp-json\/wp\/v2\/media?parent=4854"}],"curies":[{"name":"wp","href":"https:\/\/api.w.org\/{rel}","templated":true}]}}