{"id":4326,"date":"2016-07-31T19:46:58","date_gmt":"2016-07-31T17:46:58","guid":{"rendered":"http:\/\/vit2gostg.wpenginepowered.com\/de\/?page_id=4326"},"modified":"2024-05-14T10:50:58","modified_gmt":"2024-05-14T08:50:58","slug":"drink-recovery","status":"publish","type":"page","link":"https:\/\/vit2go.net\/de\/drink-recovery\/","title":{"rendered":"DRINK RECOVERY"},"content":{"rendered":"<p><img fetchpriority=\"high\" decoding=\"async\" class=\"alignright size-medium wp-image-20484\" src=\"https:\/\/vit2go.net\/wp-content\/uploads\/2019\/11\/Vit2go_DE_DRINKRECOVERY_30-300x300.png\" alt=\"\" width=\"300\" height=\"300\" srcset=\"https:\/\/vit2go.net\/wp-content\/uploads\/2019\/11\/Vit2go_DE_DRINKRECOVERY_30-300x300.png 300w, https:\/\/vit2go.net\/wp-content\/uploads\/2019\/11\/Vit2go_DE_DRINKRECOVERY_30-600x600.png 600w, https:\/\/vit2go.net\/wp-content\/uploads\/2019\/11\/Vit2go_DE_DRINKRECOVERY_30-768x768.png 768w, https:\/\/vit2go.net\/wp-content\/uploads\/2019\/11\/Vit2go_DE_DRINKRECOVERY_30-96x96.png 96w, https:\/\/vit2go.net\/wp-content\/uploads\/2019\/11\/Vit2go_DE_DRINKRECOVERY_30-42x42.png 42w, https:\/\/vit2go.net\/wp-content\/uploads\/2019\/11\/Vit2go_DE_DRINKRECOVERY_30-60x60.png 60w, https:\/\/vit2go.net\/wp-content\/uploads\/2019\/11\/Vit2go_DE_DRINKRECOVERY_30-900x900.png 900w, https:\/\/vit2go.net\/wp-content\/uploads\/2019\/11\/Vit2go_DE_DRINKRECOVERY_30-500x500.png 500w, https:\/\/vit2go.net\/wp-content\/uploads\/2019\/11\/Vit2go_DE_DRINKRECOVERY_30-400x400.png 400w, https:\/\/vit2go.net\/wp-content\/uploads\/2019\/11\/Vit2go_DE_DRINKRECOVERY_30-200x200.png 200w, https:\/\/vit2go.net\/wp-content\/uploads\/2019\/11\/Vit2go_DE_DRINKRECOVERY_30-100x100.png 100w, https:\/\/vit2go.net\/wp-content\/uploads\/2019\/11\/Vit2go_DE_DRINKRECOVERY_30-655x655.png 655w, https:\/\/vit2go.net\/wp-content\/uploads\/2019\/11\/Vit2go_DE_DRINKRECOVERY_30-90x90.png 90w, https:\/\/vit2go.net\/wp-content\/uploads\/2019\/11\/Vit2go_DE_DRINKRECOVERY_30.png 1444w\" sizes=\"(max-width: 300px) 100vw, 300px\" \/><iframe src=\"https:\/\/www.youtube.com\/embed\/fGEq-lq0riI?ecver=1\" width=\"450\" height=\"253\" frameborder=\"0\" allowfullscreen=\"allowfullscreen\"><\/iframe><\/p>\n<p><strong>Kopfschmerzen, \u00dcbelkeit, Stimmungsschwankungen und allgemeines Unwohlsein<\/strong> &#8211; das sind die typischen Beschwerden eines Katers nach \u00fcberh\u00f6htem Alkoholkonsum, denn Alkohol entzieht dem K\u00f6rper neben Fl\u00fcssigkeit auch wichtige Mineralien, Vitamine und andere N\u00e4hrstoffe, die er ben\u00f6tigt, um richtig zu funktionieren.<\/p>\n<p><a href=\"https:\/\/vit2go.net\/de\/shop\/hangover-aid-30pack\/\"><strong>Vit2go DRINK RECOVERY <\/strong><\/a>ist genau darauf abgestimmt, dieses Defizit an N\u00e4hrstoffen wieder auszugleichen. Die wichtigsten Inhaltsstoffe sind neben vielen Vitaminen, Mineralstoffen und Salzen verschiedene Elektrolyte und essentielle Aminos\u00e4uren. Der Geschmack schwarze Johannisbeere basiert ausschlie\u00dflich auf nat\u00fcrlichen Fruchtaromen, ist nicht zu s\u00fc\u00df und l\u00e4sst sich gut trinken. Wenn Du es bestenfalls noch vor dem Schlafengehen zu Dir nimmst, wird Dein Vorrat an wichtigen N\u00e4hrstoffen und Fl\u00fcssigkeit gleich wieder aufgestockt, so dass sich der K\u00f6rper schon \u00fcber Nacht perfekt rehydrieren und regenerieren kann. So entstehen die unangenehmen Katersymptome oft gar nicht erst und man f\u00fchlt sich deutlich besser.<\/p>\n<p>Man wei\u00df nie, wann man es braucht, deshalb sollte <a href=\"https:\/\/vit2go.net\/de\/shop\/hangover-aid-30pack\/\">DRINK RECOVERY von Vit2go<\/a> in keiner Hausapotheke fehlen:<\/p>\n","protected":false},"excerpt":{"rendered":"<p>Kopfschmerzen, \u00dcbelkeit, Stimmungsschwankungen und allgemeines Unwohlsein &#8211; das sind die typischen Beschwerden eines Katers nach \u00fcberh\u00f6htem Alkoholkonsum, denn Alkohol entzieht&#8230;<\/p>\n","protected":false},"author":1,"featured_media":0,"parent":0,"menu_order":0,"comment_status":"closed","ping_status":"closed","template":"template-product.php","meta":{"_acf_changed":false,"footnotes":""},"class_list":["post-4326","page","type-page","status-publish","hentry"],"acf":[],"yoast_head":"<!-- This site is optimized with the Yoast SEO plugin v27.3 - https:\/\/yoast.com\/product\/yoast-seo-wordpress\/ -->\n<title>Schnelle Hydratisierung mit Vit2go: Ohne Kater am Tag danach<\/title>\n<meta name=\"description\" content=\"Vit2go DRINK RECOVERY: Entgiftet die Leber, steigert die Fl\u00fcssigkeitszufuhr, und hilft bei Alkohol- &amp; Muskelerholung durch Elektrolyte, Magnesium, &amp; Kudzu.\" \/>\n<meta name=\"robots\" content=\"index, follow, max-snippet:-1, max-image-preview:large, max-video-preview:-1\" \/>\n<link rel=\"canonical\" href=\"https:\/\/vit2go.net\/de\/drink-recovery\/\" \/>\n<meta property=\"og:locale\" content=\"de_DE\" \/>\n<meta property=\"og:type\" content=\"article\" \/>\n<meta property=\"og:title\" content=\"Schnelle Hydratisierung mit Vit2go: Ohne Kater am Tag danach\" \/>\n<meta property=\"og:description\" content=\"Vit2go DRINK RECOVERY: Entgiftet die Leber, steigert die Fl\u00fcssigkeitszufuhr, und hilft bei Alkohol- &amp; Muskelerholung durch Elektrolyte, Magnesium, &amp; Kudzu.\" \/>\n<meta property=\"og:url\" content=\"https:\/\/vit2go.net\/de\/drink-recovery\/\" \/>\n<meta property=\"og:site_name\" content=\"Vit2go Online Shop\" \/>\n<meta property=\"article:modified_time\" content=\"2024-05-14T08:50:58+00:00\" \/>\n<meta property=\"og:image\" content=\"https:\/\/vit2go.net\/wp-content\/uploads\/2019\/11\/Vit2go_DE_DRINKRECOVERY_30-300x300.png\" \/>\n<meta name=\"twitter:card\" content=\"summary_large_image\" \/>\n<meta name=\"twitter:label1\" content=\"Gesch\u00e4tzte Lesezeit\" \/>\n\t<meta name=\"twitter:data1\" content=\"2\u00a0Minuten\" \/>\n<script type=\"application\/ld+json\" class=\"yoast-schema-graph\">{\"@context\":\"https:\\\/\\\/schema.org\",\"@graph\":[{\"@type\":\"WebPage\",\"@id\":\"https:\\\/\\\/vit2go.net\\\/de\\\/drink-recovery\\\/\",\"url\":\"https:\\\/\\\/vit2go.net\\\/de\\\/drink-recovery\\\/\",\"name\":\"Schnelle Hydratisierung mit Vit2go: Ohne Kater am Tag danach\",\"isPartOf\":{\"@id\":\"https:\\\/\\\/vit2go.net\\\/de\\\/#website\"},\"primaryImageOfPage\":{\"@id\":\"https:\\\/\\\/vit2go.net\\\/de\\\/drink-recovery\\\/#primaryimage\"},\"image\":{\"@id\":\"https:\\\/\\\/vit2go.net\\\/de\\\/drink-recovery\\\/#primaryimage\"},\"thumbnailUrl\":\"https:\\\/\\\/vit2go.net\\\/wp-content\\\/uploads\\\/2019\\\/11\\\/Vit2go_DE_DRINKRECOVERY_30-300x300.png\",\"datePublished\":\"2016-07-31T17:46:58+00:00\",\"dateModified\":\"2024-05-14T08:50:58+00:00\",\"description\":\"Vit2go DRINK RECOVERY: Entgiftet die Leber, steigert die Fl\u00fcssigkeitszufuhr, und hilft bei Alkohol- & Muskelerholung durch Elektrolyte, Magnesium, & Kudzu.\",\"breadcrumb\":{\"@id\":\"https:\\\/\\\/vit2go.net\\\/de\\\/drink-recovery\\\/#breadcrumb\"},\"inLanguage\":\"de\",\"potentialAction\":[{\"@type\":\"ReadAction\",\"target\":[\"https:\\\/\\\/vit2go.net\\\/de\\\/drink-recovery\\\/\"]}]},{\"@type\":\"ImageObject\",\"inLanguage\":\"de\",\"@id\":\"https:\\\/\\\/vit2go.net\\\/de\\\/drink-recovery\\\/#primaryimage\",\"url\":\"https:\\\/\\\/vit2go.net\\\/wp-content\\\/uploads\\\/2019\\\/11\\\/Vit2go_DE_DRINKRECOVERY_30-300x300.png\",\"contentUrl\":\"https:\\\/\\\/vit2go.net\\\/wp-content\\\/uploads\\\/2019\\\/11\\\/Vit2go_DE_DRINKRECOVERY_30-300x300.png\"},{\"@type\":\"BreadcrumbList\",\"@id\":\"https:\\\/\\\/vit2go.net\\\/de\\\/drink-recovery\\\/#breadcrumb\",\"itemListElement\":[{\"@type\":\"ListItem\",\"position\":1,\"name\":\"Home\",\"item\":\"https:\\\/\\\/vit2go.net\\\/de\\\/\"},{\"@type\":\"ListItem\",\"position\":2,\"name\":\"DRINK RECOVERY\"}]},{\"@type\":\"WebSite\",\"@id\":\"https:\\\/\\\/vit2go.net\\\/de\\\/#website\",\"url\":\"https:\\\/\\\/vit2go.net\\\/de\\\/\",\"name\":\"Vit2go Online Shop\",\"description\":\"FAQs  - H\u00e4ufig gestellte Fragen \u00fcber unsere Produkte\",\"publisher\":{\"@id\":\"https:\\\/\\\/vit2go.net\\\/de\\\/#organization\"},\"potentialAction\":[{\"@type\":\"SearchAction\",\"target\":{\"@type\":\"EntryPoint\",\"urlTemplate\":\"https:\\\/\\\/vit2go.net\\\/de\\\/?s={search_term_string}\"},\"query-input\":{\"@type\":\"PropertyValueSpecification\",\"valueRequired\":true,\"valueName\":\"search_term_string\"}}],\"inLanguage\":\"de\"},{\"@type\":\"Organization\",\"@id\":\"https:\\\/\\\/vit2go.net\\\/de\\\/#organization\",\"name\":\"vit2go\",\"url\":\"https:\\\/\\\/vit2go.net\\\/de\\\/\",\"logo\":{\"@type\":\"ImageObject\",\"inLanguage\":\"de\",\"@id\":\"https:\\\/\\\/vit2go.net\\\/de\\\/#\\\/schema\\\/logo\\\/image\\\/\",\"url\":\"https:\\\/\\\/vit2go.net\\\/wp-content\\\/uploads\\\/2017\\\/03\\\/Logo-red_700.jpg\",\"contentUrl\":\"https:\\\/\\\/vit2go.net\\\/wp-content\\\/uploads\\\/2017\\\/03\\\/Logo-red_700.jpg\",\"width\":700,\"height\":292,\"caption\":\"vit2go\"},\"image\":{\"@id\":\"https:\\\/\\\/vit2go.net\\\/de\\\/#\\\/schema\\\/logo\\\/image\\\/\"}}]}<\/script>\n<!-- \/ Yoast SEO plugin. -->","yoast_head_json":{"title":"Schnelle Hydratisierung mit Vit2go: Ohne Kater am Tag danach","description":"Vit2go DRINK RECOVERY: Entgiftet die Leber, steigert die Fl\u00fcssigkeitszufuhr, und hilft bei Alkohol- & Muskelerholung durch Elektrolyte, Magnesium, & Kudzu.","robots":{"index":"index","follow":"follow","max-snippet":"max-snippet:-1","max-image-preview":"max-image-preview:large","max-video-preview":"max-video-preview:-1"},"canonical":"https:\/\/vit2go.net\/de\/drink-recovery\/","og_locale":"de_DE","og_type":"article","og_title":"Schnelle Hydratisierung mit Vit2go: Ohne Kater am Tag danach","og_description":"Vit2go DRINK RECOVERY: Entgiftet die Leber, steigert die Fl\u00fcssigkeitszufuhr, und hilft bei Alkohol- & Muskelerholung durch Elektrolyte, Magnesium, & Kudzu.","og_url":"https:\/\/vit2go.net\/de\/drink-recovery\/","og_site_name":"Vit2go Online Shop","article_modified_time":"2024-05-14T08:50:58+00:00","og_image":[{"url":"https:\/\/vit2go.net\/wp-content\/uploads\/2019\/11\/Vit2go_DE_DRINKRECOVERY_30-300x300.png","type":"","width":"","height":""}],"twitter_card":"summary_large_image","twitter_misc":{"Gesch\u00e4tzte Lesezeit":"2\u00a0Minuten"},"schema":{"@context":"https:\/\/schema.org","@graph":[{"@type":"WebPage","@id":"https:\/\/vit2go.net\/de\/drink-recovery\/","url":"https:\/\/vit2go.net\/de\/drink-recovery\/","name":"Schnelle Hydratisierung mit Vit2go: Ohne Kater am Tag danach","isPartOf":{"@id":"https:\/\/vit2go.net\/de\/#website"},"primaryImageOfPage":{"@id":"https:\/\/vit2go.net\/de\/drink-recovery\/#primaryimage"},"image":{"@id":"https:\/\/vit2go.net\/de\/drink-recovery\/#primaryimage"},"thumbnailUrl":"https:\/\/vit2go.net\/wp-content\/uploads\/2019\/11\/Vit2go_DE_DRINKRECOVERY_30-300x300.png","datePublished":"2016-07-31T17:46:58+00:00","dateModified":"2024-05-14T08:50:58+00:00","description":"Vit2go DRINK RECOVERY: Entgiftet die Leber, steigert die Fl\u00fcssigkeitszufuhr, und hilft bei Alkohol- & Muskelerholung durch Elektrolyte, Magnesium, & Kudzu.","breadcrumb":{"@id":"https:\/\/vit2go.net\/de\/drink-recovery\/#breadcrumb"},"inLanguage":"de","potentialAction":[{"@type":"ReadAction","target":["https:\/\/vit2go.net\/de\/drink-recovery\/"]}]},{"@type":"ImageObject","inLanguage":"de","@id":"https:\/\/vit2go.net\/de\/drink-recovery\/#primaryimage","url":"https:\/\/vit2go.net\/wp-content\/uploads\/2019\/11\/Vit2go_DE_DRINKRECOVERY_30-300x300.png","contentUrl":"https:\/\/vit2go.net\/wp-content\/uploads\/2019\/11\/Vit2go_DE_DRINKRECOVERY_30-300x300.png"},{"@type":"BreadcrumbList","@id":"https:\/\/vit2go.net\/de\/drink-recovery\/#breadcrumb","itemListElement":[{"@type":"ListItem","position":1,"name":"Home","item":"https:\/\/vit2go.net\/de\/"},{"@type":"ListItem","position":2,"name":"DRINK RECOVERY"}]},{"@type":"WebSite","@id":"https:\/\/vit2go.net\/de\/#website","url":"https:\/\/vit2go.net\/de\/","name":"Vit2go Online Shop","description":"FAQs  - H\u00e4ufig gestellte Fragen \u00fcber unsere Produkte","publisher":{"@id":"https:\/\/vit2go.net\/de\/#organization"},"potentialAction":[{"@type":"SearchAction","target":{"@type":"EntryPoint","urlTemplate":"https:\/\/vit2go.net\/de\/?s={search_term_string}"},"query-input":{"@type":"PropertyValueSpecification","valueRequired":true,"valueName":"search_term_string"}}],"inLanguage":"de"},{"@type":"Organization","@id":"https:\/\/vit2go.net\/de\/#organization","name":"vit2go","url":"https:\/\/vit2go.net\/de\/","logo":{"@type":"ImageObject","inLanguage":"de","@id":"https:\/\/vit2go.net\/de\/#\/schema\/logo\/image\/","url":"https:\/\/vit2go.net\/wp-content\/uploads\/2017\/03\/Logo-red_700.jpg","contentUrl":"https:\/\/vit2go.net\/wp-content\/uploads\/2017\/03\/Logo-red_700.jpg","width":700,"height":292,"caption":"vit2go"},"image":{"@id":"https:\/\/vit2go.net\/de\/#\/schema\/logo\/image\/"}}]}},"_links":{"self":[{"href":"https:\/\/vit2go.net\/de\/wp-json\/wp\/v2\/pages\/4326","targetHints":{"allow":["GET"]}}],"collection":[{"href":"https:\/\/vit2go.net\/de\/wp-json\/wp\/v2\/pages"}],"about":[{"href":"https:\/\/vit2go.net\/de\/wp-json\/wp\/v2\/types\/page"}],"author":[{"embeddable":true,"href":"https:\/\/vit2go.net\/de\/wp-json\/wp\/v2\/users\/1"}],"replies":[{"embeddable":true,"href":"https:\/\/vit2go.net\/de\/wp-json\/wp\/v2\/comments?post=4326"}],"version-history":[{"count":0,"href":"https:\/\/vit2go.net\/de\/wp-json\/wp\/v2\/pages\/4326\/revisions"}],"wp:attachment":[{"href":"https:\/\/vit2go.net\/de\/wp-json\/wp\/v2\/media?parent=4326"}],"curies":[{"name":"wp","href":"https:\/\/api.w.org\/{rel}","templated":true}]}}