{"id":4263,"date":"2016-07-28T23:48:16","date_gmt":"2016-07-28T21:48:16","guid":{"rendered":"http:\/\/vit2gostg.wpenginepowered.com\/shop-2\/"},"modified":"2023-12-01T05:32:01","modified_gmt":"2023-12-01T04:32:01","slug":"shop","status":"publish","type":"page","link":"https:\/\/vit2go.net\/de\/shop\/","title":{"rendered":"Shop"},"content":{"rendered":"","protected":false},"excerpt":{"rendered":"","protected":false},"author":1,"featured_media":0,"parent":0,"menu_order":0,"comment_status":"closed","ping_status":"closed","template":"","meta":{"_acf_changed":false,"footnotes":""},"class_list":["post-4263","page","type-page","status-publish","hentry"],"acf":[],"yoast_head":"<!-- This site is optimized with the Yoast SEO plugin v27.3 - https:\/\/yoast.com\/product\/yoast-seo-wordpress\/ -->\n<title>Shop: Wohlbefinden mit Vit2go&#039;s Nahrungserg\u00e4nzungsmittel<\/title>\n<meta name=\"description\" content=\"Vegane Nahrungserg\u00e4nzungsmittel von Vit2go. Wohlbefinden steigern mit wissenschaftlich fundierten und hochqualitative L\u00f6sungen. Jetzt Shoppen &amp; wohlf\u00fchlen!\" \/>\n<meta name=\"robots\" content=\"index, follow, max-snippet:-1, max-image-preview:large, max-video-preview:-1\" \/>\n<link rel=\"canonical\" href=\"https:\/\/vit2go.net\/de\/shop\/\" \/>\n<meta property=\"og:locale\" content=\"de_DE\" \/>\n<meta property=\"og:type\" content=\"article\" \/>\n<meta property=\"og:title\" content=\"Shop: Wohlbefinden mit Vit2go&#039;s Nahrungserg\u00e4nzungsmittel\" \/>\n<meta property=\"og:description\" content=\"Vegane Nahrungserg\u00e4nzungsmittel von Vit2go. Wohlbefinden steigern mit wissenschaftlich fundierten und hochqualitative L\u00f6sungen. Jetzt Shoppen &amp; wohlf\u00fchlen!\" \/>\n<meta property=\"og:url\" content=\"https:\/\/vit2go.net\/de\/shop\/\" \/>\n<meta property=\"og:site_name\" content=\"Vit2go Online Shop\" \/>\n<meta property=\"article:modified_time\" content=\"2023-12-01T04:32:01+00:00\" \/>\n<meta name=\"twitter:card\" content=\"summary_large_image\" \/>\n<script type=\"application\/ld+json\" class=\"yoast-schema-graph\">{\"@context\":\"https:\\\/\\\/schema.org\",\"@graph\":[{\"@type\":\"WebPage\",\"@id\":\"https:\\\/\\\/vit2go.net\\\/de\\\/shop\\\/\",\"url\":\"https:\\\/\\\/vit2go.net\\\/de\\\/shop\\\/\",\"name\":\"Shop: Wohlbefinden mit Vit2go's Nahrungserg\u00e4nzungsmittel\",\"isPartOf\":{\"@id\":\"https:\\\/\\\/vit2go.net\\\/de\\\/#website\"},\"datePublished\":\"2016-07-28T21:48:16+00:00\",\"dateModified\":\"2023-12-01T04:32:01+00:00\",\"description\":\"Vegane Nahrungserg\u00e4nzungsmittel von Vit2go. Wohlbefinden steigern mit wissenschaftlich fundierten und hochqualitative L\u00f6sungen. Jetzt Shoppen & wohlf\u00fchlen!\",\"breadcrumb\":{\"@id\":\"https:\\\/\\\/vit2go.net\\\/de\\\/shop\\\/#breadcrumb\"},\"inLanguage\":\"de\",\"potentialAction\":[{\"@type\":\"ReadAction\",\"target\":[\"https:\\\/\\\/vit2go.net\\\/de\\\/shop\\\/\"]}]},{\"@type\":\"BreadcrumbList\",\"@id\":\"https:\\\/\\\/vit2go.net\\\/de\\\/shop\\\/#breadcrumb\",\"itemListElement\":[{\"@type\":\"ListItem\",\"position\":1,\"name\":\"Home\",\"item\":\"https:\\\/\\\/vit2go.net\\\/de\\\/\"},{\"@type\":\"ListItem\",\"position\":2,\"name\":\"Shop\"}]},{\"@type\":\"WebSite\",\"@id\":\"https:\\\/\\\/vit2go.net\\\/de\\\/#website\",\"url\":\"https:\\\/\\\/vit2go.net\\\/de\\\/\",\"name\":\"Vit2go Online Shop\",\"description\":\"FAQs  - H\u00e4ufig gestellte Fragen \u00fcber unsere Produkte\",\"publisher\":{\"@id\":\"https:\\\/\\\/vit2go.net\\\/de\\\/#organization\"},\"potentialAction\":[{\"@type\":\"SearchAction\",\"target\":{\"@type\":\"EntryPoint\",\"urlTemplate\":\"https:\\\/\\\/vit2go.net\\\/de\\\/?s={search_term_string}\"},\"query-input\":{\"@type\":\"PropertyValueSpecification\",\"valueRequired\":true,\"valueName\":\"search_term_string\"}}],\"inLanguage\":\"de\"},{\"@type\":\"Organization\",\"@id\":\"https:\\\/\\\/vit2go.net\\\/de\\\/#organization\",\"name\":\"vit2go\",\"url\":\"https:\\\/\\\/vit2go.net\\\/de\\\/\",\"logo\":{\"@type\":\"ImageObject\",\"inLanguage\":\"de\",\"@id\":\"https:\\\/\\\/vit2go.net\\\/de\\\/#\\\/schema\\\/logo\\\/image\\\/\",\"url\":\"https:\\\/\\\/vit2go.net\\\/wp-content\\\/uploads\\\/2017\\\/03\\\/Logo-red_700.jpg\",\"contentUrl\":\"https:\\\/\\\/vit2go.net\\\/wp-content\\\/uploads\\\/2017\\\/03\\\/Logo-red_700.jpg\",\"width\":700,\"height\":292,\"caption\":\"vit2go\"},\"image\":{\"@id\":\"https:\\\/\\\/vit2go.net\\\/de\\\/#\\\/schema\\\/logo\\\/image\\\/\"}}]}<\/script>\n<!-- \/ Yoast SEO plugin. -->","yoast_head_json":{"title":"Shop: Wohlbefinden mit Vit2go's Nahrungserg\u00e4nzungsmittel","description":"Vegane Nahrungserg\u00e4nzungsmittel von Vit2go. Wohlbefinden steigern mit wissenschaftlich fundierten und hochqualitative L\u00f6sungen. Jetzt Shoppen & wohlf\u00fchlen!","robots":{"index":"index","follow":"follow","max-snippet":"max-snippet:-1","max-image-preview":"max-image-preview:large","max-video-preview":"max-video-preview:-1"},"canonical":"https:\/\/vit2go.net\/de\/shop\/","og_locale":"de_DE","og_type":"article","og_title":"Shop: Wohlbefinden mit Vit2go's Nahrungserg\u00e4nzungsmittel","og_description":"Vegane Nahrungserg\u00e4nzungsmittel von Vit2go. Wohlbefinden steigern mit wissenschaftlich fundierten und hochqualitative L\u00f6sungen. Jetzt Shoppen & wohlf\u00fchlen!","og_url":"https:\/\/vit2go.net\/de\/shop\/","og_site_name":"Vit2go Online Shop","article_modified_time":"2023-12-01T04:32:01+00:00","twitter_card":"summary_large_image","schema":{"@context":"https:\/\/schema.org","@graph":[{"@type":"WebPage","@id":"https:\/\/vit2go.net\/de\/shop\/","url":"https:\/\/vit2go.net\/de\/shop\/","name":"Shop: Wohlbefinden mit Vit2go's Nahrungserg\u00e4nzungsmittel","isPartOf":{"@id":"https:\/\/vit2go.net\/de\/#website"},"datePublished":"2016-07-28T21:48:16+00:00","dateModified":"2023-12-01T04:32:01+00:00","description":"Vegane Nahrungserg\u00e4nzungsmittel von Vit2go. Wohlbefinden steigern mit wissenschaftlich fundierten und hochqualitative L\u00f6sungen. Jetzt Shoppen & wohlf\u00fchlen!","breadcrumb":{"@id":"https:\/\/vit2go.net\/de\/shop\/#breadcrumb"},"inLanguage":"de","potentialAction":[{"@type":"ReadAction","target":["https:\/\/vit2go.net\/de\/shop\/"]}]},{"@type":"BreadcrumbList","@id":"https:\/\/vit2go.net\/de\/shop\/#breadcrumb","itemListElement":[{"@type":"ListItem","position":1,"name":"Home","item":"https:\/\/vit2go.net\/de\/"},{"@type":"ListItem","position":2,"name":"Shop"}]},{"@type":"WebSite","@id":"https:\/\/vit2go.net\/de\/#website","url":"https:\/\/vit2go.net\/de\/","name":"Vit2go Online Shop","description":"FAQs  - H\u00e4ufig gestellte Fragen \u00fcber unsere Produkte","publisher":{"@id":"https:\/\/vit2go.net\/de\/#organization"},"potentialAction":[{"@type":"SearchAction","target":{"@type":"EntryPoint","urlTemplate":"https:\/\/vit2go.net\/de\/?s={search_term_string}"},"query-input":{"@type":"PropertyValueSpecification","valueRequired":true,"valueName":"search_term_string"}}],"inLanguage":"de"},{"@type":"Organization","@id":"https:\/\/vit2go.net\/de\/#organization","name":"vit2go","url":"https:\/\/vit2go.net\/de\/","logo":{"@type":"ImageObject","inLanguage":"de","@id":"https:\/\/vit2go.net\/de\/#\/schema\/logo\/image\/","url":"https:\/\/vit2go.net\/wp-content\/uploads\/2017\/03\/Logo-red_700.jpg","contentUrl":"https:\/\/vit2go.net\/wp-content\/uploads\/2017\/03\/Logo-red_700.jpg","width":700,"height":292,"caption":"vit2go"},"image":{"@id":"https:\/\/vit2go.net\/de\/#\/schema\/logo\/image\/"}}]}},"_links":{"self":[{"href":"https:\/\/vit2go.net\/de\/wp-json\/wp\/v2\/pages\/4263","targetHints":{"allow":["GET"]}}],"collection":[{"href":"https:\/\/vit2go.net\/de\/wp-json\/wp\/v2\/pages"}],"about":[{"href":"https:\/\/vit2go.net\/de\/wp-json\/wp\/v2\/types\/page"}],"author":[{"embeddable":true,"href":"https:\/\/vit2go.net\/de\/wp-json\/wp\/v2\/users\/1"}],"replies":[{"embeddable":true,"href":"https:\/\/vit2go.net\/de\/wp-json\/wp\/v2\/comments?post=4263"}],"version-history":[{"count":0,"href":"https:\/\/vit2go.net\/de\/wp-json\/wp\/v2\/pages\/4263\/revisions"}],"wp:attachment":[{"href":"https:\/\/vit2go.net\/de\/wp-json\/wp\/v2\/media?parent=4263"}],"curies":[{"name":"wp","href":"https:\/\/api.w.org\/{rel}","templated":true}]}}