{"id":33013,"date":"2021-01-14T08:11:33","date_gmt":"2021-01-14T07:11:33","guid":{"rendered":"https:\/\/vit2gostg.wpenginepowered.com\/?page_id=33013"},"modified":"2025-01-09T10:58:27","modified_gmt":"2025-01-09T09:58:27","slug":"vit2go-affiliate-programm","status":"publish","type":"page","link":"https:\/\/vit2go.net\/de\/vit2go-affiliate-programm\/","title":{"rendered":"Vit2go Affiliate Programm"},"content":{"rendered":"<div class=\"how_it_works\">\n<div class=\"cz wrapping-cz \">\n<h2>Darum solltest Du ein Vit2go Affiliate Partner werden<\/h2>\n<div class=\"_03-home-hero adv_blocks\">\n<div class=\"_03-home-point adv_block\">\n<div class=\"cyrcle-tick\">\u00a0<\/div>\n<div>Bewirb revolution\u00e4re Nahrungserg\u00e4nzungsmittel h\u00f6chster Qualit\u00e4t einer vertrauensw\u00fcrdigen Marke.<\/div>\n<\/div>\n<div class=\"_03-home-point adv_block\">\n<div class=\"cyrcle-tick\">\u00a0<\/div>\n<div>Genie\u00dfe eine unkomplizierte und schnelle Abwicklung.<\/div>\n<\/div>\n<div class=\"_03-home-point adv_block\">\n<div class=\"cyrcle-tick\">\u00a0<\/div>\n<div>Profitiere von einem attraktiven Provisionsmodell und verdiene bis zu 50 % Gewinnbeteiligung*.<\/div>\n<\/div>\n<div class=\"_03-home-point adv_block\">\n<div class=\"cyrcle-tick\">\u00a0<\/div>\n<div>Behalte den \u00dcberblick \u00fcber Deinen Affiliate Status dank pers\u00f6nlichem Login und Dashboard.<\/div>\n<\/div>\n<\/div>\n<div class=\"h1-sec-button-core new-hero-buts\">\n<div>Jetzt Vit2go Affiliate Partner werden<\/div>\n<p>&nbsp;<\/p>\n<\/div>\n<\/div>\n<div class=\"cz wrapping-cz postscript\">\n<p style=\"font-weight: 100;\">*Gewinn nach Abzug aller Kosten<\/p>\n<\/div>\n<\/div>\n","protected":false},"excerpt":{"rendered":"<p>Darum solltest Du ein Vit2go Affiliate Partner werden \u00a0 Bewirb revolution\u00e4re Nahrungserg\u00e4nzungsmittel h\u00f6chster Qualit\u00e4t einer vertrauensw\u00fcrdigen Marke. \u00a0 Genie\u00dfe eine&#8230;<\/p>\n","protected":false},"author":285,"featured_media":0,"parent":0,"menu_order":0,"comment_status":"closed","ping_status":"closed","template":"template-affiliate.php","meta":{"_acf_changed":false,"footnotes":""},"class_list":["post-33013","page","type-page","status-publish","hentry"],"acf":[],"yoast_head":"<!-- This site is optimized with the Yoast SEO plugin v27.3 - https:\/\/yoast.com\/product\/yoast-seo-wordpress\/ -->\n<title>Vit2go Partnerprogramm<\/title>\n<meta name=\"description\" content=\"Trete unserem Affiliate-Programm bei &amp; sei Teil unserer Mission! Gemeinsam mit unseren innovativen Trinkpulvern gestaltest Du ein gesundes Leben f\u00fcr andere.\" \/>\n<meta name=\"robots\" content=\"index, follow, max-snippet:-1, max-image-preview:large, max-video-preview:-1\" \/>\n<link rel=\"canonical\" href=\"https:\/\/vit2go.net\/de\/vit2go-affiliate-programm\/\" \/>\n<meta property=\"og:locale\" content=\"de_DE\" \/>\n<meta property=\"og:type\" content=\"article\" \/>\n<meta property=\"og:title\" content=\"Vit2go Partnerprogramm\" \/>\n<meta property=\"og:description\" content=\"Trete unserem Affiliate-Programm bei &amp; sei Teil unserer Mission! Gemeinsam mit unseren innovativen Trinkpulvern gestaltest Du ein gesundes Leben f\u00fcr andere.\" \/>\n<meta property=\"og:url\" content=\"https:\/\/vit2go.net\/de\/vit2go-affiliate-programm\/\" \/>\n<meta property=\"og:site_name\" content=\"Vit2go Online Shop\" \/>\n<meta property=\"article:modified_time\" content=\"2025-01-09T09:58:27+00:00\" \/>\n<meta name=\"twitter:card\" content=\"summary_large_image\" \/>\n<meta name=\"twitter:label1\" content=\"Gesch\u00e4tzte Lesezeit\" \/>\n\t<meta name=\"twitter:data1\" content=\"1\u00a0Minute\" \/>\n<script type=\"application\/ld+json\" class=\"yoast-schema-graph\">{\"@context\":\"https:\\\/\\\/schema.org\",\"@graph\":[{\"@type\":\"WebPage\",\"@id\":\"https:\\\/\\\/vit2go.net\\\/de\\\/vit2go-affiliate-programm\\\/\",\"url\":\"https:\\\/\\\/vit2go.net\\\/de\\\/vit2go-affiliate-programm\\\/\",\"name\":\"Vit2go Partnerprogramm\",\"isPartOf\":{\"@id\":\"https:\\\/\\\/vit2go.net\\\/de\\\/#website\"},\"datePublished\":\"2021-01-14T07:11:33+00:00\",\"dateModified\":\"2025-01-09T09:58:27+00:00\",\"description\":\"Trete unserem Affiliate-Programm bei & sei Teil unserer Mission! Gemeinsam mit unseren innovativen Trinkpulvern gestaltest Du ein gesundes Leben f\u00fcr andere.\",\"breadcrumb\":{\"@id\":\"https:\\\/\\\/vit2go.net\\\/de\\\/vit2go-affiliate-programm\\\/#breadcrumb\"},\"inLanguage\":\"de\",\"potentialAction\":[{\"@type\":\"ReadAction\",\"target\":[\"https:\\\/\\\/vit2go.net\\\/de\\\/vit2go-affiliate-programm\\\/\"]}]},{\"@type\":\"BreadcrumbList\",\"@id\":\"https:\\\/\\\/vit2go.net\\\/de\\\/vit2go-affiliate-programm\\\/#breadcrumb\",\"itemListElement\":[{\"@type\":\"ListItem\",\"position\":1,\"name\":\"Home\",\"item\":\"https:\\\/\\\/vit2go.net\\\/de\\\/\"},{\"@type\":\"ListItem\",\"position\":2,\"name\":\"Vit2go Affiliate Programm\"}]},{\"@type\":\"WebSite\",\"@id\":\"https:\\\/\\\/vit2go.net\\\/de\\\/#website\",\"url\":\"https:\\\/\\\/vit2go.net\\\/de\\\/\",\"name\":\"Vit2go Online Shop\",\"description\":\"FAQs  - H\u00e4ufig gestellte Fragen \u00fcber unsere Produkte\",\"publisher\":{\"@id\":\"https:\\\/\\\/vit2go.net\\\/de\\\/#organization\"},\"potentialAction\":[{\"@type\":\"SearchAction\",\"target\":{\"@type\":\"EntryPoint\",\"urlTemplate\":\"https:\\\/\\\/vit2go.net\\\/de\\\/?s={search_term_string}\"},\"query-input\":{\"@type\":\"PropertyValueSpecification\",\"valueRequired\":true,\"valueName\":\"search_term_string\"}}],\"inLanguage\":\"de\"},{\"@type\":\"Organization\",\"@id\":\"https:\\\/\\\/vit2go.net\\\/de\\\/#organization\",\"name\":\"vit2go\",\"url\":\"https:\\\/\\\/vit2go.net\\\/de\\\/\",\"logo\":{\"@type\":\"ImageObject\",\"inLanguage\":\"de\",\"@id\":\"https:\\\/\\\/vit2go.net\\\/de\\\/#\\\/schema\\\/logo\\\/image\\\/\",\"url\":\"https:\\\/\\\/vit2go.net\\\/wp-content\\\/uploads\\\/2017\\\/03\\\/Logo-red_700.jpg\",\"contentUrl\":\"https:\\\/\\\/vit2go.net\\\/wp-content\\\/uploads\\\/2017\\\/03\\\/Logo-red_700.jpg\",\"width\":700,\"height\":292,\"caption\":\"vit2go\"},\"image\":{\"@id\":\"https:\\\/\\\/vit2go.net\\\/de\\\/#\\\/schema\\\/logo\\\/image\\\/\"}}]}<\/script>\n<!-- \/ Yoast SEO plugin. -->","yoast_head_json":{"title":"Vit2go Partnerprogramm","description":"Trete unserem Affiliate-Programm bei & sei Teil unserer Mission! Gemeinsam mit unseren innovativen Trinkpulvern gestaltest Du ein gesundes Leben f\u00fcr andere.","robots":{"index":"index","follow":"follow","max-snippet":"max-snippet:-1","max-image-preview":"max-image-preview:large","max-video-preview":"max-video-preview:-1"},"canonical":"https:\/\/vit2go.net\/de\/vit2go-affiliate-programm\/","og_locale":"de_DE","og_type":"article","og_title":"Vit2go Partnerprogramm","og_description":"Trete unserem Affiliate-Programm bei & sei Teil unserer Mission! Gemeinsam mit unseren innovativen Trinkpulvern gestaltest Du ein gesundes Leben f\u00fcr andere.","og_url":"https:\/\/vit2go.net\/de\/vit2go-affiliate-programm\/","og_site_name":"Vit2go Online Shop","article_modified_time":"2025-01-09T09:58:27+00:00","twitter_card":"summary_large_image","twitter_misc":{"Gesch\u00e4tzte Lesezeit":"1\u00a0Minute"},"schema":{"@context":"https:\/\/schema.org","@graph":[{"@type":"WebPage","@id":"https:\/\/vit2go.net\/de\/vit2go-affiliate-programm\/","url":"https:\/\/vit2go.net\/de\/vit2go-affiliate-programm\/","name":"Vit2go Partnerprogramm","isPartOf":{"@id":"https:\/\/vit2go.net\/de\/#website"},"datePublished":"2021-01-14T07:11:33+00:00","dateModified":"2025-01-09T09:58:27+00:00","description":"Trete unserem Affiliate-Programm bei & sei Teil unserer Mission! Gemeinsam mit unseren innovativen Trinkpulvern gestaltest Du ein gesundes Leben f\u00fcr andere.","breadcrumb":{"@id":"https:\/\/vit2go.net\/de\/vit2go-affiliate-programm\/#breadcrumb"},"inLanguage":"de","potentialAction":[{"@type":"ReadAction","target":["https:\/\/vit2go.net\/de\/vit2go-affiliate-programm\/"]}]},{"@type":"BreadcrumbList","@id":"https:\/\/vit2go.net\/de\/vit2go-affiliate-programm\/#breadcrumb","itemListElement":[{"@type":"ListItem","position":1,"name":"Home","item":"https:\/\/vit2go.net\/de\/"},{"@type":"ListItem","position":2,"name":"Vit2go Affiliate Programm"}]},{"@type":"WebSite","@id":"https:\/\/vit2go.net\/de\/#website","url":"https:\/\/vit2go.net\/de\/","name":"Vit2go Online Shop","description":"FAQs  - H\u00e4ufig gestellte Fragen \u00fcber unsere Produkte","publisher":{"@id":"https:\/\/vit2go.net\/de\/#organization"},"potentialAction":[{"@type":"SearchAction","target":{"@type":"EntryPoint","urlTemplate":"https:\/\/vit2go.net\/de\/?s={search_term_string}"},"query-input":{"@type":"PropertyValueSpecification","valueRequired":true,"valueName":"search_term_string"}}],"inLanguage":"de"},{"@type":"Organization","@id":"https:\/\/vit2go.net\/de\/#organization","name":"vit2go","url":"https:\/\/vit2go.net\/de\/","logo":{"@type":"ImageObject","inLanguage":"de","@id":"https:\/\/vit2go.net\/de\/#\/schema\/logo\/image\/","url":"https:\/\/vit2go.net\/wp-content\/uploads\/2017\/03\/Logo-red_700.jpg","contentUrl":"https:\/\/vit2go.net\/wp-content\/uploads\/2017\/03\/Logo-red_700.jpg","width":700,"height":292,"caption":"vit2go"},"image":{"@id":"https:\/\/vit2go.net\/de\/#\/schema\/logo\/image\/"}}]}},"_links":{"self":[{"href":"https:\/\/vit2go.net\/de\/wp-json\/wp\/v2\/pages\/33013","targetHints":{"allow":["GET"]}}],"collection":[{"href":"https:\/\/vit2go.net\/de\/wp-json\/wp\/v2\/pages"}],"about":[{"href":"https:\/\/vit2go.net\/de\/wp-json\/wp\/v2\/types\/page"}],"author":[{"embeddable":true,"href":"https:\/\/vit2go.net\/de\/wp-json\/wp\/v2\/users\/285"}],"replies":[{"embeddable":true,"href":"https:\/\/vit2go.net\/de\/wp-json\/wp\/v2\/comments?post=33013"}],"version-history":[{"count":0,"href":"https:\/\/vit2go.net\/de\/wp-json\/wp\/v2\/pages\/33013\/revisions"}],"wp:attachment":[{"href":"https:\/\/vit2go.net\/de\/wp-json\/wp\/v2\/media?parent=33013"}],"curies":[{"name":"wp","href":"https:\/\/api.w.org\/{rel}","templated":true}]}}