{"id":27671,"date":"2020-04-15T15:20:40","date_gmt":"2020-04-15T13:20:40","guid":{"rendered":"https:\/\/vit2gostg.wpenginepowered.com\/?page_id=27671"},"modified":"2023-12-01T06:47:04","modified_gmt":"2023-12-01T05:47:04","slug":"presse","status":"publish","type":"page","link":"https:\/\/vit2go.net\/de\/presse\/","title":{"rendered":"Presse"},"content":{"rendered":"<h3>Willkommen im\u00a0 Vit2go Pressebereich f\u00fcr Journalisten &amp; Medienpartner!<\/h3>\n<p>Hier finden Sie aktuelle News rund um Vit2go-Produkte und das Unternehmen.<\/p>\n<h4>Sie haben Interesse einen Beitrag oder Artikel \u00fcber Vit2go zu ver\u00f6ffentlichen?<\/h4>\n<p>In unserem Download-Bereich stellen wir Journalisten und Interessierten Pressematerial, hochaufl\u00f6sende Produktfotos und Grafiken, Audio &amp; Videos sowie Infografiken direkt zum Herunterladen zur Verf\u00fcgung.<\/p>\n<h4>Sie kennen Vit2go noch nicht?<\/h4>\n<p>Auf\u00a0<a href=\"https:\/\/vit2go.net\/de\/ueber-uns\/\">\u00dcber Uns<\/a>\u00a0lernen Sie uns auf einem Blick kennen.<\/p>\n<h4>Sie m\u00f6chten uns gerne eine individuelle Presseanfrage stellen?<\/h4>\n<p>Kein Problem. Kontaktieren Sie uns\u00a0<a href=\"https:\/\/vit2go.net\/de\/kontakt\/\">hier<\/a>\u00a0oder f\u00fcllen Sie einfach das Formular mit weiteren Infos zu Ihrer Anfrage aus und wir melden uns\u00a0bei Ihnen.<\/p>\n<h4>Sie h\u00e4tten gerne ein Produkt-Exemplar f\u00fcr ein Presse-Shooting oder m\u00f6chten einen Termin f\u00fcr ein Interview mit uns anfragen?<\/h4>\n<p>Wir freuen uns auf Ihre Kontaktaufnahme hier.<\/p>\n<div class=\"press-room\">\n<h3>Lese, was andere \u00fcber uns berichten<\/h3>\n<div class=\"_03-home-media\">\n<div class=\"_03-home-point-media\"><a class=\"media_link\" href=\"https:\/\/www.bioecoactual.com\/en\/2022\/11\/24\/eco-living-scandinavia-nordic-organic-food-fair-unite-sustainability-industry-at-the-best-show-yet\/\" target=\"_blank\" rel=\"noopener\"><br \/>\n<img decoding=\"async\" src=\"https:\/\/vit2go.net\/wp-content\/uploads\/2023\/02\/BIOeco-actual.png\" alt=\"\" \/><br \/>\n<\/a><\/div>\n<div class=\"_03-home-point-media\"><a class=\"media_link\" href=\"https:\/\/www.vanityfair.it\/gallery\/i-migliori-integratori-per-sostenere-allenamento-sportivo\" target=\"_blank\" rel=\"noopener\"><br \/>\n<img decoding=\"async\" src=\"https:\/\/vit2go.net\/wp-content\/uploads\/2023\/02\/Vanity_Fair-400x87.png\" alt=\"\" \/><br \/>\n<\/a><\/div>\n<div class=\"_03-home-point-media\"><a class=\"media_link\" href=\"https:\/\/distribuzionemoderna.info\/news\/vit2go-azienda-tedesca-di-integratori-arriva-in-italia-e-apre-alla-gdo\" target=\"_blank\" rel=\"noopener\"><br \/>\n<img decoding=\"async\" src=\"https:\/\/vit2go.net\/wp-content\/uploads\/2023\/02\/distribuzione-moderna-400x158.png\" alt=\"\" \/><br \/>\n<\/a><\/div>\n<div class=\"_03-home-point-media\"><a class=\"media_link\" href=\"https:\/\/www.womenshealthmag.com\/es\/nutricion-dietetica\/a38989458\/elsa-pataky-suplemento-alimenticio-sistema-inmunitario-comprar-amazon\/\" target=\"_blank\" rel=\"noopener\"><br \/>\n<img decoding=\"async\" src=\"https:\/\/vit2go.net\/wp-content\/uploads\/2023\/02\/womens-health-400x135.png\" alt=\"womens health vit2go\" \/><br \/>\n<\/a><\/div>\n<div class=\"_03-home-point-media\"><a class=\"media_link\" href=\"https:\/\/www.larazon.es\/deportes\/20221004\/kccpn4wvf5a5pngmw6tnw62gzm.html\" target=\"_blank\" rel=\"noopener\"><br \/>\n<img decoding=\"async\" src=\"https:\/\/vit2go.net\/wp-content\/uploads\/2023\/02\/La-Razon.png\" alt=\"\" \/><br \/>\n<\/a><\/div>\n<div class=\"_03-home-point-media\"><a class=\"media_link\" href=\"https:\/\/exhibitormanual.ecolifeshow.com\/directory-innovation_z\/listing\/mad-ventura-s-l\/\" target=\"_blank\" rel=\"noopener\"><br \/>\n<img decoding=\"async\" src=\"https:\/\/vit2go.net\/wp-content\/uploads\/2023\/02\/NOFF-and-eco-living-scandinavia-400x254.png\" alt=\"\" \/><br \/>\n<\/a><\/div>\n<\/div>\n<\/div>\n","protected":false},"excerpt":{"rendered":"<p>Willkommen im\u00a0 Vit2go Pressebereich f\u00fcr Journalisten &amp; Medienpartner! Hier finden Sie aktuelle News rund um Vit2go-Produkte und das Unternehmen. Sie&#8230;<\/p>\n","protected":false},"author":285,"featured_media":0,"parent":0,"menu_order":0,"comment_status":"closed","ping_status":"closed","template":"","meta":{"_acf_changed":false,"footnotes":""},"class_list":["post-27671","page","type-page","status-publish","hentry"],"acf":[],"yoast_head":"<!-- This site is optimized with the Yoast SEO plugin v27.3 - https:\/\/yoast.com\/product\/yoast-seo-wordpress\/ -->\n<title>Presse | Medien und Einblicke<\/title>\n<meta name=\"description\" content=\"Erkunde den Vit2go Presseraum f\u00fcr exklusive Medienressourcen und Einblicke. Entdecke unsere Geschichte und kontaktiere uns f\u00fcr Anfragen.\" \/>\n<meta name=\"robots\" content=\"index, follow, max-snippet:-1, max-image-preview:large, max-video-preview:-1\" \/>\n<link rel=\"canonical\" href=\"https:\/\/vit2go.net\/de\/presse\/\" \/>\n<meta property=\"og:locale\" content=\"de_DE\" \/>\n<meta property=\"og:type\" content=\"article\" \/>\n<meta property=\"og:title\" content=\"Presse | Medien und Einblicke\" \/>\n<meta property=\"og:description\" content=\"Erkunde den Vit2go Presseraum f\u00fcr exklusive Medienressourcen und Einblicke. Entdecke unsere Geschichte und kontaktiere uns f\u00fcr Anfragen.\" \/>\n<meta property=\"og:url\" content=\"https:\/\/vit2go.net\/de\/presse\/\" \/>\n<meta property=\"og:site_name\" content=\"Vit2go Online Shop\" \/>\n<meta property=\"article:modified_time\" content=\"2023-12-01T05:47:04+00:00\" \/>\n<meta property=\"og:image\" content=\"https:\/\/vit2go.net\/wp-content\/uploads\/2023\/02\/BIOeco-actual.png\" \/>\n<meta name=\"twitter:card\" content=\"summary_large_image\" \/>\n<meta name=\"twitter:label1\" content=\"Gesch\u00e4tzte Lesezeit\" \/>\n\t<meta name=\"twitter:data1\" content=\"2\u00a0Minuten\" \/>\n<script type=\"application\/ld+json\" class=\"yoast-schema-graph\">{\"@context\":\"https:\\\/\\\/schema.org\",\"@graph\":[{\"@type\":\"WebPage\",\"@id\":\"https:\\\/\\\/vit2go.net\\\/de\\\/presse\\\/\",\"url\":\"https:\\\/\\\/vit2go.net\\\/de\\\/presse\\\/\",\"name\":\"Presse | Medien und Einblicke\",\"isPartOf\":{\"@id\":\"https:\\\/\\\/vit2go.net\\\/de\\\/#website\"},\"primaryImageOfPage\":{\"@id\":\"https:\\\/\\\/vit2go.net\\\/de\\\/presse\\\/#primaryimage\"},\"image\":{\"@id\":\"https:\\\/\\\/vit2go.net\\\/de\\\/presse\\\/#primaryimage\"},\"thumbnailUrl\":\"https:\\\/\\\/vit2go.net\\\/wp-content\\\/uploads\\\/2023\\\/02\\\/BIOeco-actual.png\",\"datePublished\":\"2020-04-15T13:20:40+00:00\",\"dateModified\":\"2023-12-01T05:47:04+00:00\",\"description\":\"Erkunde den Vit2go Presseraum f\u00fcr exklusive Medienressourcen und Einblicke. Entdecke unsere Geschichte und kontaktiere uns f\u00fcr Anfragen.\",\"breadcrumb\":{\"@id\":\"https:\\\/\\\/vit2go.net\\\/de\\\/presse\\\/#breadcrumb\"},\"inLanguage\":\"de\",\"potentialAction\":[{\"@type\":\"ReadAction\",\"target\":[\"https:\\\/\\\/vit2go.net\\\/de\\\/presse\\\/\"]}]},{\"@type\":\"ImageObject\",\"inLanguage\":\"de\",\"@id\":\"https:\\\/\\\/vit2go.net\\\/de\\\/presse\\\/#primaryimage\",\"url\":\"https:\\\/\\\/vit2go.net\\\/wp-content\\\/uploads\\\/2023\\\/02\\\/BIOeco-actual.png\",\"contentUrl\":\"https:\\\/\\\/vit2go.net\\\/wp-content\\\/uploads\\\/2023\\\/02\\\/BIOeco-actual.png\"},{\"@type\":\"BreadcrumbList\",\"@id\":\"https:\\\/\\\/vit2go.net\\\/de\\\/presse\\\/#breadcrumb\",\"itemListElement\":[{\"@type\":\"ListItem\",\"position\":1,\"name\":\"Home\",\"item\":\"https:\\\/\\\/vit2go.net\\\/de\\\/\"},{\"@type\":\"ListItem\",\"position\":2,\"name\":\"Presse\"}]},{\"@type\":\"WebSite\",\"@id\":\"https:\\\/\\\/vit2go.net\\\/de\\\/#website\",\"url\":\"https:\\\/\\\/vit2go.net\\\/de\\\/\",\"name\":\"Vit2go Online Shop\",\"description\":\"FAQs  - H\u00e4ufig gestellte Fragen \u00fcber unsere Produkte\",\"publisher\":{\"@id\":\"https:\\\/\\\/vit2go.net\\\/de\\\/#organization\"},\"potentialAction\":[{\"@type\":\"SearchAction\",\"target\":{\"@type\":\"EntryPoint\",\"urlTemplate\":\"https:\\\/\\\/vit2go.net\\\/de\\\/?s={search_term_string}\"},\"query-input\":{\"@type\":\"PropertyValueSpecification\",\"valueRequired\":true,\"valueName\":\"search_term_string\"}}],\"inLanguage\":\"de\"},{\"@type\":\"Organization\",\"@id\":\"https:\\\/\\\/vit2go.net\\\/de\\\/#organization\",\"name\":\"vit2go\",\"url\":\"https:\\\/\\\/vit2go.net\\\/de\\\/\",\"logo\":{\"@type\":\"ImageObject\",\"inLanguage\":\"de\",\"@id\":\"https:\\\/\\\/vit2go.net\\\/de\\\/#\\\/schema\\\/logo\\\/image\\\/\",\"url\":\"https:\\\/\\\/vit2go.net\\\/wp-content\\\/uploads\\\/2017\\\/03\\\/Logo-red_700.jpg\",\"contentUrl\":\"https:\\\/\\\/vit2go.net\\\/wp-content\\\/uploads\\\/2017\\\/03\\\/Logo-red_700.jpg\",\"width\":700,\"height\":292,\"caption\":\"vit2go\"},\"image\":{\"@id\":\"https:\\\/\\\/vit2go.net\\\/de\\\/#\\\/schema\\\/logo\\\/image\\\/\"}}]}<\/script>\n<!-- \/ Yoast SEO plugin. -->","yoast_head_json":{"title":"Presse | Medien und Einblicke","description":"Erkunde den Vit2go Presseraum f\u00fcr exklusive Medienressourcen und Einblicke. Entdecke unsere Geschichte und kontaktiere uns f\u00fcr Anfragen.","robots":{"index":"index","follow":"follow","max-snippet":"max-snippet:-1","max-image-preview":"max-image-preview:large","max-video-preview":"max-video-preview:-1"},"canonical":"https:\/\/vit2go.net\/de\/presse\/","og_locale":"de_DE","og_type":"article","og_title":"Presse | Medien und Einblicke","og_description":"Erkunde den Vit2go Presseraum f\u00fcr exklusive Medienressourcen und Einblicke. Entdecke unsere Geschichte und kontaktiere uns f\u00fcr Anfragen.","og_url":"https:\/\/vit2go.net\/de\/presse\/","og_site_name":"Vit2go Online Shop","article_modified_time":"2023-12-01T05:47:04+00:00","og_image":[{"url":"https:\/\/vit2go.net\/wp-content\/uploads\/2023\/02\/BIOeco-actual.png","type":"","width":"","height":""}],"twitter_card":"summary_large_image","twitter_misc":{"Gesch\u00e4tzte Lesezeit":"2\u00a0Minuten"},"schema":{"@context":"https:\/\/schema.org","@graph":[{"@type":"WebPage","@id":"https:\/\/vit2go.net\/de\/presse\/","url":"https:\/\/vit2go.net\/de\/presse\/","name":"Presse | Medien und Einblicke","isPartOf":{"@id":"https:\/\/vit2go.net\/de\/#website"},"primaryImageOfPage":{"@id":"https:\/\/vit2go.net\/de\/presse\/#primaryimage"},"image":{"@id":"https:\/\/vit2go.net\/de\/presse\/#primaryimage"},"thumbnailUrl":"https:\/\/vit2go.net\/wp-content\/uploads\/2023\/02\/BIOeco-actual.png","datePublished":"2020-04-15T13:20:40+00:00","dateModified":"2023-12-01T05:47:04+00:00","description":"Erkunde den Vit2go Presseraum f\u00fcr exklusive Medienressourcen und Einblicke. Entdecke unsere Geschichte und kontaktiere uns f\u00fcr Anfragen.","breadcrumb":{"@id":"https:\/\/vit2go.net\/de\/presse\/#breadcrumb"},"inLanguage":"de","potentialAction":[{"@type":"ReadAction","target":["https:\/\/vit2go.net\/de\/presse\/"]}]},{"@type":"ImageObject","inLanguage":"de","@id":"https:\/\/vit2go.net\/de\/presse\/#primaryimage","url":"https:\/\/vit2go.net\/wp-content\/uploads\/2023\/02\/BIOeco-actual.png","contentUrl":"https:\/\/vit2go.net\/wp-content\/uploads\/2023\/02\/BIOeco-actual.png"},{"@type":"BreadcrumbList","@id":"https:\/\/vit2go.net\/de\/presse\/#breadcrumb","itemListElement":[{"@type":"ListItem","position":1,"name":"Home","item":"https:\/\/vit2go.net\/de\/"},{"@type":"ListItem","position":2,"name":"Presse"}]},{"@type":"WebSite","@id":"https:\/\/vit2go.net\/de\/#website","url":"https:\/\/vit2go.net\/de\/","name":"Vit2go Online Shop","description":"FAQs  - H\u00e4ufig gestellte Fragen \u00fcber unsere Produkte","publisher":{"@id":"https:\/\/vit2go.net\/de\/#organization"},"potentialAction":[{"@type":"SearchAction","target":{"@type":"EntryPoint","urlTemplate":"https:\/\/vit2go.net\/de\/?s={search_term_string}"},"query-input":{"@type":"PropertyValueSpecification","valueRequired":true,"valueName":"search_term_string"}}],"inLanguage":"de"},{"@type":"Organization","@id":"https:\/\/vit2go.net\/de\/#organization","name":"vit2go","url":"https:\/\/vit2go.net\/de\/","logo":{"@type":"ImageObject","inLanguage":"de","@id":"https:\/\/vit2go.net\/de\/#\/schema\/logo\/image\/","url":"https:\/\/vit2go.net\/wp-content\/uploads\/2017\/03\/Logo-red_700.jpg","contentUrl":"https:\/\/vit2go.net\/wp-content\/uploads\/2017\/03\/Logo-red_700.jpg","width":700,"height":292,"caption":"vit2go"},"image":{"@id":"https:\/\/vit2go.net\/de\/#\/schema\/logo\/image\/"}}]}},"_links":{"self":[{"href":"https:\/\/vit2go.net\/de\/wp-json\/wp\/v2\/pages\/27671","targetHints":{"allow":["GET"]}}],"collection":[{"href":"https:\/\/vit2go.net\/de\/wp-json\/wp\/v2\/pages"}],"about":[{"href":"https:\/\/vit2go.net\/de\/wp-json\/wp\/v2\/types\/page"}],"author":[{"embeddable":true,"href":"https:\/\/vit2go.net\/de\/wp-json\/wp\/v2\/users\/285"}],"replies":[{"embeddable":true,"href":"https:\/\/vit2go.net\/de\/wp-json\/wp\/v2\/comments?post=27671"}],"version-history":[{"count":0,"href":"https:\/\/vit2go.net\/de\/wp-json\/wp\/v2\/pages\/27671\/revisions"}],"wp:attachment":[{"href":"https:\/\/vit2go.net\/de\/wp-json\/wp\/v2\/media?parent=27671"}],"curies":[{"name":"wp","href":"https:\/\/api.w.org\/{rel}","templated":true}]}}