{"id":26786,"date":"2020-04-03T15:30:23","date_gmt":"2020-04-03T13:30:23","guid":{"rendered":"https:\/\/vit2gostg.wpenginepowered.com\/shop\/zahlungsmethoden\/"},"modified":"2023-12-01T06:35:02","modified_gmt":"2023-12-01T05:35:02","slug":"zahlungsmethoden","status":"publish","type":"page","link":"https:\/\/vit2go.net\/de\/shop\/zahlungsmethoden\/","title":{"rendered":"Zahlungsoptionen"},"content":{"rendered":"<p>Vielen Dank f\u00fcr Dein Interesse an unseren Produkten. Um den Zahlungsverlauf so einfach wie m\u00f6glich f\u00fcr Dich zu gestalten, bieten wir Dir die unten aufgelisteten Zahlungsoptionen an. Weitere Informationen zum Thema Zahlungen findest Du auch unter unseren Allgemeinen Gesch\u00e4ftsbedingungen.<\/p>\n<h4><span style=\"font-size: 18pt;\"><b>Generelle Zahlungsoptionen:<\/b><\/span><\/h4>\n<p><b>Kreditkarten<\/b><br \/>\nGib Deine Zugangsdaten ein, nachdem du Kredit- oder Debitkarte als Zahlungsoption ausgew\u00e4hlt hast und erhalte eine Benachrichtigung \u00fcber Deine abgeschlossene Zahlung.<\/p>\n<p><b>PayPal<\/b><br \/>\nWenn du die Zahlung per PayPal angibst, wirst Du am Ende des Bestellvorgangs direkt an Paypal weitergeleitet. Folge dort den vorgegebenen Schritten um Deine Zahlung erfolgreich abzuschlie\u00dfen.<\/p>\n<p><b>Apple Pay<\/b><br \/>\nW\u00e4hle Apple Pay aus und zahle ganz einfach mit Deinem Apple Account.<\/p>\n<p><b>Google Pay<\/b><br \/>\nBezahle mit Deinem Google Pay Account indem Du Google Pay als Zahlungsoption ausw\u00e4hlst.<\/p>\n<p><b>Rechnung<\/b><br \/>\nErhalte nach Deiner Bestellung eine E-Mail mit einer Rechnung und unseren Kontoinformationen und \u00fcberweise den entsprechenden Betrag.<\/p>\n<p><b>SEPA &#8211; Lastschrift<\/b><br \/>\nZahle mit SEPA-Lastschrift , gib Deinen vollen Namen und die IBAN an und autorisiere das Mandat.<\/p>\n<h4><span style=\"font-size: 18pt;\"><b>Lokale Zahlungsmethoden:<\/b><\/span><\/h4>\n<h5><span style=\"font-size: 14pt;\"><b>Deutschland:<\/b><\/span><\/h5>\n<p><b>Giropay<\/b><br \/>\nDurch das Ausw\u00e4hlen von Giropay wirst Du automatisch weitergeleitet und erh\u00e4ltst eine SMS mit den weiteren Schritten, um den Zahlungsvorgang abzuschlie\u00dfen.<\/p>\n<p><b>Sofort \u00dcberweisung<\/b><br \/>\nMit SOFORT musst Du nur Deine Bank ausw\u00e4hlen, die Zahlungsinformationen eingeben und die Zahlung wird automatisch durchgef\u00fchrt.<\/p>\n<h5><span style=\"font-size: 14pt;\"><b>\u00d6sterreich:<\/b><\/span><\/h5>\n<p><b>EPS<\/b><br \/>\nZahle mit EPS indem Du EPS ausw\u00e4hlst, Deine Kontaktinformationen eingibst und den Autorisierungsvorgang abschlie\u00dft.<\/p>\n<p><b>Sofort \u00dcberweisung<\/b><br \/>\nMit SOFORT musst Du nur Deine Bank ausw\u00e4hlen, die Zahlungsinformationen eingeben und die Zahlung wird automatisch durchgef\u00fchrt.<\/p>\n<h5><span style=\"font-size: 14pt;\"><b>Niederlande:<\/b><\/span><\/h5>\n<p><b>iDEAL<\/b><br \/>\nWenn Du iDEAL beim Bezahlen ausw\u00e4hlst wirst Du automatisch zu iDeal weitergeleitet. Folge dort den angegebenen Schritten, um deine Zahlung abzuschlie\u00dfen..<\/p>\n<h5><span style=\"font-size: 14pt;\"><b>Belgien:<\/b><\/span><\/h5>\n<p><b>Bancontact<\/b><br \/>\nW\u00e4hle Bancontact beim Bezahlen aus und Du wirst automatisch zu Bancontact weitergeleitet. Gib dort Deine Anmeldedaten ein und erhalte anschlie\u00dfend eine Benachrichtigung \u00fcber Deine abgeschlossene Zahlung.<\/p>\n<h5><span style=\"font-size: 14pt;\"><b>Portugal:<\/b><\/span><\/h5>\n<p><b>Multibanco<\/b><br \/>\nLogge Dich mit Multibanco ein und schlie\u00dfe Deine Zahlung dort ab.<\/p>\n<h5><span style=\"font-size: 16pt;\"><b><span style=\"font-size: 14pt;\">Polen<\/span>:<\/b><\/span><\/h5>\n<p><b>P24<\/b><br \/>\nW\u00e4hle P24 beim Bezahlen aus, gib Deine Kontoinformationen an, schlie\u00dfe den Autorisierungsvorgang ab und erhalte eine Benachrichtigung \u00fcber Deine vollendete Zahlung.<\/p>\n<h5><span style=\"font-size: 14pt;\"><b>China:<\/b><\/span><\/h5>\n<p><b>Alipay<\/b><br \/>\nZahle mit Alipay, indem du Alipay ausw\u00e4hlst und Dich mit Deinen Kontaktinformationen dort einloggst.<\/p>\n<p><b>WeChat Pay<\/b><br \/>\nScanne den QR Code mit WeChat Pay, gib den Code vom Handy auf der weitergeleiteten Seite an und Deine Zahlung erfolgt automatisch.<\/p>\n","protected":false},"excerpt":{"rendered":"<p>Vielen Dank f\u00fcr Dein Interesse an unseren Produkten. Um den Zahlungsverlauf so einfach wie m\u00f6glich f\u00fcr Dich zu gestalten, bieten&#8230;<\/p>\n","protected":false},"author":1,"featured_media":0,"parent":4263,"menu_order":0,"comment_status":"closed","ping_status":"closed","template":"","meta":{"_acf_changed":false,"footnotes":""},"class_list":["post-26786","page","type-page","status-publish","hentry"],"acf":[],"yoast_head":"<!-- This site is optimized with the Yoast SEO plugin v27.3 - https:\/\/yoast.com\/product\/yoast-seo-wordpress\/ -->\n<title>Sichere Zahlungen: Vit2go&#039;s einfache Zahlungsoptionen<\/title>\n<meta name=\"description\" content=\"Entdecke die problemlosen Zahlungsoptionen f\u00fcr Vit2go-Produkte in unseren ausf\u00fchrlichen Allgemeinen Gesch\u00e4ftsbedingungen.\" \/>\n<meta name=\"robots\" content=\"noindex, follow\" \/>\n<meta property=\"og:locale\" content=\"de_DE\" \/>\n<meta property=\"og:type\" content=\"article\" \/>\n<meta property=\"og:title\" content=\"Sichere Zahlungen: Vit2go&#039;s einfache Zahlungsoptionen\" \/>\n<meta property=\"og:description\" content=\"Entdecke die problemlosen Zahlungsoptionen f\u00fcr Vit2go-Produkte in unseren ausf\u00fchrlichen Allgemeinen Gesch\u00e4ftsbedingungen.\" \/>\n<meta property=\"og:url\" content=\"https:\/\/vit2go.net\/de\/shop\/zahlungsmethoden\/\" \/>\n<meta property=\"og:site_name\" content=\"Vit2go Online Shop\" \/>\n<meta property=\"article:modified_time\" content=\"2023-12-01T05:35:02+00:00\" \/>\n<meta name=\"twitter:card\" content=\"summary_large_image\" \/>\n<meta name=\"twitter:label1\" content=\"Gesch\u00e4tzte Lesezeit\" \/>\n\t<meta name=\"twitter:data1\" content=\"2\u00a0Minuten\" \/>\n<script type=\"application\/ld+json\" class=\"yoast-schema-graph\">{\"@context\":\"https:\\\/\\\/schema.org\",\"@graph\":[{\"@type\":\"WebPage\",\"@id\":\"https:\\\/\\\/vit2go.net\\\/de\\\/shop\\\/zahlungsmethoden\\\/\",\"url\":\"https:\\\/\\\/vit2go.net\\\/de\\\/shop\\\/zahlungsmethoden\\\/\",\"name\":\"Sichere Zahlungen: Vit2go's einfache Zahlungsoptionen\",\"isPartOf\":{\"@id\":\"https:\\\/\\\/vit2go.net\\\/de\\\/#website\"},\"datePublished\":\"2020-04-03T13:30:23+00:00\",\"dateModified\":\"2023-12-01T05:35:02+00:00\",\"description\":\"Entdecke die problemlosen Zahlungsoptionen f\u00fcr Vit2go-Produkte in unseren ausf\u00fchrlichen Allgemeinen Gesch\u00e4ftsbedingungen.\",\"breadcrumb\":{\"@id\":\"https:\\\/\\\/vit2go.net\\\/de\\\/shop\\\/zahlungsmethoden\\\/#breadcrumb\"},\"inLanguage\":\"de\",\"potentialAction\":[{\"@type\":\"ReadAction\",\"target\":[\"https:\\\/\\\/vit2go.net\\\/de\\\/shop\\\/zahlungsmethoden\\\/\"]}]},{\"@type\":\"BreadcrumbList\",\"@id\":\"https:\\\/\\\/vit2go.net\\\/de\\\/shop\\\/zahlungsmethoden\\\/#breadcrumb\",\"itemListElement\":[{\"@type\":\"ListItem\",\"position\":1,\"name\":\"Home\",\"item\":\"https:\\\/\\\/vit2go.net\\\/de\\\/\"},{\"@type\":\"ListItem\",\"position\":2,\"name\":\"Shop\",\"item\":\"https:\\\/\\\/vit2go.net\\\/de\\\/shop\\\/\"},{\"@type\":\"ListItem\",\"position\":3,\"name\":\"Zahlungsoptionen\"}]},{\"@type\":\"WebSite\",\"@id\":\"https:\\\/\\\/vit2go.net\\\/de\\\/#website\",\"url\":\"https:\\\/\\\/vit2go.net\\\/de\\\/\",\"name\":\"Vit2go Online Shop\",\"description\":\"FAQs  - H\u00e4ufig gestellte Fragen \u00fcber unsere Produkte\",\"publisher\":{\"@id\":\"https:\\\/\\\/vit2go.net\\\/de\\\/#organization\"},\"potentialAction\":[{\"@type\":\"SearchAction\",\"target\":{\"@type\":\"EntryPoint\",\"urlTemplate\":\"https:\\\/\\\/vit2go.net\\\/de\\\/?s={search_term_string}\"},\"query-input\":{\"@type\":\"PropertyValueSpecification\",\"valueRequired\":true,\"valueName\":\"search_term_string\"}}],\"inLanguage\":\"de\"},{\"@type\":\"Organization\",\"@id\":\"https:\\\/\\\/vit2go.net\\\/de\\\/#organization\",\"name\":\"vit2go\",\"url\":\"https:\\\/\\\/vit2go.net\\\/de\\\/\",\"logo\":{\"@type\":\"ImageObject\",\"inLanguage\":\"de\",\"@id\":\"https:\\\/\\\/vit2go.net\\\/de\\\/#\\\/schema\\\/logo\\\/image\\\/\",\"url\":\"https:\\\/\\\/vit2go.net\\\/wp-content\\\/uploads\\\/2017\\\/03\\\/Logo-red_700.jpg\",\"contentUrl\":\"https:\\\/\\\/vit2go.net\\\/wp-content\\\/uploads\\\/2017\\\/03\\\/Logo-red_700.jpg\",\"width\":700,\"height\":292,\"caption\":\"vit2go\"},\"image\":{\"@id\":\"https:\\\/\\\/vit2go.net\\\/de\\\/#\\\/schema\\\/logo\\\/image\\\/\"}}]}<\/script>\n<!-- \/ Yoast SEO plugin. -->","yoast_head_json":{"title":"Sichere Zahlungen: Vit2go's einfache Zahlungsoptionen","description":"Entdecke die problemlosen Zahlungsoptionen f\u00fcr Vit2go-Produkte in unseren ausf\u00fchrlichen Allgemeinen Gesch\u00e4ftsbedingungen.","robots":{"index":"noindex","follow":"follow"},"og_locale":"de_DE","og_type":"article","og_title":"Sichere Zahlungen: Vit2go's einfache Zahlungsoptionen","og_description":"Entdecke die problemlosen Zahlungsoptionen f\u00fcr Vit2go-Produkte in unseren ausf\u00fchrlichen Allgemeinen Gesch\u00e4ftsbedingungen.","og_url":"https:\/\/vit2go.net\/de\/shop\/zahlungsmethoden\/","og_site_name":"Vit2go Online Shop","article_modified_time":"2023-12-01T05:35:02+00:00","twitter_card":"summary_large_image","twitter_misc":{"Gesch\u00e4tzte Lesezeit":"2\u00a0Minuten"},"schema":{"@context":"https:\/\/schema.org","@graph":[{"@type":"WebPage","@id":"https:\/\/vit2go.net\/de\/shop\/zahlungsmethoden\/","url":"https:\/\/vit2go.net\/de\/shop\/zahlungsmethoden\/","name":"Sichere Zahlungen: Vit2go's einfache Zahlungsoptionen","isPartOf":{"@id":"https:\/\/vit2go.net\/de\/#website"},"datePublished":"2020-04-03T13:30:23+00:00","dateModified":"2023-12-01T05:35:02+00:00","description":"Entdecke die problemlosen Zahlungsoptionen f\u00fcr Vit2go-Produkte in unseren ausf\u00fchrlichen Allgemeinen Gesch\u00e4ftsbedingungen.","breadcrumb":{"@id":"https:\/\/vit2go.net\/de\/shop\/zahlungsmethoden\/#breadcrumb"},"inLanguage":"de","potentialAction":[{"@type":"ReadAction","target":["https:\/\/vit2go.net\/de\/shop\/zahlungsmethoden\/"]}]},{"@type":"BreadcrumbList","@id":"https:\/\/vit2go.net\/de\/shop\/zahlungsmethoden\/#breadcrumb","itemListElement":[{"@type":"ListItem","position":1,"name":"Home","item":"https:\/\/vit2go.net\/de\/"},{"@type":"ListItem","position":2,"name":"Shop","item":"https:\/\/vit2go.net\/de\/shop\/"},{"@type":"ListItem","position":3,"name":"Zahlungsoptionen"}]},{"@type":"WebSite","@id":"https:\/\/vit2go.net\/de\/#website","url":"https:\/\/vit2go.net\/de\/","name":"Vit2go Online Shop","description":"FAQs  - H\u00e4ufig gestellte Fragen \u00fcber unsere Produkte","publisher":{"@id":"https:\/\/vit2go.net\/de\/#organization"},"potentialAction":[{"@type":"SearchAction","target":{"@type":"EntryPoint","urlTemplate":"https:\/\/vit2go.net\/de\/?s={search_term_string}"},"query-input":{"@type":"PropertyValueSpecification","valueRequired":true,"valueName":"search_term_string"}}],"inLanguage":"de"},{"@type":"Organization","@id":"https:\/\/vit2go.net\/de\/#organization","name":"vit2go","url":"https:\/\/vit2go.net\/de\/","logo":{"@type":"ImageObject","inLanguage":"de","@id":"https:\/\/vit2go.net\/de\/#\/schema\/logo\/image\/","url":"https:\/\/vit2go.net\/wp-content\/uploads\/2017\/03\/Logo-red_700.jpg","contentUrl":"https:\/\/vit2go.net\/wp-content\/uploads\/2017\/03\/Logo-red_700.jpg","width":700,"height":292,"caption":"vit2go"},"image":{"@id":"https:\/\/vit2go.net\/de\/#\/schema\/logo\/image\/"}}]}},"_links":{"self":[{"href":"https:\/\/vit2go.net\/de\/wp-json\/wp\/v2\/pages\/26786","targetHints":{"allow":["GET"]}}],"collection":[{"href":"https:\/\/vit2go.net\/de\/wp-json\/wp\/v2\/pages"}],"about":[{"href":"https:\/\/vit2go.net\/de\/wp-json\/wp\/v2\/types\/page"}],"author":[{"embeddable":true,"href":"https:\/\/vit2go.net\/de\/wp-json\/wp\/v2\/users\/1"}],"replies":[{"embeddable":true,"href":"https:\/\/vit2go.net\/de\/wp-json\/wp\/v2\/comments?post=26786"}],"version-history":[{"count":0,"href":"https:\/\/vit2go.net\/de\/wp-json\/wp\/v2\/pages\/26786\/revisions"}],"up":[{"embeddable":true,"href":"https:\/\/vit2go.net\/de\/wp-json\/wp\/v2\/pages\/4263"}],"wp:attachment":[{"href":"https:\/\/vit2go.net\/de\/wp-json\/wp\/v2\/media?parent=26786"}],"curies":[{"name":"wp","href":"https:\/\/api.w.org\/{rel}","templated":true}]}}