{"id":24761,"date":"2020-02-11T12:07:36","date_gmt":"2020-02-11T11:07:36","guid":{"rendered":"https:\/\/vit2gostg.wpenginepowered.com\/?page_id=24761"},"modified":"2023-12-20T19:41:12","modified_gmt":"2023-12-20T18:41:12","slug":"trees-for-the-future","status":"publish","type":"page","link":"https:\/\/vit2go.net\/de\/trees\/","title":{"rendered":"Trees for the Future"},"content":{"rendered":"<div class=\"h1-subtitle trees-h1-subtitle\">Durch das Vit2go Trees for the Future Projekt, bei dem f\u00fcr jedes verkaufte Produkt ein Baum gepflanzt wird, haben wir die M\u00f6glichkeit, gemeinsam den Klimawandel aktiv zu bek\u00e4mpfen und Gemeinden in Regionen Afrikas dabei zu unterst\u00fctzen, eine regenerative Landwirtschaft aufzubauen und ihnen damit eine nachhaltige Zukunft zu erm\u00f6glichen.<\/div>\n","protected":false},"excerpt":{"rendered":"<p>Durch das Vit2go Trees for the Future Projekt, bei dem f\u00fcr jedes verkaufte Produkt ein Baum gepflanzt wird, haben wir&#8230;<\/p>\n","protected":false},"author":285,"featured_media":33231,"parent":0,"menu_order":0,"comment_status":"closed","ping_status":"closed","template":"template-trees.php","meta":{"_acf_changed":false,"footnotes":""},"class_list":["post-24761","page","type-page","status-publish","has-post-thumbnail","hentry"],"acf":[],"yoast_head":"<!-- This site is optimized with the Yoast SEO plugin v27.3 - https:\/\/yoast.com\/product\/yoast-seo-wordpress\/ -->\n<title>Projekte: Gemeinsam gegen den Klimawandel<\/title>\n<meta name=\"description\" content=\"Unterst\u00fctze das \u201eTrees for the Future\u201c Projekt von Vit2go. Ein Baum f\u00fcr jeden Einkauf - f\u00fcr Klimaschutz und nachhaltige Entwicklung in Afrika.\" \/>\n<meta name=\"robots\" content=\"index, follow, max-snippet:-1, max-image-preview:large, max-video-preview:-1\" \/>\n<link rel=\"canonical\" href=\"https:\/\/vit2go.net\/de\/trees\/\" \/>\n<meta property=\"og:locale\" content=\"de_DE\" \/>\n<meta property=\"og:type\" content=\"article\" \/>\n<meta property=\"og:title\" content=\"Projekte: Gemeinsam gegen den Klimawandel\" \/>\n<meta property=\"og:description\" content=\"Unterst\u00fctze das \u201eTrees for the Future\u201c Projekt von Vit2go. Ein Baum f\u00fcr jeden Einkauf - f\u00fcr Klimaschutz und nachhaltige Entwicklung in Afrika.\" \/>\n<meta property=\"og:url\" content=\"https:\/\/vit2go.net\/de\/trees\/\" \/>\n<meta property=\"og:site_name\" content=\"Vit2go Online Shop\" \/>\n<meta property=\"article:modified_time\" content=\"2023-12-20T18:41:12+00:00\" \/>\n<meta name=\"twitter:card\" content=\"summary_large_image\" \/>\n<meta name=\"twitter:label1\" content=\"Gesch\u00e4tzte Lesezeit\" \/>\n\t<meta name=\"twitter:data1\" content=\"1\u00a0Minute\" \/>\n<script type=\"application\/ld+json\" class=\"yoast-schema-graph\">{\"@context\":\"https:\\\/\\\/schema.org\",\"@graph\":[{\"@type\":\"WebPage\",\"@id\":\"https:\\\/\\\/vit2go.net\\\/de\\\/trees\\\/\",\"url\":\"https:\\\/\\\/vit2go.net\\\/de\\\/trees\\\/\",\"name\":\"Projekte: Gemeinsam gegen den Klimawandel\",\"isPartOf\":{\"@id\":\"https:\\\/\\\/vit2go.net\\\/de\\\/#website\"},\"primaryImageOfPage\":{\"@id\":\"https:\\\/\\\/vit2go.net\\\/de\\\/trees\\\/#primaryimage\"},\"image\":{\"@id\":\"https:\\\/\\\/vit2go.net\\\/de\\\/trees\\\/#primaryimage\"},\"thumbnailUrl\":\"https:\\\/\\\/vit2go.net\\\/wp-content\\\/uploads\\\/2021\\\/01\\\/Vit2go-Certificate-12_31_2020-pdf.jpg\",\"datePublished\":\"2020-02-11T11:07:36+00:00\",\"dateModified\":\"2023-12-20T18:41:12+00:00\",\"description\":\"Unterst\u00fctze das \u201eTrees for the Future\u201c Projekt von Vit2go. Ein Baum f\u00fcr jeden Einkauf - f\u00fcr Klimaschutz und nachhaltige Entwicklung in Afrika.\",\"breadcrumb\":{\"@id\":\"https:\\\/\\\/vit2go.net\\\/de\\\/trees\\\/#breadcrumb\"},\"inLanguage\":\"de\",\"potentialAction\":[{\"@type\":\"ReadAction\",\"target\":[\"https:\\\/\\\/vit2go.net\\\/de\\\/trees\\\/\"]}]},{\"@type\":\"ImageObject\",\"inLanguage\":\"de\",\"@id\":\"https:\\\/\\\/vit2go.net\\\/de\\\/trees\\\/#primaryimage\",\"url\":\"https:\\\/\\\/vit2go.net\\\/wp-content\\\/uploads\\\/2021\\\/01\\\/Vit2go-Certificate-12_31_2020-pdf.jpg\",\"contentUrl\":\"https:\\\/\\\/vit2go.net\\\/wp-content\\\/uploads\\\/2021\\\/01\\\/Vit2go-Certificate-12_31_2020-pdf.jpg\"},{\"@type\":\"BreadcrumbList\",\"@id\":\"https:\\\/\\\/vit2go.net\\\/de\\\/trees\\\/#breadcrumb\",\"itemListElement\":[{\"@type\":\"ListItem\",\"position\":1,\"name\":\"Home\",\"item\":\"https:\\\/\\\/vit2go.net\\\/de\\\/\"},{\"@type\":\"ListItem\",\"position\":2,\"name\":\"Trees for the Future\"}]},{\"@type\":\"WebSite\",\"@id\":\"https:\\\/\\\/vit2go.net\\\/de\\\/#website\",\"url\":\"https:\\\/\\\/vit2go.net\\\/de\\\/\",\"name\":\"Vit2go Online Shop\",\"description\":\"FAQs  - H\u00e4ufig gestellte Fragen \u00fcber unsere Produkte\",\"publisher\":{\"@id\":\"https:\\\/\\\/vit2go.net\\\/de\\\/#organization\"},\"potentialAction\":[{\"@type\":\"SearchAction\",\"target\":{\"@type\":\"EntryPoint\",\"urlTemplate\":\"https:\\\/\\\/vit2go.net\\\/de\\\/?s={search_term_string}\"},\"query-input\":{\"@type\":\"PropertyValueSpecification\",\"valueRequired\":true,\"valueName\":\"search_term_string\"}}],\"inLanguage\":\"de\"},{\"@type\":\"Organization\",\"@id\":\"https:\\\/\\\/vit2go.net\\\/de\\\/#organization\",\"name\":\"vit2go\",\"url\":\"https:\\\/\\\/vit2go.net\\\/de\\\/\",\"logo\":{\"@type\":\"ImageObject\",\"inLanguage\":\"de\",\"@id\":\"https:\\\/\\\/vit2go.net\\\/de\\\/#\\\/schema\\\/logo\\\/image\\\/\",\"url\":\"https:\\\/\\\/vit2go.net\\\/wp-content\\\/uploads\\\/2017\\\/03\\\/Logo-red_700.jpg\",\"contentUrl\":\"https:\\\/\\\/vit2go.net\\\/wp-content\\\/uploads\\\/2017\\\/03\\\/Logo-red_700.jpg\",\"width\":700,\"height\":292,\"caption\":\"vit2go\"},\"image\":{\"@id\":\"https:\\\/\\\/vit2go.net\\\/de\\\/#\\\/schema\\\/logo\\\/image\\\/\"}}]}<\/script>\n<!-- \/ Yoast SEO plugin. -->","yoast_head_json":{"title":"Projekte: Gemeinsam gegen den Klimawandel","description":"Unterst\u00fctze das \u201eTrees for the Future\u201c Projekt von Vit2go. Ein Baum f\u00fcr jeden Einkauf - f\u00fcr Klimaschutz und nachhaltige Entwicklung in Afrika.","robots":{"index":"index","follow":"follow","max-snippet":"max-snippet:-1","max-image-preview":"max-image-preview:large","max-video-preview":"max-video-preview:-1"},"canonical":"https:\/\/vit2go.net\/de\/trees\/","og_locale":"de_DE","og_type":"article","og_title":"Projekte: Gemeinsam gegen den Klimawandel","og_description":"Unterst\u00fctze das \u201eTrees for the Future\u201c Projekt von Vit2go. Ein Baum f\u00fcr jeden Einkauf - f\u00fcr Klimaschutz und nachhaltige Entwicklung in Afrika.","og_url":"https:\/\/vit2go.net\/de\/trees\/","og_site_name":"Vit2go Online Shop","article_modified_time":"2023-12-20T18:41:12+00:00","twitter_card":"summary_large_image","twitter_misc":{"Gesch\u00e4tzte Lesezeit":"1\u00a0Minute"},"schema":{"@context":"https:\/\/schema.org","@graph":[{"@type":"WebPage","@id":"https:\/\/vit2go.net\/de\/trees\/","url":"https:\/\/vit2go.net\/de\/trees\/","name":"Projekte: Gemeinsam gegen den Klimawandel","isPartOf":{"@id":"https:\/\/vit2go.net\/de\/#website"},"primaryImageOfPage":{"@id":"https:\/\/vit2go.net\/de\/trees\/#primaryimage"},"image":{"@id":"https:\/\/vit2go.net\/de\/trees\/#primaryimage"},"thumbnailUrl":"https:\/\/vit2go.net\/wp-content\/uploads\/2021\/01\/Vit2go-Certificate-12_31_2020-pdf.jpg","datePublished":"2020-02-11T11:07:36+00:00","dateModified":"2023-12-20T18:41:12+00:00","description":"Unterst\u00fctze das \u201eTrees for the Future\u201c Projekt von Vit2go. Ein Baum f\u00fcr jeden Einkauf - f\u00fcr Klimaschutz und nachhaltige Entwicklung in Afrika.","breadcrumb":{"@id":"https:\/\/vit2go.net\/de\/trees\/#breadcrumb"},"inLanguage":"de","potentialAction":[{"@type":"ReadAction","target":["https:\/\/vit2go.net\/de\/trees\/"]}]},{"@type":"ImageObject","inLanguage":"de","@id":"https:\/\/vit2go.net\/de\/trees\/#primaryimage","url":"https:\/\/vit2go.net\/wp-content\/uploads\/2021\/01\/Vit2go-Certificate-12_31_2020-pdf.jpg","contentUrl":"https:\/\/vit2go.net\/wp-content\/uploads\/2021\/01\/Vit2go-Certificate-12_31_2020-pdf.jpg"},{"@type":"BreadcrumbList","@id":"https:\/\/vit2go.net\/de\/trees\/#breadcrumb","itemListElement":[{"@type":"ListItem","position":1,"name":"Home","item":"https:\/\/vit2go.net\/de\/"},{"@type":"ListItem","position":2,"name":"Trees for the Future"}]},{"@type":"WebSite","@id":"https:\/\/vit2go.net\/de\/#website","url":"https:\/\/vit2go.net\/de\/","name":"Vit2go Online Shop","description":"FAQs  - H\u00e4ufig gestellte Fragen \u00fcber unsere Produkte","publisher":{"@id":"https:\/\/vit2go.net\/de\/#organization"},"potentialAction":[{"@type":"SearchAction","target":{"@type":"EntryPoint","urlTemplate":"https:\/\/vit2go.net\/de\/?s={search_term_string}"},"query-input":{"@type":"PropertyValueSpecification","valueRequired":true,"valueName":"search_term_string"}}],"inLanguage":"de"},{"@type":"Organization","@id":"https:\/\/vit2go.net\/de\/#organization","name":"vit2go","url":"https:\/\/vit2go.net\/de\/","logo":{"@type":"ImageObject","inLanguage":"de","@id":"https:\/\/vit2go.net\/de\/#\/schema\/logo\/image\/","url":"https:\/\/vit2go.net\/wp-content\/uploads\/2017\/03\/Logo-red_700.jpg","contentUrl":"https:\/\/vit2go.net\/wp-content\/uploads\/2017\/03\/Logo-red_700.jpg","width":700,"height":292,"caption":"vit2go"},"image":{"@id":"https:\/\/vit2go.net\/de\/#\/schema\/logo\/image\/"}}]}},"_links":{"self":[{"href":"https:\/\/vit2go.net\/de\/wp-json\/wp\/v2\/pages\/24761","targetHints":{"allow":["GET"]}}],"collection":[{"href":"https:\/\/vit2go.net\/de\/wp-json\/wp\/v2\/pages"}],"about":[{"href":"https:\/\/vit2go.net\/de\/wp-json\/wp\/v2\/types\/page"}],"author":[{"embeddable":true,"href":"https:\/\/vit2go.net\/de\/wp-json\/wp\/v2\/users\/285"}],"replies":[{"embeddable":true,"href":"https:\/\/vit2go.net\/de\/wp-json\/wp\/v2\/comments?post=24761"}],"version-history":[{"count":0,"href":"https:\/\/vit2go.net\/de\/wp-json\/wp\/v2\/pages\/24761\/revisions"}],"wp:featuredmedia":[{"embeddable":true,"href":"https:\/\/vit2go.net\/de\/wp-json\/wp\/v2\/media\/33231"}],"wp:attachment":[{"href":"https:\/\/vit2go.net\/de\/wp-json\/wp\/v2\/media?parent=24761"}],"curies":[{"name":"wp","href":"https:\/\/api.w.org\/{rel}","templated":true}]}}