{"id":12703,"date":"2018-10-16T14:21:20","date_gmt":"2018-10-16T12:21:20","guid":{"rendered":"https:\/\/vit2gostg.wpenginepowered.com\/?page_id=12703"},"modified":"2023-12-01T06:50:39","modified_gmt":"2023-12-01T05:50:39","slug":"partner-3","status":"publish","type":"page","link":"https:\/\/vit2go.net\/de\/partner\/","title":{"rendered":"Partner"},"content":{"rendered":"<div class=\"_02-partn-text\">Du bist ein engagierter Wiederverk\u00e4ufer, mitrei\u00dfender Eventveranstalter, begeisterter Blogger, cooler Barbesitzer oder bem\u00fchter Affiliate-Partner? Wir bieten diverse M\u00f6glichkeiten, wie Du ein aktiver Part von Vit2go werden kannst!<\/div>\n","protected":false},"excerpt":{"rendered":"<p>Du bist ein engagierter Wiederverk\u00e4ufer, mitrei\u00dfender Eventveranstalter, begeisterter Blogger, cooler Barbesitzer oder bem\u00fchter Affiliate-Partner? Wir bieten diverse M\u00f6glichkeiten, wie Du&#8230;<\/p>\n","protected":false},"author":161,"featured_media":25295,"parent":0,"menu_order":0,"comment_status":"closed","ping_status":"closed","template":"template-partner.php","meta":{"_acf_changed":false,"footnotes":""},"class_list":["post-12703","page","type-page","status-publish","has-post-thumbnail","hentry"],"acf":[],"yoast_head":"<!-- This site is optimized with the Yoast SEO plugin v27.3 - https:\/\/yoast.com\/product\/yoast-seo-wordpress\/ -->\n<title>Vit2go Partnern werden und Vorteile bekommen<\/title>\n<meta name=\"description\" content=\"Sind Sie H\u00e4ndler, Event-Redakteur, Blogger oder Barbesitzer? Entdecken Sie Kooperationsm\u00f6glichkeiten f\u00fcr unsere innovativen, vitaminreichen Trinkpulver.\" \/>\n<meta name=\"robots\" content=\"index, follow, max-snippet:-1, max-image-preview:large, max-video-preview:-1\" \/>\n<link rel=\"canonical\" href=\"https:\/\/vit2go.net\/de\/partner\/\" \/>\n<meta property=\"og:locale\" content=\"de_DE\" \/>\n<meta property=\"og:type\" content=\"article\" \/>\n<meta property=\"og:title\" content=\"Vit2go Partnern werden und Vorteile bekommen\" \/>\n<meta property=\"og:description\" content=\"Sind Sie H\u00e4ndler, Event-Redakteur, Blogger oder Barbesitzer? Entdecken Sie Kooperationsm\u00f6glichkeiten f\u00fcr unsere innovativen, vitaminreichen Trinkpulver.\" \/>\n<meta property=\"og:url\" content=\"https:\/\/vit2go.net\/de\/partner\/\" \/>\n<meta property=\"og:site_name\" content=\"Vit2go Online Shop\" \/>\n<meta property=\"article:modified_time\" content=\"2023-12-01T05:50:39+00:00\" \/>\n<meta property=\"og:image\" content=\"https:\/\/vit2go.net\/wp-content\/uploads\/2020\/02\/ger-packs.png\" \/>\n\t<meta property=\"og:image:width\" content=\"1020\" \/>\n\t<meta property=\"og:image:height\" content=\"361\" \/>\n\t<meta property=\"og:image:type\" content=\"image\/png\" \/>\n<meta name=\"twitter:card\" content=\"summary_large_image\" \/>\n<meta name=\"twitter:label1\" content=\"Gesch\u00e4tzte Lesezeit\" \/>\n\t<meta name=\"twitter:data1\" content=\"1\u00a0Minute\" \/>\n<script type=\"application\/ld+json\" class=\"yoast-schema-graph\">{\"@context\":\"https:\\\/\\\/schema.org\",\"@graph\":[{\"@type\":\"WebPage\",\"@id\":\"https:\\\/\\\/vit2go.net\\\/de\\\/partner\\\/\",\"url\":\"https:\\\/\\\/vit2go.net\\\/de\\\/partner\\\/\",\"name\":\"Vit2go Partnern werden und Vorteile bekommen\",\"isPartOf\":{\"@id\":\"https:\\\/\\\/vit2go.net\\\/de\\\/#website\"},\"primaryImageOfPage\":{\"@id\":\"https:\\\/\\\/vit2go.net\\\/de\\\/partner\\\/#primaryimage\"},\"image\":{\"@id\":\"https:\\\/\\\/vit2go.net\\\/de\\\/partner\\\/#primaryimage\"},\"thumbnailUrl\":\"https:\\\/\\\/vit2go.net\\\/wp-content\\\/uploads\\\/2020\\\/02\\\/ger-packs.png\",\"datePublished\":\"2018-10-16T12:21:20+00:00\",\"dateModified\":\"2023-12-01T05:50:39+00:00\",\"description\":\"Sind Sie H\u00e4ndler, Event-Redakteur, Blogger oder Barbesitzer? Entdecken Sie Kooperationsm\u00f6glichkeiten f\u00fcr unsere innovativen, vitaminreichen Trinkpulver.\",\"breadcrumb\":{\"@id\":\"https:\\\/\\\/vit2go.net\\\/de\\\/partner\\\/#breadcrumb\"},\"inLanguage\":\"de\",\"potentialAction\":[{\"@type\":\"ReadAction\",\"target\":[\"https:\\\/\\\/vit2go.net\\\/de\\\/partner\\\/\"]}]},{\"@type\":\"ImageObject\",\"inLanguage\":\"de\",\"@id\":\"https:\\\/\\\/vit2go.net\\\/de\\\/partner\\\/#primaryimage\",\"url\":\"https:\\\/\\\/vit2go.net\\\/wp-content\\\/uploads\\\/2020\\\/02\\\/ger-packs.png\",\"contentUrl\":\"https:\\\/\\\/vit2go.net\\\/wp-content\\\/uploads\\\/2020\\\/02\\\/ger-packs.png\",\"width\":1020,\"height\":361},{\"@type\":\"BreadcrumbList\",\"@id\":\"https:\\\/\\\/vit2go.net\\\/de\\\/partner\\\/#breadcrumb\",\"itemListElement\":[{\"@type\":\"ListItem\",\"position\":1,\"name\":\"Home\",\"item\":\"https:\\\/\\\/vit2go.net\\\/de\\\/\"},{\"@type\":\"ListItem\",\"position\":2,\"name\":\"Partner\"}]},{\"@type\":\"WebSite\",\"@id\":\"https:\\\/\\\/vit2go.net\\\/de\\\/#website\",\"url\":\"https:\\\/\\\/vit2go.net\\\/de\\\/\",\"name\":\"Vit2go Online Shop\",\"description\":\"FAQs  - H\u00e4ufig gestellte Fragen \u00fcber unsere Produkte\",\"publisher\":{\"@id\":\"https:\\\/\\\/vit2go.net\\\/de\\\/#organization\"},\"potentialAction\":[{\"@type\":\"SearchAction\",\"target\":{\"@type\":\"EntryPoint\",\"urlTemplate\":\"https:\\\/\\\/vit2go.net\\\/de\\\/?s={search_term_string}\"},\"query-input\":{\"@type\":\"PropertyValueSpecification\",\"valueRequired\":true,\"valueName\":\"search_term_string\"}}],\"inLanguage\":\"de\"},{\"@type\":\"Organization\",\"@id\":\"https:\\\/\\\/vit2go.net\\\/de\\\/#organization\",\"name\":\"vit2go\",\"url\":\"https:\\\/\\\/vit2go.net\\\/de\\\/\",\"logo\":{\"@type\":\"ImageObject\",\"inLanguage\":\"de\",\"@id\":\"https:\\\/\\\/vit2go.net\\\/de\\\/#\\\/schema\\\/logo\\\/image\\\/\",\"url\":\"https:\\\/\\\/vit2go.net\\\/wp-content\\\/uploads\\\/2017\\\/03\\\/Logo-red_700.jpg\",\"contentUrl\":\"https:\\\/\\\/vit2go.net\\\/wp-content\\\/uploads\\\/2017\\\/03\\\/Logo-red_700.jpg\",\"width\":700,\"height\":292,\"caption\":\"vit2go\"},\"image\":{\"@id\":\"https:\\\/\\\/vit2go.net\\\/de\\\/#\\\/schema\\\/logo\\\/image\\\/\"}}]}<\/script>\n<!-- \/ Yoast SEO plugin. -->","yoast_head_json":{"title":"Vit2go Partnern werden und Vorteile bekommen","description":"Sind Sie H\u00e4ndler, Event-Redakteur, Blogger oder Barbesitzer? Entdecken Sie Kooperationsm\u00f6glichkeiten f\u00fcr unsere innovativen, vitaminreichen Trinkpulver.","robots":{"index":"index","follow":"follow","max-snippet":"max-snippet:-1","max-image-preview":"max-image-preview:large","max-video-preview":"max-video-preview:-1"},"canonical":"https:\/\/vit2go.net\/de\/partner\/","og_locale":"de_DE","og_type":"article","og_title":"Vit2go Partnern werden und Vorteile bekommen","og_description":"Sind Sie H\u00e4ndler, Event-Redakteur, Blogger oder Barbesitzer? Entdecken Sie Kooperationsm\u00f6glichkeiten f\u00fcr unsere innovativen, vitaminreichen Trinkpulver.","og_url":"https:\/\/vit2go.net\/de\/partner\/","og_site_name":"Vit2go Online Shop","article_modified_time":"2023-12-01T05:50:39+00:00","og_image":[{"width":1020,"height":361,"url":"https:\/\/vit2go.net\/wp-content\/uploads\/2020\/02\/ger-packs.png","type":"image\/png"}],"twitter_card":"summary_large_image","twitter_misc":{"Gesch\u00e4tzte Lesezeit":"1\u00a0Minute"},"schema":{"@context":"https:\/\/schema.org","@graph":[{"@type":"WebPage","@id":"https:\/\/vit2go.net\/de\/partner\/","url":"https:\/\/vit2go.net\/de\/partner\/","name":"Vit2go Partnern werden und Vorteile bekommen","isPartOf":{"@id":"https:\/\/vit2go.net\/de\/#website"},"primaryImageOfPage":{"@id":"https:\/\/vit2go.net\/de\/partner\/#primaryimage"},"image":{"@id":"https:\/\/vit2go.net\/de\/partner\/#primaryimage"},"thumbnailUrl":"https:\/\/vit2go.net\/wp-content\/uploads\/2020\/02\/ger-packs.png","datePublished":"2018-10-16T12:21:20+00:00","dateModified":"2023-12-01T05:50:39+00:00","description":"Sind Sie H\u00e4ndler, Event-Redakteur, Blogger oder Barbesitzer? Entdecken Sie Kooperationsm\u00f6glichkeiten f\u00fcr unsere innovativen, vitaminreichen Trinkpulver.","breadcrumb":{"@id":"https:\/\/vit2go.net\/de\/partner\/#breadcrumb"},"inLanguage":"de","potentialAction":[{"@type":"ReadAction","target":["https:\/\/vit2go.net\/de\/partner\/"]}]},{"@type":"ImageObject","inLanguage":"de","@id":"https:\/\/vit2go.net\/de\/partner\/#primaryimage","url":"https:\/\/vit2go.net\/wp-content\/uploads\/2020\/02\/ger-packs.png","contentUrl":"https:\/\/vit2go.net\/wp-content\/uploads\/2020\/02\/ger-packs.png","width":1020,"height":361},{"@type":"BreadcrumbList","@id":"https:\/\/vit2go.net\/de\/partner\/#breadcrumb","itemListElement":[{"@type":"ListItem","position":1,"name":"Home","item":"https:\/\/vit2go.net\/de\/"},{"@type":"ListItem","position":2,"name":"Partner"}]},{"@type":"WebSite","@id":"https:\/\/vit2go.net\/de\/#website","url":"https:\/\/vit2go.net\/de\/","name":"Vit2go Online Shop","description":"FAQs  - H\u00e4ufig gestellte Fragen \u00fcber unsere Produkte","publisher":{"@id":"https:\/\/vit2go.net\/de\/#organization"},"potentialAction":[{"@type":"SearchAction","target":{"@type":"EntryPoint","urlTemplate":"https:\/\/vit2go.net\/de\/?s={search_term_string}"},"query-input":{"@type":"PropertyValueSpecification","valueRequired":true,"valueName":"search_term_string"}}],"inLanguage":"de"},{"@type":"Organization","@id":"https:\/\/vit2go.net\/de\/#organization","name":"vit2go","url":"https:\/\/vit2go.net\/de\/","logo":{"@type":"ImageObject","inLanguage":"de","@id":"https:\/\/vit2go.net\/de\/#\/schema\/logo\/image\/","url":"https:\/\/vit2go.net\/wp-content\/uploads\/2017\/03\/Logo-red_700.jpg","contentUrl":"https:\/\/vit2go.net\/wp-content\/uploads\/2017\/03\/Logo-red_700.jpg","width":700,"height":292,"caption":"vit2go"},"image":{"@id":"https:\/\/vit2go.net\/de\/#\/schema\/logo\/image\/"}}]}},"_links":{"self":[{"href":"https:\/\/vit2go.net\/de\/wp-json\/wp\/v2\/pages\/12703","targetHints":{"allow":["GET"]}}],"collection":[{"href":"https:\/\/vit2go.net\/de\/wp-json\/wp\/v2\/pages"}],"about":[{"href":"https:\/\/vit2go.net\/de\/wp-json\/wp\/v2\/types\/page"}],"author":[{"embeddable":true,"href":"https:\/\/vit2go.net\/de\/wp-json\/wp\/v2\/users\/161"}],"replies":[{"embeddable":true,"href":"https:\/\/vit2go.net\/de\/wp-json\/wp\/v2\/comments?post=12703"}],"version-history":[{"count":0,"href":"https:\/\/vit2go.net\/de\/wp-json\/wp\/v2\/pages\/12703\/revisions"}],"wp:featuredmedia":[{"embeddable":true,"href":"https:\/\/vit2go.net\/de\/wp-json\/wp\/v2\/media\/25295"}],"wp:attachment":[{"href":"https:\/\/vit2go.net\/de\/wp-json\/wp\/v2\/media?parent=12703"}],"curies":[{"name":"wp","href":"https:\/\/api.w.org\/{rel}","templated":true}]}}